{"id":1895,"date":"2017-12-08T09:18:56","date_gmt":"2017-12-08T08:18:56","guid":{"rendered":"https:\/\/www.premiumdent.hr\/strucni-tim\/"},"modified":"2023-04-27T11:29:15","modified_gmt":"2023-04-27T10:29:15","slug":"strokovna-ekipa","status":"publish","type":"page","link":"https:\/\/www.premiumdent.hr\/sl\/strokovna-ekipa\/","title":{"rendered":"Strokovna ekipa"},"content":{"rendered":"<p><div class=\"fusion-fullwidth fullwidth-box fusion-builder-row-1 nonhundred-percent-fullwidth non-hundred-percent-height-scrolling fusion-equal-height-columns\" style=\"background-color: rgba(255,255,255,0);background-position: center center;background-repeat: no-repeat;padding-top:5px;padding-right:0px;padding-bottom:5px;padding-left:0px;margin-bottom: 0px;margin-top: 0px;border-width: 0px 0px 0px 0px;border-color:#eae9e9;border-style:solid;\" ><div class=\"fusion-builder-row fusion-row\"><div class=\"fusion-layout-column fusion_builder_column fusion-builder-column-0 fusion_builder_column_1_3 1_3 fusion-one-third fusion-column-first fusion-column-inner-bg-wrapper\" style=\"width:33.333333333333%;width:calc(33.333333333333% - ( ( 4% + 4% ) * 0.33333333333333 ) );margin-right: 4%;margin-top:20px;margin-bottom:20px;\"><div class=\"fusion-column-wrapper fusion-flex-column-wrapper-legacy\" style=\"padding: 20px 20px 20px 20px;\"><span class=\" fusion-imageframe imageframe-none imageframe-1 hover-type-zoomin\"><a href=\"http:\/\/www.premiumdent.hr\/wp-content\/uploads\/2018\/03\/02-clan-tima-600-800x800.jpg\" class=\"fusion-lightbox\" data-rel=\"iLightbox[01817c4c047a3411d37]\" title=\"Robert \u0160alinovi\u0107, dr.med.dent., spec. ortodoncije\"><img decoding=\"async\" width=\"600\" height=\"600\" alt=\"Robert \u0160alinovi\u0107, dr.med.dent., spec. ortodoncije\" src=\"http:\/\/www.premiumdent.hr\/wp-content\/uploads\/2018\/03\/02-clan-tima-600-600x600.jpg\" class=\"img-responsive wp-image-1903\" srcset=\"https:\/\/www.premiumdent.hr\/wp-content\/uploads\/2018\/03\/02-clan-tima-600-200x200.jpg 200w, https:\/\/www.premiumdent.hr\/wp-content\/uploads\/2018\/03\/02-clan-tima-600-400x400.jpg 400w, https:\/\/www.premiumdent.hr\/wp-content\/uploads\/2018\/03\/02-clan-tima-600-600x600.jpg 600w, https:\/\/www.premiumdent.hr\/wp-content\/uploads\/2018\/03\/02-clan-tima-600-800x800.jpg 800w, https:\/\/www.premiumdent.hr\/wp-content\/uploads\/2018\/03\/02-clan-tima-600.jpg 1080w\" sizes=\"(max-width: 800px) 100vw, 400px\" \/><\/a><\/span><style type=\"text\/css\"><\/style><div class=\"fusion-title title fusion-title-1 fusion-sep-none fusion-title-center fusion-title-text fusion-title-size-two\" style=\"margin-top:10px;margin-right:0px;margin-bottom:21px;margin-left:0px;\"><h2 class=\"title-heading-center\" style=\"margin:0;\"><span style=\"color: #ffffff;\">Robert \u0160alinovi\u0107<\/span><\/p>\n<h4 style=\"color: #ffffff;\">dr.med.dent., spec. ortodontije<\/h4><\/h2><\/div><div class=\"fusion-text fusion-text-1\"><p><span style=\"color: #ffffff;\">Podro\u010dja estetsko zobozdravstvo.<\/span><\/p>\n<p><span style=\"color: #ffffff;\"><a style=\"color: #ffffff;\" href=\"https:\/\/www.premiumdent.hr\/strucni-tim\/robert-salinovic\/\">Detaljnije&#8230;<\/a><\/span><\/p>\n<\/div><div class=\"fusion-clearfix\"><\/div><\/div><span class=\"fusion-column-inner-bg hover-type-none\"><a href=\"\/sl\/strokovna-ekipa\/robert-salinovic\/\"><span class=\"fusion-column-inner-bg-image\" style=\"background-color:#431f32;background-position:left top;background-repeat:no-repeat;-webkit-background-size:cover;-moz-background-size:cover;-o-background-size:cover;background-size:cover;\"><\/span><\/a><\/span><\/div><div class=\"fusion-layout-column fusion_builder_column fusion-builder-column-1 fusion_builder_column_1_3 1_3 fusion-one-third fusion-column-inner-bg-wrapper\" style=\"width:33.333333333333%;width:calc(33.333333333333% - ( ( 4% + 4% ) * 0.33333333333333 ) );margin-right: 4%;margin-top:20px;margin-bottom:20px;\"><div class=\"fusion-column-wrapper fusion-flex-column-wrapper-legacy\" style=\"padding: 20px 20px 20px 20px;\"><span class=\" fusion-imageframe imageframe-none imageframe-2 hover-type-zoomin\"><a href=\"http:\/\/www.premiumdent.hr\/wp-content\/uploads\/2018\/03\/03-clan-tima-600x600.jpg\" class=\"fusion-lightbox\" data-rel=\"iLightbox[955ef728f673b0f75ee]\" title=\"Josipa Todori\u0107, univ.mag.med.dent., spec. parodontologije\"><img decoding=\"async\" width=\"800\" height=\"800\" alt=\"Josipa Todori\u0107, univ.mag.med.dent., spec. parodontologije\" src=\"http:\/\/www.premiumdent.hr\/wp-content\/uploads\/2018\/03\/03-clan-tima-800x800.jpg\" class=\"img-responsive wp-image-1902\" srcset=\"https:\/\/www.premiumdent.hr\/wp-content\/uploads\/2018\/03\/03-clan-tima-200x200.jpg 200w, https:\/\/www.premiumdent.hr\/wp-content\/uploads\/2018\/03\/03-clan-tima-400x400.jpg 400w, https:\/\/www.premiumdent.hr\/wp-content\/uploads\/2018\/03\/03-clan-tima-600x600.jpg 600w, https:\/\/www.premiumdent.hr\/wp-content\/uploads\/2018\/03\/03-clan-tima-800x800.jpg 800w, https:\/\/www.premiumdent.hr\/wp-content\/uploads\/2018\/03\/03-clan-tima.jpg 1080w\" sizes=\"(max-width: 800px) 100vw, 400px\" \/><\/a><\/span><style type=\"text\/css\"><\/style><div class=\"fusion-title title fusion-title-2 fusion-sep-none fusion-title-center fusion-title-text fusion-title-size-two\" style=\"margin-top:10px;margin-right:0px;margin-bottom:21px;margin-left:0px;\"><h2 class=\"title-heading-center\" style=\"margin:0;\"><span style=\"color: #ffffff;\">Josipa Todori\u0107<\/span><\/p>\n<h4 style=\"color: #ffffff;\">univ.mag.med.dent., spec. parodontologije<\/h4><\/h2><\/div><div class=\"fusion-text fusion-text-2\"><p><span style=\"color: #ffffff;\">Podro\u010dja estetsko zobozdravstvo.<\/span><\/p>\n<p><span style=\"color: #ffffff;\"><a style=\"color: #ffffff;\" href=\"https:\/\/www.premiumdent.hr\/strucni-tim\/josipa-todoric\/\">Detaljnije&#8230;<\/a><\/span><\/p>\n<\/div><div class=\"fusion-clearfix\"><\/div><\/div><span class=\"fusion-column-inner-bg hover-type-none\"><a href=\"\/sl\/strokovna-ekipa\/josipa-todoric\/\"><span class=\"fusion-column-inner-bg-image\" style=\"background-color:#431f32;background-position:left top;background-repeat:no-repeat;-webkit-background-size:cover;-moz-background-size:cover;-o-background-size:cover;background-size:cover;\"><\/span><\/a><\/span><\/div><div class=\"fusion-layout-column fusion_builder_column fusion-builder-column-2 fusion_builder_column_1_3 1_3 fusion-one-third fusion-column-last fusion-column-inner-bg-wrapper\" style=\"width:33.333333333333%;width:calc(33.333333333333% - ( ( 4% + 4% ) * 0.33333333333333 ) );margin-top:20px;margin-bottom:20px;\"><div class=\"fusion-column-wrapper fusion-flex-column-wrapper-legacy\" style=\"padding: 20px 20px 20px 20px;\"><span class=\" fusion-imageframe imageframe-none imageframe-3 hover-type-zoomin\"><a href=\"https:\/\/www.premiumdent.hr\/wp-content\/uploads\/2023\/02\/darko-slovsa-tim.jpg\" class=\"fusion-lightbox\" data-rel=\"iLightbox[3c88a95e44a6eb22cbc]\" data-title=\"darko-slovsa-tim\" title=\"darko-slovsa-tim\"><img decoding=\"async\" width=\"600\" height=\"600\" alt=\"Dr.sc. MOM Implantology M.sc. Darko Slov\u0161a dr.med.dent.\" src=\"https:\/\/www.premiumdent.hr\/wp-content\/uploads\/2023\/02\/darko-slovsa-tim.jpg\" class=\"img-responsive wp-image-2177\" srcset=\"https:\/\/www.premiumdent.hr\/wp-content\/uploads\/2023\/02\/darko-slovsa-tim-200x200.jpg 200w, https:\/\/www.premiumdent.hr\/wp-content\/uploads\/2023\/02\/darko-slovsa-tim-400x400.jpg 400w, https:\/\/www.premiumdent.hr\/wp-content\/uploads\/2023\/02\/darko-slovsa-tim.jpg 600w\" sizes=\"(max-width: 800px) 100vw, 400px\" \/><\/a><\/span><style type=\"text\/css\"><\/style><div class=\"fusion-title title fusion-title-3 fusion-sep-none fusion-title-center fusion-title-text fusion-title-size-two\" style=\"margin-top:10px;margin-right:0px;margin-bottom:21px;margin-left:0px;\"><h2 class=\"title-heading-center\" style=\"margin:0;\"><span style=\"color: #ffffff;\">Darko Slov\u0161a<\/span><\/p>\n<h4 style=\"color: #ffffff;\">udr.med.dent., spec. oralne kirurgije i implantologije<\/h4><\/h2><\/div><div class=\"fusion-text fusion-text-3\"><p><span style=\"color: #ffffff;\">Podro\u010dja oralne kirurgije i implantologije.<\/span><\/p>\n<p><span style=\"color: #ffffff;\"><a style=\"color: #ffffff;\" href=\"https:\/\/www.premiumdent.hr\/strucni-tim\/josipa-todoric\/\">Detaljnije&#8230;<\/a><\/span><\/p>\n<\/div><div class=\"fusion-clearfix\"><\/div><\/div><span class=\"fusion-column-inner-bg hover-type-none\"><a href=\"https:\/\/www.premiumdent.hr\/sl\/strokovna-ekipa\/darko-slovsa\/\"><span class=\"fusion-column-inner-bg-image\" style=\"background-color:#431f32;background-position:left top;background-repeat:no-repeat;-webkit-background-size:cover;-moz-background-size:cover;-o-background-size:cover;background-size:cover;\"><\/span><\/a><\/span><\/div><div class=\"fusion-layout-column fusion_builder_column fusion-builder-column-3 fusion_builder_column_1_3 1_3 fusion-one-third fusion-column-first fusion-column-inner-bg-wrapper\" style=\"width:33.333333333333%;width:calc(33.333333333333% - ( ( 4% + 4% ) * 0.33333333333333 ) );margin-right: 4%;margin-top:20px;margin-bottom:20px;\"><div class=\"fusion-column-wrapper fusion-flex-column-wrapper-legacy\" style=\"padding: 20px 20px 20px 20px;\"><span class=\" fusion-imageframe imageframe-none imageframe-4 hover-type-zoomin\"><a href=\"https:\/\/www.premiumdent.hr\/wp-content\/uploads\/2023\/02\/sara-cekalovic-tim.jpg\" class=\"fusion-lightbox\" data-rel=\"iLightbox[1d5a4b84119fa7e59ce]\" data-title=\"sara-cekalovic-tim\" title=\"sara-cekalovic-tim\"><img decoding=\"async\" width=\"1080\" height=\"1080\" alt=\"Sara \u010cekalovi\u0107 Agovi\u0107, dr.med.dent\" src=\"https:\/\/www.premiumdent.hr\/wp-content\/uploads\/2023\/02\/sara-cekalovic-tim.jpg\" class=\"img-responsive wp-image-2237\" srcset=\"https:\/\/www.premiumdent.hr\/wp-content\/uploads\/2023\/02\/sara-cekalovic-tim-200x200.jpg 200w, https:\/\/www.premiumdent.hr\/wp-content\/uploads\/2023\/02\/sara-cekalovic-tim-400x400.jpg 400w, https:\/\/www.premiumdent.hr\/wp-content\/uploads\/2023\/02\/sara-cekalovic-tim-600x600.jpg 600w, https:\/\/www.premiumdent.hr\/wp-content\/uploads\/2023\/02\/sara-cekalovic-tim-800x800.jpg 800w, https:\/\/www.premiumdent.hr\/wp-content\/uploads\/2023\/02\/sara-cekalovic-tim.jpg 1080w\" sizes=\"(max-width: 800px) 100vw, 400px\" \/><\/a><\/span><style type=\"text\/css\"><\/style><div class=\"fusion-title title fusion-title-4 fusion-sep-none fusion-title-center fusion-title-text fusion-title-size-two\" style=\"margin-top:10px;margin-right:0px;margin-bottom:21px;margin-left:0px;\"><h2 class=\"title-heading-center\" style=\"margin:0;\"><span style=\"color: #ffffff;\">Sara \u010cekalovi\u0107 Agovi\u0107<\/span><\/p>\n<h4 style=\"color: #ffffff;\">dr.med.dent<\/h4><\/h2><\/div><div class=\"fusion-text fusion-text-4\"><p><span style=\"color: #ffffff;\">Podru\u010dja ortodoncije i estetske stomatologija<\/span><\/p>\n<p><span style=\"color: #ffffff;\"><a style=\"color: #ffffff;\" href=\"https:\/\/www.premiumdent.hr\/strucni-tim\/sara-cekalovic-agovic-dr-med-dent\/\">Detaljnije&#8230;<\/a><\/span><\/p>\n<\/div><div class=\"fusion-clearfix\"><\/div><\/div><span class=\"fusion-column-inner-bg hover-type-none\"><a href=\"https:\/\/www.premiumdent.hr\/sl\/strokovna-ekipa\/sara-cekalovic-agovic-dr-med-dent\/\"><span class=\"fusion-column-inner-bg-image\" style=\"background-color:#431f32;background-position:left top;background-repeat:no-repeat;-webkit-background-size:cover;-moz-background-size:cover;-o-background-size:cover;background-size:cover;\"><\/span><\/a><\/span><\/div><div class=\"fusion-layout-column fusion_builder_column fusion-builder-column-4 fusion_builder_column_1_3 1_3 fusion-one-third fusion-column-inner-bg-wrapper\" style=\"width:33.333333333333%;width:calc(33.333333333333% - ( ( 4% + 4% ) * 0.33333333333333 ) );margin-right: 4%;margin-top:20px;margin-bottom:20px;\"><div class=\"fusion-column-wrapper fusion-flex-column-wrapper-legacy\" style=\"padding: 20px 20px 20px 20px;\"><span class=\" fusion-imageframe imageframe-none imageframe-5 hover-type-zoomin\"><a href=\"https:\/\/www.premiumdent.hr\/wp-content\/uploads\/2023\/04\/ivana-cizmic-premiumdent.jpg\" class=\"fusion-lightbox\" data-rel=\"iLightbox[c898ec34e708e5bd6c2]\" data-title=\"ivana-cizmic-premiumdent\" title=\"ivana-cizmic-premiumdent\"><img decoding=\"async\" width=\"1080\" height=\"1080\" alt=\"Ivana \u010cizmi\u0107, dr.med.dent.\" src=\"https:\/\/www.premiumdent.hr\/wp-content\/uploads\/2023\/04\/ivana-cizmic-premiumdent.jpg\" class=\"img-responsive wp-image-2258\" srcset=\"https:\/\/www.premiumdent.hr\/wp-content\/uploads\/2023\/04\/ivana-cizmic-premiumdent-200x200.jpg 200w, https:\/\/www.premiumdent.hr\/wp-content\/uploads\/2023\/04\/ivana-cizmic-premiumdent-400x400.jpg 400w, https:\/\/www.premiumdent.hr\/wp-content\/uploads\/2023\/04\/ivana-cizmic-premiumdent-600x600.jpg 600w, https:\/\/www.premiumdent.hr\/wp-content\/uploads\/2023\/04\/ivana-cizmic-premiumdent-800x800.jpg 800w, https:\/\/www.premiumdent.hr\/wp-content\/uploads\/2023\/04\/ivana-cizmic-premiumdent.jpg 1080w\" sizes=\"(max-width: 800px) 100vw, 400px\" \/><\/a><\/span><style type=\"text\/css\"><\/style><div class=\"fusion-title title fusion-title-5 fusion-sep-none fusion-title-center fusion-title-text fusion-title-size-two\" style=\"margin-top:10px;margin-right:0px;margin-bottom:21px;margin-left:0px;\"><h2 class=\"title-heading-center\" style=\"margin:0;\"><span style=\"color: #ffffff;\">Ivana \u010cizmi\u0107<\/span><\/p>\n<h4 style=\"color: #ffffff;\">dr.med.dent<\/h4><\/h2><\/div><div class=\"fusion-text fusion-text-5\"><p><span style=\"color: #ffffff;\">Podru\u010dje stomatologije<\/span><\/p>\n<p><span style=\"color: #ffffff;\"><a style=\"color: #ffffff;\" href=\"https:\/\/www.premiumdent.hr\/strucni-tim\/ivana-cizmic-dr-med-dent\/\">Detaljnije&#8230;<\/a><\/span><\/p>\n<\/div><div class=\"fusion-clearfix\"><\/div><\/div><span class=\"fusion-column-inner-bg hover-type-none\"><a href=\"https:\/\/www.premiumdent.hr\/sl\/strokovna-ekipa\/ivana-cizmic-dr-med-dent\/\"><span class=\"fusion-column-inner-bg-image\" style=\"background-color:#431f32;background-position:left top;background-repeat:no-repeat;-webkit-background-size:cover;-moz-background-size:cover;-o-background-size:cover;background-size:cover;\"><\/span><\/a><\/span><\/div><div class=\"fusion-layout-column fusion_builder_column fusion-builder-column-5 fusion_builder_column_1_3 1_3 fusion-one-third fusion-column-last fusion-column-inner-bg-wrapper\" style=\"width:33.333333333333%;width:calc(33.333333333333% - ( ( 4% + 4% ) * 0.33333333333333 ) );margin-top:20px;margin-bottom:20px;\"><div class=\"fusion-column-wrapper fusion-flex-column-wrapper-legacy\" style=\"padding: 20px 20px 20px 20px;\"><span class=\" fusion-imageframe imageframe-none imageframe-6 hover-type-zoomin\"><a href=\"http:\/\/www.premiumdent.hr\/wp-content\/uploads\/2018\/03\/07-clan-tima-600x600.jpg\" class=\"fusion-lightbox\" data-rel=\"iLightbox[76a07b2f34bac516e0d]\" title=\"Ivona Igerc, dr.med.dent\"><img decoding=\"async\" width=\"800\" height=\"800\" alt=\"Ivona Igerc, dr.med.dent\" src=\"http:\/\/www.premiumdent.hr\/wp-content\/uploads\/2018\/03\/07-clan-tima-800x800.jpg\" class=\"img-responsive wp-image-1901\" srcset=\"https:\/\/www.premiumdent.hr\/wp-content\/uploads\/2018\/03\/07-clan-tima-200x200.jpg 200w, https:\/\/www.premiumdent.hr\/wp-content\/uploads\/2018\/03\/07-clan-tima-400x400.jpg 400w, https:\/\/www.premiumdent.hr\/wp-content\/uploads\/2018\/03\/07-clan-tima-600x600.jpg 600w, https:\/\/www.premiumdent.hr\/wp-content\/uploads\/2018\/03\/07-clan-tima-800x800.jpg 800w, https:\/\/www.premiumdent.hr\/wp-content\/uploads\/2018\/03\/07-clan-tima.jpg 1080w\" sizes=\"(max-width: 800px) 100vw, 400px\" \/><\/a><\/span><style type=\"text\/css\"><\/style><div class=\"fusion-title title fusion-title-6 fusion-sep-none fusion-title-center fusion-title-text fusion-title-size-two\" style=\"margin-top:10px;margin-right:0px;margin-bottom:21px;margin-left:0px;\"><h2 class=\"title-heading-center\" style=\"margin:0;\"><span style=\"color: #ffffff;\">Ivona Igerc<\/span><\/p>\n<h4 style=\"color: #ffffff;\">dr.med.dent<\/h4><\/h2><\/div><div class=\"fusion-text fusion-text-6\"><p><span style=\"color: #ffffff;\">Podro\u010dja estetsko zobozdravstvo.<\/span><\/p>\n<p><span style=\"color: #ffffff;\"><a style=\"color: #ffffff;\" href=\"https:\/\/www.premiumdent.hr\/strucni-tim\/ivona-igerc\/\">Detaljnije&#8230;<\/a><\/span><\/p>\n<\/div><div class=\"fusion-clearfix\"><\/div><\/div><span class=\"fusion-column-inner-bg hover-type-none\"><a href=\"\/strucni-tim\/ivona-igerc\/\"><span class=\"fusion-column-inner-bg-image\" style=\"background-color:#431f32;background-position:left top;background-repeat:no-repeat;-webkit-background-size:cover;-moz-background-size:cover;-o-background-size:cover;background-size:cover;\"><\/span><\/a><\/span><\/div><div class=\"fusion-layout-column fusion_builder_column fusion-builder-column-6 fusion_builder_column_1_3 1_3 fusion-one-third fusion-column-first fusion-column-inner-bg-wrapper\" style=\"width:33.333333333333%;width:calc(33.333333333333% - ( ( 4% ) * 0.33333333333333 ) );margin-right: 4%;margin-top:20px;margin-bottom:20px;\"><div class=\"fusion-column-wrapper fusion-flex-column-wrapper-legacy\" style=\"padding: 20px 20px 20px 20px;\"><span class=\" fusion-imageframe imageframe-none imageframe-7 hover-type-zoomin\"><a href=\"https:\/\/www.premiumdent.hr\/wp-content\/uploads\/2023\/04\/antonela-bazina-premiumdent.jpg\" class=\"fusion-lightbox\" data-rel=\"iLightbox[cf810f88f4b6b6c9bcb]\" data-title=\"antonela-bazina-premiumdent\" title=\"antonela-bazina-premiumdent\"><img decoding=\"async\" width=\"1080\" height=\"1080\" alt=\"Dr. med. Antonela Bazina, spec. neurologije\" src=\"https:\/\/www.premiumdent.hr\/wp-content\/uploads\/2023\/04\/antonela-bazina-premiumdent.jpg\" class=\"img-responsive wp-image-2290\" srcset=\"https:\/\/www.premiumdent.hr\/wp-content\/uploads\/2023\/04\/antonela-bazina-premiumdent-200x200.jpg 200w, https:\/\/www.premiumdent.hr\/wp-content\/uploads\/2023\/04\/antonela-bazina-premiumdent-400x400.jpg 400w, https:\/\/www.premiumdent.hr\/wp-content\/uploads\/2023\/04\/antonela-bazina-premiumdent-600x600.jpg 600w, https:\/\/www.premiumdent.hr\/wp-content\/uploads\/2023\/04\/antonela-bazina-premiumdent-800x800.jpg 800w, https:\/\/www.premiumdent.hr\/wp-content\/uploads\/2023\/04\/antonela-bazina-premiumdent.jpg 1080w\" sizes=\"(max-width: 800px) 100vw, 400px\" \/><\/a><\/span><style type=\"text\/css\"><\/style><div class=\"fusion-title title fusion-title-7 fusion-sep-none fusion-title-center fusion-title-text fusion-title-size-two\" style=\"margin-top:10px;margin-right:0px;margin-bottom:21px;margin-left:0px;\"><h2 class=\"title-heading-center\" style=\"margin:0;\"><span style=\"color: #ffffff;\">Dr. med. Antonela Bazina,<\/span><\/p>\n<h4 style=\"color: #ffffff;\">spec. neurologije<\/h4><\/h2><\/div><div class=\"fusion-text fusion-text-7\"><p><span style=\"color: #ffffff;\">Podru\u010dje medicine<\/span><\/p>\n<p><span style=\"color: #ffffff;\"><a style=\"color: #ffffff;\" href=\"https:\/\/www.premiumdent.hr\/sl\/strokovna-ekipa\/dr-med-antonela-bazina-spec-neurologije\/\">Detaljnije&#8230;<\/a><\/span><\/p>\n<\/div><div class=\"fusion-clearfix\"><\/div><\/div><span class=\"fusion-column-inner-bg hover-type-none\"><a href=\"https:\/\/www.premiumdent.hr\/sl\/strokovna-ekipa\/dr-med-antonela-bazina-spec-neurologije\/\"><span class=\"fusion-column-inner-bg-image\" style=\"background-color:#431f32;background-position:left top;background-repeat:no-repeat;-webkit-background-size:cover;-moz-background-size:cover;-o-background-size:cover;background-size:cover;\"><\/span><\/a><\/span><\/div><\/div><\/div><div class=\"fusion-fullwidth fullwidth-box fusion-builder-row-2 nonhundred-percent-fullwidth non-hundred-percent-height-scrolling\" style=\"background-color: rgba(255,255,255,0);background-position: center center;background-repeat: no-repeat;padding-top:5px;padding-right:0px;padding-bottom:5px;padding-left:0px;margin-bottom: 0px;margin-top: 0px;border-width: 0px 0px 0px 0px;border-color:#eae9e9;border-style:solid;\" ><div class=\"fusion-builder-row fusion-row\"><div class=\"fusion-layout-column fusion_builder_column fusion-builder-column-7 fusion_builder_column_1_1 1_1 fusion-one-full fusion-column-first fusion-column-last\" style=\"margin-top:20px;margin-bottom:20px;\"><div class=\"fusion-column-wrapper fusion-flex-column-wrapper-legacy\" style=\"background-position:left top;background-repeat:no-repeat;-webkit-background-size:cover;-moz-background-size:cover;-o-background-size:cover;background-size:cover;padding: 0px 0px 0px 0px;\"><style type=\"text\/css\"><\/style><div class=\"fusion-title title fusion-title-8 fusion-sep-none fusion-title-text fusion-title-size-three\" style=\"margin-top:10px;margin-right:0px;margin-bottom:21px;margin-left:0px;\"><h3 class=\"title-heading-left\" style=\"margin:0;\">Ostali sodelavci<\/h3><\/div><div class=\"fusion-clearfix\"><\/div><\/div><\/div><\/div><\/div><\/p>\n","protected":false},"excerpt":{"rendered":"","protected":false},"author":1,"featured_media":0,"parent":0,"menu_order":0,"comment_status":"closed","ping_status":"closed","template":"","meta":[],"aioseo_notices":[],"_links":{"self":[{"href":"https:\/\/www.premiumdent.hr\/sl\/wp-json\/wp\/v2\/pages\/1895\/"}],"collection":[{"href":"https:\/\/www.premiumdent.hr\/sl\/wp-json\/wp\/v2\/pages\/"}],"about":[{"href":"https:\/\/www.premiumdent.hr\/sl\/wp-json\/wp\/v2\/types\/page\/"}],"author":[{"embeddable":true,"href":"https:\/\/www.premiumdent.hr\/sl\/wp-json\/wp\/v2\/users\/1\/"}],"replies":[{"embeddable":true,"href":"https:\/\/www.premiumdent.hr\/sl\/wp-json\/wp\/v2\/comments\/?post=1895"}],"version-history":[{"count":24,"href":"https:\/\/www.premiumdent.hr\/sl\/wp-json\/wp\/v2\/pages\/1895\/revisions\/"}],"predecessor-version":[{"id":2303,"href":"https:\/\/www.premiumdent.hr\/sl\/wp-json\/wp\/v2\/pages\/1895\/revisions\/2303\/"}],"wp:attachment":[{"href":"https:\/\/www.premiumdent.hr\/sl\/wp-json\/wp\/v2\/media\/?parent=1895"}],"curies":[{"name":"wp","href":"https:\/\/api.w.org\/{rel}","templated":true}]}}