{"id":1849,"date":"2017-12-08T09:37:14","date_gmt":"2017-12-08T08:37:14","guid":{"rendered":"https:\/\/www.premiumdent.hr\/lifting-zatezanje-lica\/"},"modified":"2019-05-20T07:31:56","modified_gmt":"2019-05-20T06:31:56","slug":"facelift-dvig-obraza","status":"publish","type":"page","link":"https:\/\/www.premiumdent.hr\/sl\/lepotna-kirurgija\/facelift-dvig-obraza\/","title":{"rendered":"Dvig obraza (facelift)"},"content":{"rendered":"<div class=\"fusion-fullwidth fullwidth-box fusion-builder-row-1 nonhundred-percent-fullwidth non-hundred-percent-height-scrolling\" style=\"background-color: rgba(255,255,255,0);background-position: center center;background-repeat: no-repeat;padding-top:5px;padding-right:0px;padding-bottom:5px;padding-left:0px;margin-bottom: 0px;margin-top: 0px;border-width: 0px 0px 0px 0px;border-color:#eae9e9;border-style:solid;\" ><div class=\"fusion-builder-row fusion-row\"><div class=\"fusion-layout-column fusion_builder_column fusion-builder-column-0 fusion_builder_column_1_1 1_1 fusion-one-full fusion-column-first fusion-column-last\" style=\"margin-top:0px;margin-bottom:0px;\"><div class=\"fusion-column-wrapper fusion-flex-column-wrapper-legacy\" style=\"background-position:left top;background-repeat:no-repeat;-webkit-background-size:cover;-moz-background-size:cover;-o-background-size:cover;background-size:cover;padding: 0px 0px 0px 0px;\"><div class=\"fusion-text fusion-text-1\"><p>Dvig obraza je lepotni kirur\u0161ki poseg nategovanja in dviganja ko\u017ee obraza, ki uspe\u0161no odpravlja znake staranja in vra\u010da mladosten videz obraza. Cilj je dvigniti li\u010dnice in koti\u010dke ust, odstraniti vi\u0161ek ko\u017ee in eventualno izvesti pove\u010danje z lastnim ma\u0161\u010dobnimi celicami, da bi pridobili optimalno polnost obraza. Uporabljamo minimalno invazivno metodo kratke brazgotine, idealen pacient pa je med 45. in 55. letom starosti.<\/p>\n<p>Kon\u010den u\u010dinek je viden po mesecu dni.<\/p>\n<\/div><div class=\"fusion-clearfix\"><\/div><\/div><\/div><\/div><\/div>\n","protected":false},"excerpt":{"rendered":"","protected":false},"author":1,"featured_media":0,"parent":1809,"menu_order":0,"comment_status":"closed","ping_status":"closed","template":"","meta":[],"aioseo_notices":[],"_links":{"self":[{"href":"https:\/\/www.premiumdent.hr\/sl\/wp-json\/wp\/v2\/pages\/1849\/"}],"collection":[{"href":"https:\/\/www.premiumdent.hr\/sl\/wp-json\/wp\/v2\/pages\/"}],"about":[{"href":"https:\/\/www.premiumdent.hr\/sl\/wp-json\/wp\/v2\/types\/page\/"}],"author":[{"embeddable":true,"href":"https:\/\/www.premiumdent.hr\/sl\/wp-json\/wp\/v2\/users\/1\/"}],"replies":[{"embeddable":true,"href":"https:\/\/www.premiumdent.hr\/sl\/wp-json\/wp\/v2\/comments\/?post=1849"}],"version-history":[{"count":2,"href":"https:\/\/www.premiumdent.hr\/sl\/wp-json\/wp\/v2\/pages\/1849\/revisions\/"}],"predecessor-version":[{"id":1851,"href":"https:\/\/www.premiumdent.hr\/sl\/wp-json\/wp\/v2\/pages\/1849\/revisions\/1851\/"}],"up":[{"embeddable":true,"href":"https:\/\/www.premiumdent.hr\/sl\/wp-json\/wp\/v2\/pages\/1809\/"}],"wp:attachment":[{"href":"https:\/\/www.premiumdent.hr\/sl\/wp-json\/wp\/v2\/media\/?parent=1849"}],"curies":[{"name":"wp","href":"https:\/\/api.w.org\/{rel}","templated":true}]}}