{"id":1846,"date":"2017-12-08T09:36:40","date_gmt":"2017-12-08T08:36:40","guid":{"rendered":"https:\/\/www.premiumdent.hr\/korekcija-nosa\/"},"modified":"2019-05-20T07:30:43","modified_gmt":"2019-05-20T06:30:43","slug":"korekcija-nosa","status":"publish","type":"page","link":"https:\/\/www.premiumdent.hr\/sl\/lepotna-kirurgija\/korekcija-nosa\/","title":{"rendered":"Korekcija nosu"},"content":{"rendered":"<p>Rinoplastika je plasti\u010dna operacija nosu, ki popravlja hrustan\u010dni ali kostni del nosu s ciljem doseganja harmonije med nosom in licem. Rinoplastika se opravlja pri osebah starej\u0161ih od 18 let.<\/p>\n<p>Okrevanje po posegu traja 2 tedna, kon\u010den u\u010dinek pa je viden po pribli\u017eno \u0161estih mesecih.<\/p>\n","protected":false},"excerpt":{"rendered":"<p>Rinoplastika je plasti\u010dna operacija nosu, ki popravlja hrustan\u010dni [&hellip;]<\/p>\n","protected":false},"author":1,"featured_media":0,"parent":1809,"menu_order":0,"comment_status":"closed","ping_status":"closed","template":"","meta":[],"aioseo_notices":[],"_links":{"self":[{"href":"https:\/\/www.premiumdent.hr\/sl\/wp-json\/wp\/v2\/pages\/1846\/"}],"collection":[{"href":"https:\/\/www.premiumdent.hr\/sl\/wp-json\/wp\/v2\/pages\/"}],"about":[{"href":"https:\/\/www.premiumdent.hr\/sl\/wp-json\/wp\/v2\/types\/page\/"}],"author":[{"embeddable":true,"href":"https:\/\/www.premiumdent.hr\/sl\/wp-json\/wp\/v2\/users\/1\/"}],"replies":[{"embeddable":true,"href":"https:\/\/www.premiumdent.hr\/sl\/wp-json\/wp\/v2\/comments\/?post=1846"}],"version-history":[{"count":1,"href":"https:\/\/www.premiumdent.hr\/sl\/wp-json\/wp\/v2\/pages\/1846\/revisions\/"}],"predecessor-version":[{"id":1847,"href":"https:\/\/www.premiumdent.hr\/sl\/wp-json\/wp\/v2\/pages\/1846\/revisions\/1847\/"}],"up":[{"embeddable":true,"href":"https:\/\/www.premiumdent.hr\/sl\/wp-json\/wp\/v2\/pages\/1809\/"}],"wp:attachment":[{"href":"https:\/\/www.premiumdent.hr\/sl\/wp-json\/wp\/v2\/media\/?parent=1846"}],"curies":[{"name":"wp","href":"https:\/\/api.w.org\/{rel}","templated":true}]}}