{"id":1814,"date":"2017-12-08T09:15:40","date_gmt":"2017-12-08T08:15:40","guid":{"rendered":"https:\/\/www.premiumdent.hr\/o-nama\/"},"modified":"2019-05-20T09:40:34","modified_gmt":"2019-05-20T08:40:34","slug":"o-nas","status":"publish","type":"page","link":"https:\/\/www.premiumdent.hr\/sl\/o-nas\/","title":{"rendered":"O nas"},"content":{"rendered":"<div class=\"fusion-fullwidth fullwidth-box fusion-builder-row-1 nonhundred-percent-fullwidth non-hundred-percent-height-scrolling\" style=\"background-color: rgba(255,255,255,0);background-position: center center;background-repeat: no-repeat;padding-top:5px;padding-right:0px;padding-bottom:5px;padding-left:0px;margin-bottom: 0px;margin-top: 0px;border-width: 0px 0px 0px 0px;border-color:#eae9e9;border-style:solid;\" ><div class=\"fusion-builder-row fusion-row\"><div class=\"fusion-layout-column fusion_builder_column fusion-builder-column-0 fusion_builder_column_1_2 1_2 fusion-one-half fusion-column-first\" style=\"width:48%; margin-right: 4%;margin-top:0px;margin-bottom:0px;\"><div class=\"fusion-column-wrapper fusion-flex-column-wrapper-legacy\" style=\"background-position:left top;background-repeat:no-repeat;-webkit-background-size:cover;-moz-background-size:cover;-o-background-size:cover;background-size:cover;padding: 0px 0px 0px 0px;\"><div class=\"imageframe-align-center\"><span class=\" fusion-imageframe imageframe-none imageframe-1 hover-type-zoomin\"><a href=\"http:\/\/www.premiumdent.hr\/wp-content\/uploads\/2017\/12\/premium-dent-tim-1200x800.jpg\" class=\"fusion-lightbox\" data-rel=\"iLightbox[7c61086bc8acb07ca78]\" data-title=\"premium-dent-tim\" title=\"premium-dent-tim\"><img decoding=\"async\" width=\"1200\" height=\"800\" alt=\"Tim poliklinike Premium Dent\" src=\"http:\/\/www.premiumdent.hr\/wp-content\/uploads\/2017\/12\/premium-dent-tim-1200x800.jpg\" class=\"img-responsive wp-image-1815\" srcset=\"https:\/\/www.premiumdent.hr\/wp-content\/uploads\/2017\/12\/premium-dent-tim-200x133.jpg 200w, https:\/\/www.premiumdent.hr\/wp-content\/uploads\/2017\/12\/premium-dent-tim-400x267.jpg 400w, https:\/\/www.premiumdent.hr\/wp-content\/uploads\/2017\/12\/premium-dent-tim-600x400.jpg 600w, https:\/\/www.premiumdent.hr\/wp-content\/uploads\/2017\/12\/premium-dent-tim-800x533.jpg 800w, https:\/\/www.premiumdent.hr\/wp-content\/uploads\/2017\/12\/premium-dent-tim.jpg 1200w\" sizes=\"(max-width: 800px) 100vw, 600px\" \/><\/a><\/span><\/div><div class=\"fusion-clearfix\"><\/div><\/div><\/div><div class=\"fusion-layout-column fusion_builder_column fusion-builder-column-1 fusion_builder_column_1_2 1_2 fusion-one-half fusion-column-last\" style=\"width:48%;margin-top:20px;margin-bottom:20px;\"><div class=\"fusion-column-wrapper fusion-flex-column-wrapper-legacy\" style=\"background-position:left top;background-repeat:no-repeat;-webkit-background-size:cover;-moz-background-size:cover;-o-background-size:cover;background-size:cover;padding: 0px 0px 0px 0px;\"><style type=\"text\/css\"><\/style><div class=\"fusion-title title fusion-title-1 fusion-sep-none fusion-title-text fusion-title-size-two\" style=\"margin-top:10px;margin-right:0px;margin-bottom:21px;margin-left:0px;\"><h2 class=\"title-heading-left\" style=\"margin:0;\"><strong>PRE<\/strong><strong>MIUM DENT<\/strong><\/h2><\/div><div class=\"fusion-text fusion-text-1\"><p>PREMIUM DENT je poliklinika za estetsko zobozdravstvo ter lepotno in vaskularno medicino, ki se nahaja v samem centru Zagreba. Urejena je po najmodernej\u0161ih oblikovalskih standardih in opremljena s tehnolo\u0161ko najnovej\u0161o opremo.<\/p>\n<p><strong>Osredoto\u010deni smo na strokovnost, kvaliteto in lepoto\u2026<\/strong><\/p>\n<p>V Polikliniki Premium Dent smo specializirani za zobozdravstveno medicino ter medicinsko kirurgijo. Pri nas delajo vrhunski specialisti iz razli\u010dnih podro\u010dij:<\/p>\n<ul>\n<li><strong>Zobozdravstvene medicine <\/strong>(protetik,\u00a0ortodont,\u00a0oralni kirurg-implantolog,\u00a0paradontolog&#8230;)<\/li>\n<li><strong>Medicinske kirurgije<\/strong> (estetski kirurg,\u00a0vaskularni kirurg)<\/li>\n<\/ul>\n<\/div><div class=\"fusion-clearfix\"><\/div><\/div><\/div><div class=\"fusion-layout-column fusion_builder_column fusion-builder-column-2 fusion_builder_column_1_2 1_2 fusion-one-half fusion-column-first\" style=\"width:50%;width:calc(50% - ( ( 4% ) * 0.5 ) );margin-right: 4%;margin-top:20px;margin-bottom:20px;\"><div class=\"fusion-column-wrapper fusion-flex-column-wrapper-legacy\" style=\"background-position:left top;background-repeat:no-repeat;-webkit-background-size:cover;-moz-background-size:cover;-o-background-size:cover;background-size:cover;padding: 0px 0px 0px 0px;\"><div class=\"fusion-text fusion-text-2\"><div class=\"fusion-title title fusion-title-12 fusion-sep-none fusion-title-size-two fusion-border-below-title\">\n<h2 class=\"title-heading-left\">Individualni pristop<\/h2>\n<\/div>\n<div class=\"fusion-text\">\n<p>V prijetnem vzdu\u0161ju poliklinike Premium Dent\u00a0 Vam je na voljo ekipa vrhunskih strokovnjakov in izobra\u017eenega osebja, ki so popolnoma posve\u010deni pacientu.<\/p>\n<p>Vsaki stranki nudimo karseda najve\u010d pozornosti in sku\u0161amo dose\u010di vse zdravstvene in estetske cilje, ki so nam zastavljeni.<\/p>\n<p>Za va\u0161e popolno zadovoljstvo.<\/p>\n<\/div>\n<\/div><div class=\"fusion-clearfix\"><\/div><\/div><\/div><div class=\"fusion-layout-column fusion_builder_column fusion-builder-column-3 fusion_builder_column_1_2 1_2 fusion-one-half fusion-column-last\" style=\"width:50%;width:calc(50% - ( ( 4% ) * 0.5 ) );margin-top:20px;margin-bottom:20px;\"><div class=\"fusion-column-wrapper fusion-flex-column-wrapper-legacy\" style=\"background-position:left top;background-repeat:no-repeat;-webkit-background-size:cover;-moz-background-size:cover;-o-background-size:cover;background-size:cover;padding: 0px 0px 0px 0px;\"><div class=\"fusion-text fusion-text-3\"><div class=\"fusion-title title fusion-title-12 fusion-sep-none fusion-title-size-two fusion-border-below-title\"><strong>Ve\u010dletne izku\u0161nje<\/strong><\/div>\n<div class=\"fusion-text\">\n<p>Na\u0161e ve\u010dletne izku\u0161nje na podro\u010dju zobne medicine, lepotne in vaskularne kirurgije je jamstvo za kvaliteto na\u0161ega dela. Zobozdravstvena ordinacija smo \u017ee ve\u010d kot 20 let, v letu 2012 pa smo raz\u0161irili na\u0161o strokovno ekipo in storitve ter je na dana\u0161nji lokaciji osnovana Poliklinika Premium Dent.<\/p>\n<p>Bli\u017eina hotela Westin omogo\u010da, da lahko poliklinika nudi svoje usluge tudi pacientom iz drugih evropskih dr\u017eav, predvsem turistom in gostim tega hotela.<\/p>\n<\/div>\n<\/div><div class=\"fusion-clearfix\"><\/div><\/div><\/div><div class=\"fusion-layout-column fusion_builder_column fusion-builder-column-4 fusion_builder_column_1_1 1_1 fusion-one-full fusion-column-first fusion-column-last\" style=\"margin-top:20px;margin-bottom:20px;\"><div class=\"fusion-column-wrapper fusion-flex-column-wrapper-legacy\" style=\"background-position:left top;background-repeat:no-repeat;-webkit-background-size:cover;-moz-background-size:cover;-o-background-size:cover;background-size:cover;padding: 0px 0px 0px 0px;\"><div class=\"fusion-image-carousel fusion-image-carousel-auto lightbox-enabled fusion-carousel-border\"><div class=\"fusion-carousel\" data-autoplay=\"no\" data-columns=\"3\" data-itemmargin=\"10\" data-itemwidth=\"180\" data-touchscroll=\"no\" data-imagesize=\"auto\"><div class=\"fusion-carousel-positioner\"><ul class=\"fusion-carousel-holder\"><li class=\"fusion-carousel-item\"><div class=\"fusion-carousel-item-wrapper\"><div class=\"fusion-image-wrapper hover-type-none\"><a data-rel=\"iLightbox[image_carousel_1]\" href=\"http:\/\/www.premiumdent.hr\/wp-content\/uploads\/2018\/01\/Poliklinika-Premium-Dent-Zagreb-1.jpg\" target=\"_self\"><img src=\"http:\/\/www.premiumdent.hr\/wp-content\/uploads\/2018\/01\/Poliklinika-Premium-Dent-Zagreb-1.jpg\" alt=\"\"\/><\/a><\/div><\/div><\/li><li class=\"fusion-carousel-item\"><div class=\"fusion-carousel-item-wrapper\"><div class=\"fusion-image-wrapper hover-type-none\"><a data-rel=\"iLightbox[image_carousel_1]\" href=\"http:\/\/www.premiumdent.hr\/wp-content\/uploads\/2018\/01\/Poliklinika-Premium-Dent-Zagreb-2.jpg\" target=\"_self\"><img src=\"http:\/\/www.premiumdent.hr\/wp-content\/uploads\/2018\/01\/Poliklinika-Premium-Dent-Zagreb-2.jpg\" alt=\"\"\/><\/a><\/div><\/div><\/li><li class=\"fusion-carousel-item\"><div class=\"fusion-carousel-item-wrapper\"><div class=\"fusion-image-wrapper hover-type-none\"><a data-rel=\"iLightbox[image_carousel_1]\" href=\"http:\/\/www.premiumdent.hr\/wp-content\/uploads\/2018\/01\/Poliklinika-Premium-Dent-Zagreb-3.jpg\" target=\"_self\"><img src=\"http:\/\/www.premiumdent.hr\/wp-content\/uploads\/2018\/01\/Poliklinika-Premium-Dent-Zagreb-3.jpg\" alt=\"\"\/><\/a><\/div><\/div><\/li><li class=\"fusion-carousel-item\"><div class=\"fusion-carousel-item-wrapper\"><div class=\"fusion-image-wrapper hover-type-none\"><a data-rel=\"iLightbox[image_carousel_1]\" href=\"http:\/\/www.premiumdent.hr\/wp-content\/uploads\/2018\/01\/Poliklinika-Premium-Dent-Zagreb-4.jpg\" target=\"_self\"><img src=\"http:\/\/www.premiumdent.hr\/wp-content\/uploads\/2018\/01\/Poliklinika-Premium-Dent-Zagreb-4.jpg\" alt=\"\"\/><\/a><\/div><\/div><\/li><li class=\"fusion-carousel-item\"><div class=\"fusion-carousel-item-wrapper\"><div class=\"fusion-image-wrapper hover-type-none\"><a data-rel=\"iLightbox[image_carousel_1]\" href=\"http:\/\/www.premiumdent.hr\/wp-content\/uploads\/2018\/01\/Poliklinika-Premium-Dent-Zagreb-5.jpg\" target=\"_self\"><img src=\"http:\/\/www.premiumdent.hr\/wp-content\/uploads\/2018\/01\/Poliklinika-Premium-Dent-Zagreb-5.jpg\" alt=\"\"\/><\/a><\/div><\/div><\/li><li class=\"fusion-carousel-item\"><div class=\"fusion-carousel-item-wrapper\"><div class=\"fusion-image-wrapper hover-type-none\"><a data-rel=\"iLightbox[image_carousel_1]\" href=\"http:\/\/www.premiumdent.hr\/wp-content\/uploads\/2018\/01\/Poliklinika-Premium-Dent-Zagreb-6.jpg\" target=\"_self\"><img src=\"http:\/\/www.premiumdent.hr\/wp-content\/uploads\/2018\/01\/Poliklinika-Premium-Dent-Zagreb-6.jpg\" alt=\"\"\/><\/a><\/div><\/div><\/li><li class=\"fusion-carousel-item\"><div class=\"fusion-carousel-item-wrapper\"><div class=\"fusion-image-wrapper hover-type-none\"><a data-rel=\"iLightbox[image_carousel_1]\" href=\"http:\/\/www.premiumdent.hr\/wp-content\/uploads\/2018\/01\/Poliklinika-Premium-Dent-Zagreb-7.jpg\" target=\"_self\"><img src=\"http:\/\/www.premiumdent.hr\/wp-content\/uploads\/2018\/01\/Poliklinika-Premium-Dent-Zagreb-7.jpg\" alt=\"\"\/><\/a><\/div><\/div><\/li><\/ul><div class=\"fusion-carousel-nav\"><span class=\"fusion-nav-prev\"><\/span><span class=\"fusion-nav-next\"><\/span><\/div><\/div><\/div><\/div><div class=\"fusion-clearfix\"><\/div><\/div><\/div><\/div><\/div>\n","protected":false},"excerpt":{"rendered":"","protected":false},"author":1,"featured_media":0,"parent":0,"menu_order":0,"comment_status":"closed","ping_status":"closed","template":"","meta":[],"aioseo_notices":[],"_links":{"self":[{"href":"https:\/\/www.premiumdent.hr\/sl\/wp-json\/wp\/v2\/pages\/1814\/"}],"collection":[{"href":"https:\/\/www.premiumdent.hr\/sl\/wp-json\/wp\/v2\/pages\/"}],"about":[{"href":"https:\/\/www.premiumdent.hr\/sl\/wp-json\/wp\/v2\/types\/page\/"}],"author":[{"embeddable":true,"href":"https:\/\/www.premiumdent.hr\/sl\/wp-json\/wp\/v2\/users\/1\/"}],"replies":[{"embeddable":true,"href":"https:\/\/www.premiumdent.hr\/sl\/wp-json\/wp\/v2\/comments\/?post=1814"}],"version-history":[{"count":4,"href":"https:\/\/www.premiumdent.hr\/sl\/wp-json\/wp\/v2\/pages\/1814\/revisions\/"}],"predecessor-version":[{"id":1938,"href":"https:\/\/www.premiumdent.hr\/sl\/wp-json\/wp\/v2\/pages\/1814\/revisions\/1938\/"}],"wp:attachment":[{"href":"https:\/\/www.premiumdent.hr\/sl\/wp-json\/wp\/v2\/media\/?parent=1814"}],"curies":[{"name":"wp","href":"https:\/\/api.w.org\/{rel}","templated":true}]}}