{"id":1809,"date":"2017-12-08T09:33:03","date_gmt":"2017-12-08T08:33:03","guid":{"rendered":"https:\/\/www.premiumdent.hr\/estetska-kirurgija\/"},"modified":"2019-05-10T01:35:08","modified_gmt":"2019-05-10T00:35:08","slug":"lepotna-kirurgija","status":"publish","type":"page","link":"https:\/\/www.premiumdent.hr\/sl\/lepotna-kirurgija\/","title":{"rendered":"Lepotna kirurgija"},"content":{"rendered":"<div class=\"fusion-fullwidth fullwidth-box fusion-builder-row-1 nonhundred-percent-fullwidth non-hundred-percent-height-scrolling\" style=\"background-color: rgba(255,255,255,0);background-position: center center;background-repeat: no-repeat;padding-top:5px;padding-right:0px;padding-bottom:5px;padding-left:0px;margin-bottom: 0px;margin-top: 0px;border-width: 0px 0px 0px 0px;border-color:#eae9e9;border-style:solid;\" ><div class=\"fusion-builder-row fusion-row\"><div class=\"fusion-layout-column fusion_builder_column fusion-builder-column-0 fusion_builder_column_1_1 1_1 fusion-one-full fusion-column-first fusion-column-last\" style=\"margin-top:0px;margin-bottom:0px;\"><div class=\"fusion-column-wrapper fusion-flex-column-wrapper-legacy\" style=\"background-position:left top;background-repeat:no-repeat;-webkit-background-size:cover;-moz-background-size:cover;-o-background-size:cover;background-size:cover;padding: 0px 0px 0px 0px;\"><div class=\"fusion-text fusion-text-1\"><p>Z lepotno kirurgijo in medicino napredujemo \u017eivljenjsko kvaliteto s popravljanjem stanj ko\u017ee, lica in telesa, povzro\u010denih z rojstvom in spremembami skozi \u017eivljenje.<\/p>\n<p>Podarite si zdravje in lepoto s pomo\u010djo vrhunskega zdravnika in kirurga ter prijaznega in visoko izobra\u017eenega osebja v moderno opremljenem Centru za zobozdravstvo ter lepotno in vaskularno kirurgijo Poliklinike Premium Dent.<\/p>\n<p>Poliklinika Premium Dent vam lahko ponudi:<\/p>\n<\/div><ul class=\"fusion-checklist fusion-checklist-1\" style=\"font-size:13px;line-height:22.1px;\"><li class=\"fusion-li-item\"><span style=\"background-color:#f5f5f5;font-size:11.44px;height:22.1px;width:22.1px;margin-right:9.1px;\" class=\"icon-wrapper circle-yes\"><i class=\"fusion-li-icon fa-check fas\" style=\"color:#7f006a;\" aria-hidden=\"true\"><\/i><\/span><div class=\"fusion-li-item-content\" style=\"margin-left:31.2px;\">\n<p>blaferoplastiko zgornjih vek<\/p>\n<\/div><\/li><li class=\"fusion-li-item\"><span style=\"background-color:#f5f5f5;font-size:11.44px;height:22.1px;width:22.1px;margin-right:9.1px;\" class=\"icon-wrapper circle-yes\"><i class=\"fusion-li-icon fa-check fas\" style=\"color:#7f006a;\" aria-hidden=\"true\"><\/i><\/span><div class=\"fusion-li-item-content\" style=\"margin-left:31.2px;\">\n<p>blaferoplastiko spodnjih vek<\/p>\n<\/div><\/li><li class=\"fusion-li-item\"><span style=\"background-color:#f5f5f5;font-size:11.44px;height:22.1px;width:22.1px;margin-right:9.1px;\" class=\"icon-wrapper circle-yes\"><i class=\"fusion-li-icon fa-check fas\" style=\"color:#7f006a;\" aria-hidden=\"true\"><\/i><\/span><div class=\"fusion-li-item-content\" style=\"margin-left:31.2px;\">\n<p>lipolifting lica (neoperativno pomlajevanje z lastnimi ma\u0161\u010dobnimi celicami)<\/p>\n<\/div><\/li><li class=\"fusion-li-item\"><span style=\"background-color:#f5f5f5;font-size:11.44px;height:22.1px;width:22.1px;margin-right:9.1px;\" class=\"icon-wrapper circle-yes\"><i class=\"fusion-li-icon fa-check fas\" style=\"color:#7f006a;\" aria-hidden=\"true\"><\/i><\/span><div class=\"fusion-li-item-content\" style=\"margin-left:31.2px;\">\n<p>glajenje gubic okoli nosu z ma\u0161\u010dobnimi celicami<\/p>\n<\/div><\/li><li class=\"fusion-li-item\"><span style=\"background-color:#f5f5f5;font-size:11.44px;height:22.1px;width:22.1px;margin-right:9.1px;\" class=\"icon-wrapper circle-yes\"><i class=\"fusion-li-icon fa-check fas\" style=\"color:#7f006a;\" aria-hidden=\"true\"><\/i><\/span><div class=\"fusion-li-item-content\" style=\"margin-left:31.2px;\">\n<p>korekcija podo\u010dnjakov z ma\u0161\u010dobnimi celicami<\/p>\n<\/div><\/li><li class=\"fusion-li-item\"><span style=\"background-color:#f5f5f5;font-size:11.44px;height:22.1px;width:22.1px;margin-right:9.1px;\" class=\"icon-wrapper circle-yes\"><i class=\"fusion-li-icon fa-check fas\" style=\"color:#7f006a;\" aria-hidden=\"true\"><\/i><\/span><div class=\"fusion-li-item-content\" style=\"margin-left:31.2px;\">\n<p>liposukcija podbratka<\/p>\n<\/div><\/li><li class=\"fusion-li-item\"><span style=\"background-color:#f5f5f5;font-size:11.44px;height:22.1px;width:22.1px;margin-right:9.1px;\" class=\"icon-wrapper circle-yes\"><i class=\"fusion-li-icon fa-check fas\" style=\"color:#7f006a;\" aria-hidden=\"true\"><\/i><\/span><div class=\"fusion-li-item-content\" style=\"margin-left:31.2px;\">\n<p>liposukcija kolena<\/p>\n<\/div><\/li><li class=\"fusion-li-item\"><span style=\"background-color:#f5f5f5;font-size:11.44px;height:22.1px;width:22.1px;margin-right:9.1px;\" class=\"icon-wrapper circle-yes\"><i class=\"fusion-li-icon fa-check fas\" style=\"color:#7f006a;\" aria-hidden=\"true\"><\/i><\/span><div class=\"fusion-li-item-content\" style=\"margin-left:31.2px;\">\n<p>liposukcija trbuha u lokalnoj anesteziji<\/p>\n<\/div><\/li><li class=\"fusion-li-item\"><span style=\"background-color:#f5f5f5;font-size:11.44px;height:22.1px;width:22.1px;margin-right:9.1px;\" class=\"icon-wrapper circle-yes\"><i class=\"fusion-li-icon fa-check fas\" style=\"color:#7f006a;\" aria-hidden=\"true\"><\/i><\/span><div class=\"fusion-li-item-content\" style=\"margin-left:31.2px;\">\n<p>liposukcija rok<\/p>\n<\/div><\/li><li class=\"fusion-li-item\"><span style=\"background-color:#f5f5f5;font-size:11.44px;height:22.1px;width:22.1px;margin-right:9.1px;\" class=\"icon-wrapper circle-yes\"><i class=\"fusion-li-icon fa-check fas\" style=\"color:#7f006a;\" aria-hidden=\"true\"><\/i><\/span><div class=\"fusion-li-item-content\" style=\"margin-left:31.2px;\">\n<p>liposukcija nog<\/p>\n<\/div><\/li><li class=\"fusion-li-item\"><span style=\"background-color:#f5f5f5;font-size:11.44px;height:22.1px;width:22.1px;margin-right:9.1px;\" class=\"icon-wrapper circle-yes\"><i class=\"fusion-li-icon fa-check fas\" style=\"color:#7f006a;\" aria-hidden=\"true\"><\/i><\/span><div class=\"fusion-li-item-content\" style=\"margin-left:31.2px;\">\n<p>liposukcija spodnjega dela noge<\/p>\n<\/div><\/li><li class=\"fusion-li-item\"><span style=\"background-color:#f5f5f5;font-size:11.44px;height:22.1px;width:22.1px;margin-right:9.1px;\" class=\"icon-wrapper circle-yes\"><i class=\"fusion-li-icon fa-check fas\" style=\"color:#7f006a;\" aria-hidden=\"true\"><\/i><\/span><div class=\"fusion-li-item-content\" style=\"margin-left:31.2px;\">\n<p>botox \u010dela in o\u010di<\/p>\n<\/div><\/li><li class=\"fusion-li-item\"><span style=\"background-color:#f5f5f5;font-size:11.44px;height:22.1px;width:22.1px;margin-right:9.1px;\" class=\"icon-wrapper circle-yes\"><i class=\"fusion-li-icon fa-check fas\" style=\"color:#7f006a;\" aria-hidden=\"true\"><\/i><\/span><div class=\"fusion-li-item-content\" style=\"margin-left:31.2px;\">\n<p>korekcija gub s hijaluronsko kislino (odvisno od potrebne koli\u010dine filerja, Teosyal, Juvaderm, Restilan)<\/p>\n<\/div><\/li><li class=\"fusion-li-item\"><span style=\"background-color:#f5f5f5;font-size:11.44px;height:22.1px;width:22.1px;margin-right:9.1px;\" class=\"icon-wrapper circle-yes\"><i class=\"fusion-li-icon fa-check fas\" style=\"color:#7f006a;\" aria-hidden=\"true\"><\/i><\/span><div class=\"fusion-li-item-content\" style=\"margin-left:31.2px;\">\n<p>korekcije brazgotin<\/p>\n<\/div><\/li><li class=\"fusion-li-item\"><span style=\"background-color:#f5f5f5;font-size:11.44px;height:22.1px;width:22.1px;margin-right:9.1px;\" class=\"icon-wrapper circle-yes\"><i class=\"fusion-li-icon fa-check fas\" style=\"color:#7f006a;\" aria-hidden=\"true\"><\/i><\/span><div class=\"fusion-li-item-content\" style=\"margin-left:31.2px;\">\n<p>odstranjevanje made\u017ea + PHD<\/p>\n<\/div><\/li><li class=\"fusion-li-item\"><span style=\"background-color:#f5f5f5;font-size:11.44px;height:22.1px;width:22.1px;margin-right:9.1px;\" class=\"icon-wrapper circle-yes\"><i class=\"fusion-li-icon fa-check fas\" style=\"color:#7f006a;\" aria-hidden=\"true\"><\/i><\/span><div class=\"fusion-li-item-content\" style=\"margin-left:31.2px;\">\n<p>vra\u0161\u010deni nohti<\/p>\n<\/div><\/li><li class=\"fusion-li-item\"><span style=\"background-color:#f5f5f5;font-size:11.44px;height:22.1px;width:22.1px;margin-right:9.1px;\" class=\"icon-wrapper circle-yes\"><i class=\"fusion-li-icon fa-check fas\" style=\"color:#7f006a;\" aria-hidden=\"true\"><\/i><\/span><div class=\"fusion-li-item-content\" style=\"margin-left:31.2px;\">\n<p>operacija karpalnega tunela<\/p>\n<\/div><\/li><li class=\"fusion-li-item\"><span style=\"background-color:#f5f5f5;font-size:11.44px;height:22.1px;width:22.1px;margin-right:9.1px;\" class=\"icon-wrapper circle-yes\"><i class=\"fusion-li-icon fa-check fas\" style=\"color:#7f006a;\" aria-hidden=\"true\"><\/i><\/span><div class=\"fusion-li-item-content\" style=\"margin-left:31.2px;\">\n<p>operacija spro\u017eilnega prsta<\/p>\n<\/div><\/li><li class=\"fusion-li-item\"><span style=\"background-color:#f5f5f5;font-size:11.44px;height:22.1px;width:22.1px;margin-right:9.1px;\" class=\"icon-wrapper circle-yes\"><i class=\"fusion-li-icon fa-check fas\" style=\"color:#7f006a;\" aria-hidden=\"true\"><\/i><\/span><div class=\"fusion-li-item-content\" style=\"margin-left:31.2px;\">\n<p>Dupuytrenova kontraktura (kr\u010denje pesti)<\/p>\n<\/div><\/li><\/ul><div class=\"fusion-sep-clear\"><\/div><div class=\"fusion-separator fusion-full-width-sep\" style=\"margin-left: auto;margin-right: auto;margin-top:10px;width:100%;\"><div class=\"fusion-separator-border sep-shadow\" style=\"background:radial-gradient(ellipse at 50% -50% , #431f32 0px, rgba(255, 255, 255, 0) 80%) repeat scroll 0 0 rgba(0, 0, 0, 0);background:-webkit-radial-gradient(ellipse at 50% -50% , #431f32 0px, rgba(255, 255, 255, 0) 80%) repeat scroll 0 0 rgba(0, 0, 0, 0);background:-moz-radial-gradient(ellipse at 50% -50% , #431f32 0px, rgba(255, 255, 255, 0) 80%) repeat scroll 0 0 rgba(0, 0, 0, 0);background:-o-radial-gradient(ellipse at 50% -50% , #431f32 0px, rgba(255, 255, 255, 0) 80%) repeat scroll 0 0 rgba(0, 0, 0, 0);\"><\/div><\/div><div class=\"fusion-sep-clear\"><\/div><div class=\"fusion-clearfix\"><\/div><\/div><\/div><\/div><\/div>\n","protected":false},"excerpt":{"rendered":"","protected":false},"author":1,"featured_media":0,"parent":0,"menu_order":0,"comment_status":"closed","ping_status":"closed","template":"","meta":[],"aioseo_notices":[],"_links":{"self":[{"href":"https:\/\/www.premiumdent.hr\/sl\/wp-json\/wp\/v2\/pages\/1809\/"}],"collection":[{"href":"https:\/\/www.premiumdent.hr\/sl\/wp-json\/wp\/v2\/pages\/"}],"about":[{"href":"https:\/\/www.premiumdent.hr\/sl\/wp-json\/wp\/v2\/types\/page\/"}],"author":[{"embeddable":true,"href":"https:\/\/www.premiumdent.hr\/sl\/wp-json\/wp\/v2\/users\/1\/"}],"replies":[{"embeddable":true,"href":"https:\/\/www.premiumdent.hr\/sl\/wp-json\/wp\/v2\/comments\/?post=1809"}],"version-history":[{"count":2,"href":"https:\/\/www.premiumdent.hr\/sl\/wp-json\/wp\/v2\/pages\/1809\/revisions\/"}],"predecessor-version":[{"id":1811,"href":"https:\/\/www.premiumdent.hr\/sl\/wp-json\/wp\/v2\/pages\/1809\/revisions\/1811\/"}],"wp:attachment":[{"href":"https:\/\/www.premiumdent.hr\/sl\/wp-json\/wp\/v2\/media\/?parent=1809"}],"curies":[{"name":"wp","href":"https:\/\/api.w.org\/{rel}","templated":true}]}}