{"id":1794,"date":"2017-12-08T09:30:54","date_gmt":"2017-12-08T08:30:54","guid":{"rendered":"https:\/\/www.premiumdent.hr\/zobozdravstvo\/ortodoncija\/"},"modified":"2019-05-10T01:17:05","modified_gmt":"2019-05-10T00:17:05","slug":"ortodontija","status":"publish","type":"page","link":"https:\/\/www.premiumdent.hr\/sl\/zobozdravstvo\/ortodontija\/","title":{"rendered":"Ortodontija"},"content":{"rendered":"<div class=\"fusion-fullwidth fullwidth-box fusion-builder-row-1 nonhundred-percent-fullwidth non-hundred-percent-height-scrolling\" style=\"background-color: rgba(255,255,255,0);background-position: center center;background-repeat: no-repeat;padding-top:5px;padding-right:0px;padding-bottom:5px;padding-left:0px;margin-bottom: 0px;margin-top: 0px;border-width: 0px 0px 0px 0px;border-color:#eae9e9;border-style:solid;\" ><div class=\"fusion-builder-row fusion-row\"><div class=\"fusion-layout-column fusion_builder_column fusion-builder-column-0 fusion_builder_column_1_1 1_1 fusion-one-full fusion-column-first fusion-column-last\" style=\"margin-top:0px;margin-bottom:0px;\"><div class=\"fusion-column-wrapper fusion-flex-column-wrapper-legacy\" style=\"background-position:left top;background-repeat:no-repeat;-webkit-background-size:cover;-moz-background-size:cover;-o-background-size:cover;background-size:cover;padding: 0px 0px 0px 0px;\"><div class=\"fusion-text fusion-text-1\"><p><strong>KAJ JE ORTODONTIJA?<\/strong><\/p>\n<p>Ortodontija (gr\u0161ko orthos = pravilen, popolen, odontos = zob) je specializirana veja zobne medicine, ki se ukvarja s preu\u010devanjem rasti\u00a0 in razvoja \u010deljusti, zob in orofacialne regije kot celote in s preu\u010devanjem razvojnih motenj in mo\u017enih povzro\u010diteljev nepravilnosti ter z zdravljenjem opa\u017eenih nepravilnosti.<\/p>\n<p>Ortodontija zavzema diagonsticiranje, prepre\u010ditev ter zdravljenje malokluzij (nepravilnosti polo\u017eaja in razmerja zob). Ortodontsko zdravljenje ni pomembno le zaradi lepega nasmeha, \u010detudi je lep in zdrav nasmeh bistvenega pomena za modernega \u010dloveka ter znatno pripomore k samozavesti, ampak tudi zaradi koristi celotnega zobnega sistema. Nepravilen polo\u017eaj zobov ali neugodno razmerje med zobmi in \u010deljustjo lahko vodi do te\u017eav s sklepi \u010deljusti in \u017eiv\u010dnih mi\u0161ic. Neenakomerno razporejena \u017eve\u010dna sila na zobe prav tako vodi do neenakomerne obrabe zobov in po\u0161kodbe celotnega paradonta (kosti, dlesni ter ligamentov). Zbiti zobje ote\u017eujejo \u010di\u0161\u010denje ter pomembno vplivajo na nastanek kariesa ter paradontne bolezni.<\/p>\n<\/div><div class=\"fusion-clearfix\"><\/div><\/div><\/div><\/div><\/div>\n","protected":false},"excerpt":{"rendered":"","protected":false},"author":1,"featured_media":0,"parent":1738,"menu_order":0,"comment_status":"closed","ping_status":"closed","template":"","meta":[],"aioseo_notices":[],"_links":{"self":[{"href":"https:\/\/www.premiumdent.hr\/sl\/wp-json\/wp\/v2\/pages\/1794\/"}],"collection":[{"href":"https:\/\/www.premiumdent.hr\/sl\/wp-json\/wp\/v2\/pages\/"}],"about":[{"href":"https:\/\/www.premiumdent.hr\/sl\/wp-json\/wp\/v2\/types\/page\/"}],"author":[{"embeddable":true,"href":"https:\/\/www.premiumdent.hr\/sl\/wp-json\/wp\/v2\/users\/1\/"}],"replies":[{"embeddable":true,"href":"https:\/\/www.premiumdent.hr\/sl\/wp-json\/wp\/v2\/comments\/?post=1794"}],"version-history":[{"count":2,"href":"https:\/\/www.premiumdent.hr\/sl\/wp-json\/wp\/v2\/pages\/1794\/revisions\/"}],"predecessor-version":[{"id":1796,"href":"https:\/\/www.premiumdent.hr\/sl\/wp-json\/wp\/v2\/pages\/1794\/revisions\/1796\/"}],"up":[{"embeddable":true,"href":"https:\/\/www.premiumdent.hr\/sl\/wp-json\/wp\/v2\/pages\/1738\/"}],"wp:attachment":[{"href":"https:\/\/www.premiumdent.hr\/sl\/wp-json\/wp\/v2\/media\/?parent=1794"}],"curies":[{"name":"wp","href":"https:\/\/api.w.org\/{rel}","templated":true}]}}