{"id":1790,"date":"2017-12-08T09:29:41","date_gmt":"2017-12-08T08:29:41","guid":{"rendered":"https:\/\/www.premiumdent.hr\/zobozdravstvo\/cad%e2%81%84cam-tehnologija\/"},"modified":"2019-05-10T01:14:07","modified_gmt":"2019-05-10T00:14:07","slug":"cad%e2%81%84cam-tehnologija","status":"publish","type":"page","link":"https:\/\/www.premiumdent.hr\/sl\/zobozdravstvo\/cad%e2%81%84cam-tehnologija\/","title":{"rendered":"CAD\u2044CAM tehnologija"},"content":{"rendered":"<div class=\"fusion-fullwidth fullwidth-box fusion-builder-row-1 nonhundred-percent-fullwidth non-hundred-percent-height-scrolling\" style=\"background-color: rgba(255,255,255,0);background-position: center center;background-repeat: no-repeat;padding-top:5px;padding-right:0px;padding-bottom:5px;padding-left:0px;margin-bottom: 0px;margin-top: 0px;border-width: 0px 0px 0px 0px;border-color:#eae9e9;border-style:solid;\" ><div class=\"fusion-builder-row fusion-row\"><div class=\"fusion-layout-column fusion_builder_column fusion-builder-column-0 fusion_builder_column_1_1 1_1 fusion-one-full fusion-column-first fusion-column-last\" style=\"margin-top:0px;margin-bottom:0px;\"><div class=\"fusion-column-wrapper fusion-flex-column-wrapper-legacy\" style=\"background-position:left top;background-repeat:no-repeat;-webkit-background-size:cover;-moz-background-size:cover;-o-background-size:cover;background-size:cover;padding: 0px 0px 0px 0px;\"><div class=\"fusion-text fusion-text-1\"><p>CAD-CAM tehnologija je najbolj\u0161i primer razvoja modernih tehnologij v zobozdravstvu.<\/p>\n<p>Ta vrhunska tehnologija, ki je v polnem nazivu poimenovana Computer-Aided-Design\/Computer-Aided-Manufacture, je ra\u010dunalni\u0161ka simulacija, ki omogo\u010da oblikovanje in izgradnjo proteti\u010dnih del (inlaya, onlaya, kronic ter mosti\u010dkov).<\/p>\n<\/div><div class=\"fusion-text fusion-text-2\"><p>Sa CAD-CAM tehnologijom stomatolog mo\u017ee obnoviti Va\u0161 zub biokompatibilnim materijalom izvrsnih karakteristika koji nadma\u0161uje sve do sada kori\u0161tene materijale, i to u samo jednom posjetu.<\/p>\n<p>Sam postupak\u00a0 izrade nadomjeska brz je i jednostavan &#8211; uz pomo\u0107 specijalne kamere uzima se DIGITALNI OTISAK ZUBA, potom se podaci kompjutorski obra\u0111uju te pretvaraju u 3D model nadomjeska snimljenog zuba.<\/p>\n<p>Zavr\u0161ni korak je izra\u0111ivanje kerami\u010dkog nadomjeska u 3D printeru iz unaprijed pripremljenih kerami\u010dkih blokova, koji bojom i nijansom savr\u0161eno odgovaraju ostalim zubima.<\/p>\n<\/div><style type=\"text\/css\"><\/style><div class=\"fusion-title title fusion-title-1 fusion-sep-none fusion-title-text fusion-title-size-three\" style=\"margin-top:10px;margin-right:0px;margin-bottom:21px;margin-left:0px;\"><h3 class=\"title-heading-left\" style=\"margin:0;\">Prednosti CAD\/CAM tehnologije<\/h3><\/div><ul class=\"fusion-checklist fusion-checklist-1\" style=\"font-size:13px;line-height:22.1px;\"><li class=\"fusion-li-item\"><span style=\"background-color:#f5f5f5;font-size:11.44px;height:22.1px;width:22.1px;margin-right:9.1px;\" class=\"icon-wrapper circle-yes\"><i class=\"fusion-li-icon fa-check fas\" style=\"color:#7f006a;\" aria-hidden=\"true\"><\/i><\/span><div class=\"fusion-li-item-content\" style=\"margin-left:31.2px;\">\n<p>enostavno (brez odtisov)<\/p>\n<\/div><\/li><li class=\"fusion-li-item\"><span style=\"background-color:#f5f5f5;font-size:11.44px;height:22.1px;width:22.1px;margin-right:9.1px;\" class=\"icon-wrapper circle-yes\"><i class=\"fusion-li-icon fa-check fas\" style=\"color:#7f006a;\" aria-hidden=\"true\"><\/i><\/span><div class=\"fusion-li-item-content\" style=\"margin-left:31.2px;\">\n<p>hitro (nadomestek je gotov za uro ali dve)<\/p>\n<\/div><\/li><li class=\"fusion-li-item\"><span style=\"background-color:#f5f5f5;font-size:11.44px;height:22.1px;width:22.1px;margin-right:9.1px;\" class=\"icon-wrapper circle-yes\"><i class=\"fusion-li-icon fa-check fas\" style=\"color:#7f006a;\" aria-hidden=\"true\"><\/i><\/span><div class=\"fusion-li-item-content\" style=\"margin-left:31.2px;\">\n<p>kvalitetno in natan\u010dno<\/p>\n<\/div><\/li><li class=\"fusion-li-item\"><span style=\"background-color:#f5f5f5;font-size:11.44px;height:22.1px;width:22.1px;margin-right:9.1px;\" class=\"icon-wrapper circle-yes\"><i class=\"fusion-li-icon fa-check fas\" style=\"color:#7f006a;\" aria-hidden=\"true\"><\/i><\/span><div class=\"fusion-li-item-content\" style=\"margin-left:31.2px;\">\n<p>ni potrebno izdelati za\u010dasne kronice<\/p>\n<\/div><\/li><\/ul><div class=\"fusion-video fusion-youtube fusion-aligncenter\" style=\"max-width:600px;max-height:360px; width:100%\"><div class=\"video-shortcode\"><iframe title=\"YouTube video player 1\" src=\"https:\/\/www.youtube.com\/embed\/7qx92aIn9Y0?wmode=transparent&autoplay=0\" width=\"600\" height=\"360\" allowfullscreen allow=\"autoplay; fullscreen\"><\/iframe><\/div><\/div><div class=\"fusion-sep-clear\"><\/div><div class=\"fusion-separator fusion-full-width-sep\" style=\"margin-left: auto;margin-right: auto;margin-top:10px;width:100%;\"><div class=\"fusion-separator-border sep-shadow\" style=\"background:radial-gradient(ellipse at 50% -50% , #431f32 0px, rgba(255, 255, 255, 0) 80%) repeat scroll 0 0 rgba(0, 0, 0, 0);background:-webkit-radial-gradient(ellipse at 50% -50% , #431f32 0px, rgba(255, 255, 255, 0) 80%) repeat scroll 0 0 rgba(0, 0, 0, 0);background:-moz-radial-gradient(ellipse at 50% -50% , #431f32 0px, rgba(255, 255, 255, 0) 80%) repeat scroll 0 0 rgba(0, 0, 0, 0);background:-o-radial-gradient(ellipse at 50% -50% , #431f32 0px, rgba(255, 255, 255, 0) 80%) repeat scroll 0 0 rgba(0, 0, 0, 0);\"><\/div><\/div><div class=\"fusion-sep-clear\"><\/div><div class=\"fusion-clearfix\"><\/div><\/div><\/div><\/div><\/div>\n","protected":false},"excerpt":{"rendered":"","protected":false},"author":1,"featured_media":1791,"parent":1738,"menu_order":0,"comment_status":"closed","ping_status":"closed","template":"","meta":[],"aioseo_notices":[],"_links":{"self":[{"href":"https:\/\/www.premiumdent.hr\/sl\/wp-json\/wp\/v2\/pages\/1790\/"}],"collection":[{"href":"https:\/\/www.premiumdent.hr\/sl\/wp-json\/wp\/v2\/pages\/"}],"about":[{"href":"https:\/\/www.premiumdent.hr\/sl\/wp-json\/wp\/v2\/types\/page\/"}],"author":[{"embeddable":true,"href":"https:\/\/www.premiumdent.hr\/sl\/wp-json\/wp\/v2\/users\/1\/"}],"replies":[{"embeddable":true,"href":"https:\/\/www.premiumdent.hr\/sl\/wp-json\/wp\/v2\/comments\/?post=1790"}],"version-history":[{"count":1,"href":"https:\/\/www.premiumdent.hr\/sl\/wp-json\/wp\/v2\/pages\/1790\/revisions\/"}],"predecessor-version":[{"id":1792,"href":"https:\/\/www.premiumdent.hr\/sl\/wp-json\/wp\/v2\/pages\/1790\/revisions\/1792\/"}],"up":[{"embeddable":true,"href":"https:\/\/www.premiumdent.hr\/sl\/wp-json\/wp\/v2\/pages\/1738\/"}],"wp:featuredmedia":[{"embeddable":true,"href":"https:\/\/www.premiumdent.hr\/sl\/wp-json\/wp\/v2\/media\/1791\/"}],"wp:attachment":[{"href":"https:\/\/www.premiumdent.hr\/sl\/wp-json\/wp\/v2\/media\/?parent=1790"}],"curies":[{"name":"wp","href":"https:\/\/api.w.org\/{rel}","templated":true}]}}