{"id":1779,"date":"2017-12-09T09:33:39","date_gmt":"2017-12-09T08:33:39","guid":{"rendered":"https:\/\/www.premiumdent.hr\/zobozdravstvo\/estetsko-zobozdravstvo\/ljuskice\/"},"modified":"2019-05-10T00:59:56","modified_gmt":"2019-05-09T23:59:56","slug":"zobne-luske","status":"publish","type":"page","link":"https:\/\/www.premiumdent.hr\/sl\/zobozdravstvo\/estetsko-zobozdravstvo\/zobne-luske\/","title":{"rendered":"Zobne luske"},"content":{"rendered":"<div class=\"fusion-fullwidth fullwidth-box fusion-builder-row-1 nonhundred-percent-fullwidth non-hundred-percent-height-scrolling\" style=\"background-color: rgba(255,255,255,0);background-position: center center;background-repeat: no-repeat;padding-top:5px;padding-right:0px;padding-bottom:5px;padding-left:0px;margin-bottom: 0px;margin-top: 0px;border-width: 0px 0px 0px 0px;border-color:#eae9e9;border-style:solid;\" ><div class=\"fusion-builder-row fusion-row\"><div class=\"fusion-layout-column fusion_builder_column fusion-builder-column-0 fusion_builder_column_1_1 1_1 fusion-one-full fusion-column-first fusion-column-last\" style=\"margin-top:0px;margin-bottom:0px;\"><div class=\"fusion-column-wrapper fusion-flex-column-wrapper-legacy\" style=\"background-position:left top;background-repeat:no-repeat;-webkit-background-size:cover;-moz-background-size:cover;-o-background-size:cover;background-size:cover;padding: 0px 0px 0px 0px;\"><style type=\"text\/css\"><\/style><div class=\"fusion-title title fusion-title-1 fusion-sep-none fusion-title-text fusion-title-size-three\" style=\"margin-top:10px;margin-right:0px;margin-bottom:21px;margin-left:0px;\"><h3 class=\"title-heading-left\" style=\"margin:0;\"><strong>Vrhunski estetski rezultati<\/strong><\/h3><\/div><div class=\"fusion-text fusion-text-1\"><p>Izdelava dentalno-kerami\u010dnih zobnih lusk zahteva popolno natan\u010dnost pri vsakem koraku, vendar nudi vrhunske estetske rezultate.<\/p>\n<p>Cilj je z minimalno invazivnim posegom najti pot do popolnega nasmeha.<\/p>\n<\/div><span class=\" fusion-imageframe imageframe-none imageframe-1 hover-type-none\"><img decoding=\"async\" width=\"610\" height=\"406\" title=\"endondoncija1\" src=\"http:\/\/www.premiumdent.hr\/wp-content\/uploads\/2017\/12\/endondoncija1.jpg\" class=\"img-responsive wp-image-1760\" srcset=\"https:\/\/www.premiumdent.hr\/wp-content\/uploads\/2017\/12\/endondoncija1-200x133.jpg 200w, https:\/\/www.premiumdent.hr\/wp-content\/uploads\/2017\/12\/endondoncija1-400x266.jpg 400w, https:\/\/www.premiumdent.hr\/wp-content\/uploads\/2017\/12\/endondoncija1-600x399.jpg 600w, https:\/\/www.premiumdent.hr\/wp-content\/uploads\/2017\/12\/endondoncija1.jpg 610w\" sizes=\"(max-width: 800px) 100vw, 610px\" \/><\/span><div class=\"fusion-text fusion-text-2\"><h3>Naraven ob\u010dutek ter izgled<\/h3>\n<p>Zobne luske so tanki kerami\u010dni listi\u010di postavljeni na povr\u0161ino zoba, kar zagotavlja naraven ob\u010dutek in izgled. Nam omogo\u010da, da zobom spremenimo obliko, barvo, dol\u017eino in \u0161irino do mere, ki je potrebna ter so en izmed na\u0161ih najbolj\u0161ih na\u010dinov za izbolj\u0161anje Va\u0161ega nasmeha.<\/p>\n<\/div><span class=\" fusion-imageframe imageframe-none imageframe-2 hover-type-none\"><img decoding=\"async\" width=\"610\" height=\"254\" title=\"ljuskice-v1\" src=\"http:\/\/www.premiumdent.hr\/wp-content\/uploads\/2017\/12\/ljuskice-v1.jpg\" class=\"img-responsive wp-image-1780\" srcset=\"https:\/\/www.premiumdent.hr\/wp-content\/uploads\/2017\/12\/ljuskice-v1-200x83.jpg 200w, https:\/\/www.premiumdent.hr\/wp-content\/uploads\/2017\/12\/ljuskice-v1-400x167.jpg 400w, https:\/\/www.premiumdent.hr\/wp-content\/uploads\/2017\/12\/ljuskice-v1-600x250.jpg 600w, https:\/\/www.premiumdent.hr\/wp-content\/uploads\/2017\/12\/ljuskice-v1.jpg 610w\" sizes=\"(max-width: 800px) 100vw, 610px\" \/><\/span><div class=\"fusion-sep-clear\"><\/div><div class=\"fusion-separator fusion-full-width-sep\" style=\"margin-left: auto;margin-right: auto;margin-top:20px;width:100%;\"><div class=\"fusion-separator-border sep-shadow\" style=\"background:radial-gradient(ellipse at 50% -50% , #431f32 0px, rgba(255, 255, 255, 0) 80%) repeat scroll 0 0 rgba(0, 0, 0, 0);background:-webkit-radial-gradient(ellipse at 50% -50% , #431f32 0px, rgba(255, 255, 255, 0) 80%) repeat scroll 0 0 rgba(0, 0, 0, 0);background:-moz-radial-gradient(ellipse at 50% -50% , #431f32 0px, rgba(255, 255, 255, 0) 80%) repeat scroll 0 0 rgba(0, 0, 0, 0);background:-o-radial-gradient(ellipse at 50% -50% , #431f32 0px, rgba(255, 255, 255, 0) 80%) repeat scroll 0 0 rgba(0, 0, 0, 0);\"><\/div><\/div><div class=\"fusion-sep-clear\"><\/div><div class=\"fusion-clearfix\"><\/div><\/div><\/div><\/div><\/div>\n","protected":false},"excerpt":{"rendered":"","protected":false},"author":1,"featured_media":0,"parent":1768,"menu_order":0,"comment_status":"closed","ping_status":"closed","template":"","meta":[],"aioseo_notices":[],"_links":{"self":[{"href":"https:\/\/www.premiumdent.hr\/sl\/wp-json\/wp\/v2\/pages\/1779\/"}],"collection":[{"href":"https:\/\/www.premiumdent.hr\/sl\/wp-json\/wp\/v2\/pages\/"}],"about":[{"href":"https:\/\/www.premiumdent.hr\/sl\/wp-json\/wp\/v2\/types\/page\/"}],"author":[{"embeddable":true,"href":"https:\/\/www.premiumdent.hr\/sl\/wp-json\/wp\/v2\/users\/1\/"}],"replies":[{"embeddable":true,"href":"https:\/\/www.premiumdent.hr\/sl\/wp-json\/wp\/v2\/comments\/?post=1779"}],"version-history":[{"count":2,"href":"https:\/\/www.premiumdent.hr\/sl\/wp-json\/wp\/v2\/pages\/1779\/revisions\/"}],"predecessor-version":[{"id":1782,"href":"https:\/\/www.premiumdent.hr\/sl\/wp-json\/wp\/v2\/pages\/1779\/revisions\/1782\/"}],"up":[{"embeddable":true,"href":"https:\/\/www.premiumdent.hr\/sl\/wp-json\/wp\/v2\/pages\/1768\/"}],"wp:attachment":[{"href":"https:\/\/www.premiumdent.hr\/sl\/wp-json\/wp\/v2\/media\/?parent=1779"}],"curies":[{"name":"wp","href":"https:\/\/api.w.org\/{rel}","templated":true}]}}