{"id":1774,"date":"2019-03-25T07:40:10","date_gmt":"2019-03-25T06:40:10","guid":{"rendered":"https:\/\/www.premiumdent.hr\/zobozdravstvo\/estetsko-zobozdravstvo\/protetika-na-implantatima\/"},"modified":"2019-05-10T00:56:11","modified_gmt":"2019-05-09T23:56:11","slug":"protetika-na-implantatih","status":"publish","type":"page","link":"https:\/\/www.premiumdent.hr\/sl\/zobozdravstvo\/estetsko-zobozdravstvo\/protetika-na-implantatih\/","title":{"rendered":"Protetika na implantatih"},"content":{"rendered":"<div class=\"fusion-fullwidth fullwidth-box fusion-builder-row-1 nonhundred-percent-fullwidth non-hundred-percent-height-scrolling\" style=\"background-color: rgba(255,255,255,0);background-position: center center;background-repeat: no-repeat;padding-top:5px;padding-right:0px;padding-bottom:5px;padding-left:0px;margin-bottom: 0px;margin-top: 0px;border-width: 0px 0px 0px 0px;border-color:#eae9e9;border-style:solid;\" ><div class=\"fusion-builder-row fusion-row\"><div class=\"fusion-layout-column fusion_builder_column fusion-builder-column-0 fusion_builder_column_1_1 1_1 fusion-one-full fusion-column-first fusion-column-last\" style=\"margin-top:0px;margin-bottom:0px;\"><div class=\"fusion-column-wrapper fusion-flex-column-wrapper-legacy\" style=\"background-position:left top;background-repeat:no-repeat;-webkit-background-size:cover;-moz-background-size:cover;-o-background-size:cover;background-size:cover;padding: 0px 0px 0px 0px;\"><style type=\"text\/css\"><\/style><div class=\"fusion-title title fusion-title-1 fusion-sep-none fusion-title-text fusion-title-size-three\" style=\"margin-top:10px;margin-right:0px;margin-bottom:21px;margin-left:0px;\"><h3 class=\"title-heading-left\" style=\"margin:0;\"><strong>Vrnite izgubljeni zob<\/strong><\/h3><\/div><div class=\"fusion-text fusion-text-1\"><p>Najbolj enostavna oblika tak\u0161ne rekonstrukcije je nadomestitev enega zoba. Glavna prednost izgradnje protetskega dela na implantatu je, da ni potrebno brusiti sosednje zobe in narediti mosti\u010dek, ampak pacient dobi popolnoma nov zob na mestu izgubljenega, ki v popolnosti nadome\u0161\u010da izgubljenega.<\/p>\n<p>V kolikor je potrebno nadomestiti ve\u010dje \u0161tevilo zob, se naredijo mosti\u010dki na implantatih. V tem primeru je potrebno narediti dva ali ve\u010d implantatov, na katerih se naredijo potrebne kronice v obliki zobnega mosti\u010dka.<\/p>\n<\/div><span class=\" fusion-imageframe imageframe-none imageframe-1 hover-type-none\"><img decoding=\"async\" width=\"792\" height=\"442\" alt=\"Protetski rad na implantatu u potpunosti nadokna\u0111uje izgubljeni zub.\" title=\"Protetski rad na implantatu\" src=\"https:\/\/www.premiumdent.hr\/wp-content\/uploads\/2019\/03\/implantologia-dentale-roma-1.jpeg\" class=\"img-responsive wp-image-1775\" srcset=\"https:\/\/www.premiumdent.hr\/wp-content\/uploads\/2019\/03\/implantologia-dentale-roma-1-200x112.jpeg 200w, https:\/\/www.premiumdent.hr\/wp-content\/uploads\/2019\/03\/implantologia-dentale-roma-1-400x223.jpeg 400w, https:\/\/www.premiumdent.hr\/wp-content\/uploads\/2019\/03\/implantologia-dentale-roma-1-600x335.jpeg 600w, https:\/\/www.premiumdent.hr\/wp-content\/uploads\/2019\/03\/implantologia-dentale-roma-1.jpeg 792w\" sizes=\"(max-width: 800px) 100vw, 792px\" \/><\/span><div class=\"fusion-text fusion-text-2\"><h3>Kronice<\/h3>\n<p>Kronice so fiksni proteti\u010dni zobni nadomestki, ki v celoti pokrivajo bru\u0161eni zob. Pri tem nadome\u0161\u010dajo njegovo govorno, \u017eiv\u010dno in estetsko funkcijo.<\/p>\n<p>Danes so zaradi svojih estetskih lastnosti, biokompatibilnosti sestavin ter moderne tehnologije, vse bolj pogoste kerami\u010dne kronice.<\/p>\n<p>Kronice se lahko naredijo iz svetle\u010de keramike, keramike z vsebnostjo stekla ter polikristalinske (oksidne) keramike, odvisno od zahtevnosti proteti\u010dnega dela ter \u017eelja pacienta.<\/p>\n<h3>Zobni mosti\u010dek<\/h3>\n<p>Zobni mosti\u010dek je proteti\u010dna konstrukcija, s prvenstveno nalogo nadome\u0161\u010danja enega ali ve\u010d izgubljenih zob. Zobni mosti\u010dek povezuje nosilce, da bi oja\u010dal proteti\u010dno delo, u\u010dvrstil nadome\u0161\u010dene zobe ter polep\u0161al njihov izgled. Nosilci zobnega mosti\u010dka so lahko na korenini zoba (naravni zob) ali na zobnemimplantatu. Danes se mosti\u010dek izdeluje iz nekovinske keramike: konvencionalne keramike, steklokeramike, ali cirkonij keramike.<\/p>\n<p>Osnovna razlika v uporabi materialov je odvisna od lokacije zobnega mosti\u010dka znotraj ustne votline. Cirkonij se uporablja za zadnji predel, kjer so ve\u010dje \u017eve\u010dne sile ter ve\u010dje rekonstrukcije, medtem ko se steklokeramika uporablja v prednjem delu, kjer so ve\u010dji estetski posegi.<\/p>\n<\/div><div class=\"fusion-sep-clear\"><\/div><div class=\"fusion-separator fusion-full-width-sep\" style=\"margin-left: auto;margin-right: auto;margin-top:20px;width:100%;\"><div class=\"fusion-separator-border sep-shadow\" style=\"background:radial-gradient(ellipse at 50% -50% , #431f32 0px, rgba(255, 255, 255, 0) 80%) repeat scroll 0 0 rgba(0, 0, 0, 0);background:-webkit-radial-gradient(ellipse at 50% -50% , #431f32 0px, rgba(255, 255, 255, 0) 80%) repeat scroll 0 0 rgba(0, 0, 0, 0);background:-moz-radial-gradient(ellipse at 50% -50% , #431f32 0px, rgba(255, 255, 255, 0) 80%) repeat scroll 0 0 rgba(0, 0, 0, 0);background:-o-radial-gradient(ellipse at 50% -50% , #431f32 0px, rgba(255, 255, 255, 0) 80%) repeat scroll 0 0 rgba(0, 0, 0, 0);\"><\/div><\/div><div class=\"fusion-sep-clear\"><\/div><div class=\"fusion-clearfix\"><\/div><\/div><\/div><\/div><\/div>\n","protected":false},"excerpt":{"rendered":"","protected":false},"author":1,"featured_media":0,"parent":1768,"menu_order":0,"comment_status":"closed","ping_status":"closed","template":"","meta":[],"aioseo_notices":[],"_links":{"self":[{"href":"https:\/\/www.premiumdent.hr\/sl\/wp-json\/wp\/v2\/pages\/1774\/"}],"collection":[{"href":"https:\/\/www.premiumdent.hr\/sl\/wp-json\/wp\/v2\/pages\/"}],"about":[{"href":"https:\/\/www.premiumdent.hr\/sl\/wp-json\/wp\/v2\/types\/page\/"}],"author":[{"embeddable":true,"href":"https:\/\/www.premiumdent.hr\/sl\/wp-json\/wp\/v2\/users\/1\/"}],"replies":[{"embeddable":true,"href":"https:\/\/www.premiumdent.hr\/sl\/wp-json\/wp\/v2\/comments\/?post=1774"}],"version-history":[{"count":2,"href":"https:\/\/www.premiumdent.hr\/sl\/wp-json\/wp\/v2\/pages\/1774\/revisions\/"}],"predecessor-version":[{"id":1777,"href":"https:\/\/www.premiumdent.hr\/sl\/wp-json\/wp\/v2\/pages\/1774\/revisions\/1777\/"}],"up":[{"embeddable":true,"href":"https:\/\/www.premiumdent.hr\/sl\/wp-json\/wp\/v2\/pages\/1768\/"}],"wp:attachment":[{"href":"https:\/\/www.premiumdent.hr\/sl\/wp-json\/wp\/v2\/media\/?parent=1774"}],"curies":[{"name":"wp","href":"https:\/\/api.w.org\/{rel}","templated":true}]}}