{"id":1768,"date":"2017-12-08T09:28:33","date_gmt":"2017-12-08T08:28:33","guid":{"rendered":"https:\/\/www.premiumdent.hr\/zobozdravstvo\/estetska-stomatologija\/"},"modified":"2019-05-10T00:46:57","modified_gmt":"2019-05-09T23:46:57","slug":"estetsko-zobozdravstvo","status":"publish","type":"page","link":"https:\/\/www.premiumdent.hr\/sl\/zobozdravstvo\/estetsko-zobozdravstvo\/","title":{"rendered":"Estetsko zobozdravstvo"},"content":{"rendered":"<div class=\"fusion-fullwidth fullwidth-box fusion-builder-row-1 nonhundred-percent-fullwidth non-hundred-percent-height-scrolling\" style=\"background-color: rgba(255,255,255,0);background-position: center center;background-repeat: no-repeat;padding-top:5px;padding-right:0px;padding-bottom:5px;padding-left:0px;margin-bottom: 0px;margin-top: 0px;border-width: 0px 0px 0px 0px;border-color:#eae9e9;border-style:solid;\" ><div class=\"fusion-builder-row fusion-row\"><div class=\"fusion-layout-column fusion_builder_column fusion-builder-column-0 fusion_builder_column_1_1 1_1 fusion-one-full fusion-column-first fusion-column-last\" style=\"margin-top:0px;margin-bottom:0px;\"><div class=\"fusion-column-wrapper fusion-flex-column-wrapper-legacy\" style=\"background-position:left top;background-repeat:no-repeat;-webkit-background-size:cover;-moz-background-size:cover;-o-background-size:cover;background-size:cover;padding: 0px 0px 0px 0px;\"><div class=\"fusion-text fusion-text-1\"><p>Estetsko zobozdravstvo v Polikliniki Premium Dent predstavlja:<\/p>\n<ul>\n<li>beljenje zob (z lu\u010dko ali opornico)<\/li>\n<li>korektivni posegi na dlesni (gingivoplastika, gingivoektomija) \u2013 rezanje zobnega mesa<\/li>\n<li>zobne luske<\/li>\n<li>nekovinske krone in mosti\u010dki (emax, cirkonij)<\/li>\n<li>metalkerami\u010dna proteti\u010dna dela<\/li>\n<li>estetski izpolnjevalni inlay, onlay, overlay<\/li>\n<\/ul>\n<\/div><div class=\"fusion-clearfix\"><\/div><\/div><\/div><div class=\"fusion-layout-column fusion_builder_column fusion-builder-column-1 fusion_builder_column_1_1 1_1 fusion-one-full fusion-column-first fusion-column-last\" style=\"margin-top:20px;margin-bottom:20px;\"><div class=\"fusion-column-wrapper fusion-flex-column-wrapper-legacy\" style=\"background-position:left top;background-repeat:no-repeat;-webkit-background-size:cover;-moz-background-size:cover;-o-background-size:cover;background-size:cover;padding: 0px 0px 0px 0px;\"><style type=\"text\/css\"><\/style><div class=\"fusion-title title fusion-title-1 fusion-sep-none fusion-title-text fusion-title-size-one\" style=\"margin-top:10px;margin-right:0px;margin-bottom:21px;margin-left:0px;\"><h1 class=\"title-heading-left\" style=\"margin:0;\"><strong>Beljenje zob<\/strong><\/h1><\/div><div class=\"fusion-text fusion-text-2\"><p>Zobi se lahko belijo na ve\u010d na\u010dinov, rezultat je odvisen od na\u010dina beljenja.<\/p>\n<p><strong>Lu\u010dka za beljenje<\/strong><\/p>\n<p>Beljenje s pomo\u010djo lu\u010dke za beljenje zob daje najbolj\u0161e in najbolj opazne rezultate\u017ee po prvem obisku. Pred tem morajo biti zobi urejeni in strokovno o\u010di\u0161\u010deni.<\/p>\n<p>Sam postopek beljenja traja pribli\u017eno 45min.<\/p>\n<\/div><div class=\"fusion-clearfix\"><\/div><\/div><\/div><\/div><\/div>\n","protected":false},"excerpt":{"rendered":"","protected":false},"author":1,"featured_media":1769,"parent":1738,"menu_order":0,"comment_status":"closed","ping_status":"closed","template":"","meta":[],"aioseo_notices":[],"_links":{"self":[{"href":"https:\/\/www.premiumdent.hr\/sl\/wp-json\/wp\/v2\/pages\/1768\/"}],"collection":[{"href":"https:\/\/www.premiumdent.hr\/sl\/wp-json\/wp\/v2\/pages\/"}],"about":[{"href":"https:\/\/www.premiumdent.hr\/sl\/wp-json\/wp\/v2\/types\/page\/"}],"author":[{"embeddable":true,"href":"https:\/\/www.premiumdent.hr\/sl\/wp-json\/wp\/v2\/users\/1\/"}],"replies":[{"embeddable":true,"href":"https:\/\/www.premiumdent.hr\/sl\/wp-json\/wp\/v2\/comments\/?post=1768"}],"version-history":[{"count":2,"href":"https:\/\/www.premiumdent.hr\/sl\/wp-json\/wp\/v2\/pages\/1768\/revisions\/"}],"predecessor-version":[{"id":1771,"href":"https:\/\/www.premiumdent.hr\/sl\/wp-json\/wp\/v2\/pages\/1768\/revisions\/1771\/"}],"up":[{"embeddable":true,"href":"https:\/\/www.premiumdent.hr\/sl\/wp-json\/wp\/v2\/pages\/1738\/"}],"wp:featuredmedia":[{"embeddable":true,"href":"https:\/\/www.premiumdent.hr\/sl\/wp-json\/wp\/v2\/media\/1769\/"}],"wp:attachment":[{"href":"https:\/\/www.premiumdent.hr\/sl\/wp-json\/wp\/v2\/media\/?parent=1768"}],"curies":[{"name":"wp","href":"https:\/\/api.w.org\/{rel}","templated":true}]}}