{"id":1764,"date":"2017-12-08T09:27:15","date_gmt":"2017-12-08T08:27:15","guid":{"rendered":"https:\/\/www.premiumdent.hr\/zobozdravstvo\/oralna-kirurgija\/"},"modified":"2019-05-10T00:38:33","modified_gmt":"2019-05-09T23:38:33","slug":"oralna-kirurgija","status":"publish","type":"page","link":"https:\/\/www.premiumdent.hr\/sl\/zobozdravstvo\/oralna-kirurgija\/","title":{"rendered":"Oralna kirurgija s implantologijom"},"content":{"rendered":"<div class=\"fusion-fullwidth fullwidth-box fusion-builder-row-1 nonhundred-percent-fullwidth non-hundred-percent-height-scrolling\" style=\"background-color: rgba(255,255,255,0);background-position: center center;background-repeat: no-repeat;padding-top:5px;padding-right:0px;padding-bottom:5px;padding-left:0px;margin-bottom: 0px;margin-top: 0px;border-width: 0px 0px 0px 0px;border-color:#eae9e9;border-style:solid;\" ><div class=\"fusion-builder-row fusion-row\"><div class=\"fusion-layout-column fusion_builder_column fusion-builder-column-0 fusion_builder_column_1_1 1_1 fusion-one-full fusion-column-first fusion-column-last\" style=\"margin-top:0px;margin-bottom:0px;\"><div class=\"fusion-column-wrapper fusion-flex-column-wrapper-legacy\" style=\"background-position:left top;background-repeat:no-repeat;-webkit-background-size:cover;-moz-background-size:cover;-o-background-size:cover;background-size:cover;padding: 0px 0px 0px 0px;\"><div class=\"fusion-text fusion-text-1\"><p>Oralno kirur\u0161ki posegi v Polikliniki Premium Dent<\/p>\n<ul>\n<li>apikotomija \u2013 odstranitev vrha zobne korenine<\/li>\n<li>alveotomija \u2013 rezanje kosti (odstranitev modrostnih zob)<\/li>\n<li>kortikotomija \u2013 odstranjevanje kosti, ki pokriva zob<\/li>\n<li>kirur\u0161ko ortodontsko odstranjevanje zoba<\/li>\n<li>implantologija\u2013 zamenjava enega ali ve\u010d zob z vgradnjo zobnih implantatov<\/li>\n<\/ul>\n<\/div><style type=\"text\/css\"><\/style><div class=\"fusion-title title fusion-title-1 fusion-sep-none fusion-title-text fusion-title-size-two\" style=\"margin-top:10px;margin-right:0px;margin-bottom:21px;margin-left:0px;\"><h2 class=\"title-heading-left\" style=\"margin:0;\">Zobni implantati<\/h2><\/div><div class=\"fusion-text fusion-text-2\"><p>\u017de en manjkajo\u010d zob vpliva na delovanje celotnega \u017eiv\u010dnega sistema in lahko ob\u010dutno uni\u010di estetiko. Implantat re\u0161i obe te\u017eavi. Tradicionalni postopki zahtevajo, da se izguba enega ali ve\u010d zob nadoknadi z bru\u0161enjem sosednjih zob ter izgradnjo mosti\u010dka, delne ali popolne proteze.<\/p>\n<p>Moderno zobozdravstvo nudi nove re\u0161itve z uporabo implantatov.<\/p>\n<\/div><div class=\"imageframe-align-center\"><span class=\" fusion-imageframe imageframe-none imageframe-1 hover-type-zoomin\"><img decoding=\"async\" width=\"500\" height=\"375\" title=\"implantati_primjer1\" src=\"http:\/\/www.premiumdent.hr\/wp-content\/uploads\/2017\/12\/implantati_primjer1.jpg\" class=\"img-responsive wp-image-1739\" srcset=\"https:\/\/www.premiumdent.hr\/wp-content\/uploads\/2017\/12\/implantati_primjer1-200x150.jpg 200w, https:\/\/www.premiumdent.hr\/wp-content\/uploads\/2017\/12\/implantati_primjer1-400x300.jpg 400w, https:\/\/www.premiumdent.hr\/wp-content\/uploads\/2017\/12\/implantati_primjer1.jpg 500w\" sizes=\"(max-width: 800px) 100vw, 500px\" \/><\/span><\/div><style type=\"text\/css\"><\/style><div class=\"fusion-title title fusion-title-2 fusion-sep-none fusion-title-text fusion-title-size-three\" style=\"margin-top:10px;margin-right:0px;margin-bottom:21px;margin-left:0px;\"><h3 class=\"title-heading-left\" style=\"margin:0;\"><h3>Prednosti zobnih implantatov<\/h3><\/h3><\/div><ul class=\"fusion-checklist fusion-checklist-1\" style=\"font-size:13px;line-height:22.1px;\"><li class=\"fusion-li-item\"><span style=\"height:22.1px;width:22.1px;margin-right:9.1px;\" class=\"icon-wrapper circle-no\"><i class=\"fusion-li-icon fa-check fas\" style=\"color:#431f32;\" aria-hidden=\"true\"><\/i><\/span><div class=\"fusion-li-item-content\" style=\"margin-left:31.2px;\">\n<p>zobni implantati izgledajo, delujejo in se ob\u010dutijo kot va\u0161i naravni zobi<\/p>\n<\/div><\/li><li class=\"fusion-li-item\"><span style=\"height:22.1px;width:22.1px;margin-right:9.1px;\" class=\"icon-wrapper circle-no\"><i class=\"fusion-li-icon fa-check fas\" style=\"color:#431f32;\" aria-hidden=\"true\"><\/i><\/span><div class=\"fusion-li-item-content\" style=\"margin-left:31.2px;\">\n<p>vrhunska estetika in delovanje<\/p>\n<\/div><\/li><li class=\"fusion-li-item\"><span style=\"height:22.1px;width:22.1px;margin-right:9.1px;\" class=\"icon-wrapper circle-no\"><i class=\"fusion-li-icon fa-check fas\" style=\"color:#431f32;\" aria-hidden=\"true\"><\/i><\/span><div class=\"fusion-li-item-content\" style=\"margin-left:31.2px;\">\n<p>nadomestitev izgubljenega zoba brez bru\u0161enja sosednjih zob<\/p>\n<\/div><\/li><li class=\"fusion-li-item\"><span style=\"height:22.1px;width:22.1px;margin-right:9.1px;\" class=\"icon-wrapper circle-no\"><i class=\"fusion-li-icon fa-check fas\" style=\"color:#431f32;\" aria-hidden=\"true\"><\/i><\/span><div class=\"fusion-li-item-content\" style=\"margin-left:31.2px;\">\n<p>integrirani implantati v \u010deljusti zaustavljajo proces resorpcije kosti in posledi\u010dno umik dlesni, kar proteze in mosti\u010dki ne morejo<\/p>\n<\/div><\/li><\/ul><div class=\"fusion-text fusion-text-3\"><h3><strong>Nebole\u010d postopek<\/strong><\/h3>\n<p>Vgradnja implantatov poteka pod lokalno anestezijo. Postopek je popolnoma nebole\u010d. Pristop je individualen za vsakega pacienta in odvisen od rentgenske slike in ohranjenosti \u010deljustnih kosti. Pri vgradnji implantatov je cilj ustvariti stik med zunanjo povr\u0161ino implantata ter okoli\u0161kih kosti tako, da se lahko spojijo in ustvarijo stabilno podporo za nove zobe. \u010cas vgradnje implantatov je 2 do 3 mesecev v spodnji \u010deljusti ter 4 do 6 mesecev v zgornji \u010deljusti.<\/p>\n<p>Po tem obdobju se implantat odpre in s posebnim elementom oblikuje dlesen, s \u010dim se ustvari naraven izgled \u00bbkot da bi zob zrastel iz kosti\u00ab. Ta proces traja od 2 do 4 tednov, nato sledi izgradnja trajnega dela, ki je podoben kroni na naravnem zobu.<\/p>\n<\/div><div class=\"fusion-clearfix\"><\/div><\/div><\/div><\/div><\/div>\n","protected":false},"excerpt":{"rendered":"","protected":false},"author":1,"featured_media":0,"parent":1738,"menu_order":0,"comment_status":"closed","ping_status":"closed","template":"","meta":[],"aioseo_notices":[],"_links":{"self":[{"href":"https:\/\/www.premiumdent.hr\/sl\/wp-json\/wp\/v2\/pages\/1764\/"}],"collection":[{"href":"https:\/\/www.premiumdent.hr\/sl\/wp-json\/wp\/v2\/pages\/"}],"about":[{"href":"https:\/\/www.premiumdent.hr\/sl\/wp-json\/wp\/v2\/types\/page\/"}],"author":[{"embeddable":true,"href":"https:\/\/www.premiumdent.hr\/sl\/wp-json\/wp\/v2\/users\/1\/"}],"replies":[{"embeddable":true,"href":"https:\/\/www.premiumdent.hr\/sl\/wp-json\/wp\/v2\/comments\/?post=1764"}],"version-history":[{"count":1,"href":"https:\/\/www.premiumdent.hr\/sl\/wp-json\/wp\/v2\/pages\/1764\/revisions\/"}],"predecessor-version":[{"id":1765,"href":"https:\/\/www.premiumdent.hr\/sl\/wp-json\/wp\/v2\/pages\/1764\/revisions\/1765\/"}],"up":[{"embeddable":true,"href":"https:\/\/www.premiumdent.hr\/sl\/wp-json\/wp\/v2\/pages\/1738\/"}],"wp:attachment":[{"href":"https:\/\/www.premiumdent.hr\/sl\/wp-json\/wp\/v2\/media\/?parent=1764"}],"curies":[{"name":"wp","href":"https:\/\/api.w.org\/{rel}","templated":true}]}}