{"id":1756,"date":"2017-12-08T09:26:03","date_gmt":"2017-12-08T08:26:03","guid":{"rendered":"https:\/\/www.premiumdent.hr\/zobozdravstvo\/endodoncija\/"},"modified":"2019-05-10T00:28:19","modified_gmt":"2019-05-09T23:28:19","slug":"endodoncija","status":"publish","type":"page","link":"https:\/\/www.premiumdent.hr\/sl\/zobozdravstvo\/endodoncija\/","title":{"rendered":"Endodoncija"},"content":{"rendered":"<div class=\"fusion-fullwidth fullwidth-box fusion-builder-row-1 nonhundred-percent-fullwidth non-hundred-percent-height-scrolling\" style=\"background-color: rgba(255,255,255,0);background-position: center center;background-repeat: no-repeat;padding-top:5px;padding-right:0px;padding-bottom:5px;padding-left:0px;margin-bottom: 0px;margin-top: 0px;border-width: 0px 0px 0px 0px;border-color:#eae9e9;border-style:solid;\" ><div class=\"fusion-builder-row fusion-row\"><div class=\"fusion-layout-column fusion_builder_column fusion-builder-column-0 fusion_builder_column_1_1 1_1 fusion-one-full fusion-column-first fusion-column-last\" style=\"margin-top:0px;margin-bottom:0px;\"><div class=\"fusion-column-wrapper fusion-flex-column-wrapper-legacy\" style=\"background-position:left top;background-repeat:no-repeat;-webkit-background-size:cover;-moz-background-size:cover;-o-background-size:cover;background-size:cover;padding: 0px 0px 0px 0px;\"><div class=\"fusion-text fusion-text-1\"><p>Zaradi kariesa, po\u0161kodbe zob, globokega plombiranja ipd. prihaja do vnetne reakcije zobne pulpe (\u017eivca), kar pogosto povzro\u010da mo\u010dne bole\u010dine.<\/p>\n<p>V\u010dasih se zaradi po\u010dasno napredujo\u010dega vnetja bole\u010dina ne ob\u010duti takoj. Bakterije prodirajo skozi kanale korenine proti kosti in tam povzro\u010dajo vnetje (absces ali granulom).<\/p>\n<\/div><div class=\"fusion-clearfix\"><\/div><\/div><\/div><div class=\"fusion-layout-column fusion_builder_column fusion-builder-column-1 fusion_builder_column_1_1 1_1 fusion-one-full fusion-column-first fusion-column-last\" style=\"margin-top:0px;margin-bottom:0px;\"><div class=\"fusion-column-wrapper fusion-flex-column-wrapper-legacy\" style=\"background-position:left top;background-repeat:no-repeat;-webkit-background-size:cover;-moz-background-size:cover;-o-background-size:cover;background-size:cover;padding: 0px 0px 0px 0px;\"><div class=\"fusion-slider-sc fusion-flexslider-loading flexslider flexslider-hover-type-zoomout\" data-slideshow_autoplay=\"1\" data-slideshow_smooth_height=\"1\" data-slideshow_speed=\"7000\" style=\"max-width:100%;height:100%;\"><ul class=\"slides\"><li class=\"image\"><span class=\"fusion-image-hover-element hover-type-zoomout\"><img decoding=\"async\" src=\"http:\/\/www.premiumdent.hr\/wp-content\/uploads\/2017\/12\/endondoncija2.jpg\" \/><\/span><\/li><li class=\"image\"><span class=\"fusion-image-hover-element hover-type-zoomout\"><img decoding=\"async\" src=\"http:\/\/www.premiumdent.hr\/wp-content\/uploads\/2017\/12\/endondoncija1.jpg\" \/><\/span><\/li><\/ul><\/div><div class=\"fusion-clearfix\"><\/div><\/div><\/div><div class=\"fusion-layout-column fusion_builder_column fusion-builder-column-2 fusion_builder_column_1_1 1_1 fusion-one-full fusion-column-first fusion-column-last\" style=\"margin-top:20px;margin-bottom:20px;\"><div class=\"fusion-column-wrapper fusion-flex-column-wrapper-legacy\" style=\"background-position:left top;background-repeat:no-repeat;-webkit-background-size:cover;-moz-background-size:cover;-o-background-size:cover;background-size:cover;padding: 0px 0px 0px 0px;\"><div class=\"fusion-text fusion-text-2\"><p>Ko opazimo tak\u0161no stanje naredimo rentgensko sliko. Tak\u0161ni primeri zahtevajo endodontsko zdravljenje, ki prepre\u010duje \u0161irjenje infekcije.<\/p>\n<p>Svaki daljnji postupak (ispuni, krunice) se ne mo\u017ee pravilno izvr\u0161avati ako lije\u010denje korijenskog kanala nije pravilno provedeno, tj. ako nije napravljeno po zahtjevima struke. Zbog toga svako endodontsko lije\u010denje provjeravamo RVG snimkom.<\/p>\n<p>Takav postupak zahtijeva sterilno radno polje.\u00a0Upaljeno tkivo uklanjamo sterilnim ru\u010dnim ili strojnim instrumentima. Inficirane kanale ispiremo teku\u0107inama za dezinfekciju korijenskog kanala, su\u0161imo i punimo bioinertnim materijalom.<\/p>\n<\/div><div class=\"fusion-clearfix\"><\/div><\/div><\/div><\/div><\/div>\n","protected":false},"excerpt":{"rendered":"","protected":false},"author":1,"featured_media":0,"parent":1738,"menu_order":0,"comment_status":"closed","ping_status":"closed","template":"","meta":[],"aioseo_notices":[],"_links":{"self":[{"href":"https:\/\/www.premiumdent.hr\/sl\/wp-json\/wp\/v2\/pages\/1756\/"}],"collection":[{"href":"https:\/\/www.premiumdent.hr\/sl\/wp-json\/wp\/v2\/pages\/"}],"about":[{"href":"https:\/\/www.premiumdent.hr\/sl\/wp-json\/wp\/v2\/types\/page\/"}],"author":[{"embeddable":true,"href":"https:\/\/www.premiumdent.hr\/sl\/wp-json\/wp\/v2\/users\/1\/"}],"replies":[{"embeddable":true,"href":"https:\/\/www.premiumdent.hr\/sl\/wp-json\/wp\/v2\/comments\/?post=1756"}],"version-history":[{"count":2,"href":"https:\/\/www.premiumdent.hr\/sl\/wp-json\/wp\/v2\/pages\/1756\/revisions\/"}],"predecessor-version":[{"id":1759,"href":"https:\/\/www.premiumdent.hr\/sl\/wp-json\/wp\/v2\/pages\/1756\/revisions\/1759\/"}],"up":[{"embeddable":true,"href":"https:\/\/www.premiumdent.hr\/sl\/wp-json\/wp\/v2\/pages\/1738\/"}],"wp:attachment":[{"href":"https:\/\/www.premiumdent.hr\/sl\/wp-json\/wp\/v2\/media\/?parent=1756"}],"curies":[{"name":"wp","href":"https:\/\/api.w.org\/{rel}","templated":true}]}}