{"id":842,"date":"2018-03-19T08:37:30","date_gmt":"2018-03-19T07:37:30","guid":{"rendered":"http:\/\/www.premiumdent.hr\/?page_id=842"},"modified":"2019-03-25T08:21:13","modified_gmt":"2019-03-25T07:21:13","slug":"josipa-todoric","status":"publish","type":"page","link":"https:\/\/www.premiumdent.hr\/de\/professional-team\/josipa-todoric\/","title":{"rendered":"Josipa Todori\u0107, univ.mag.med.dent."},"content":{"rendered":"<p><div class=\"fusion-fullwidth fullwidth-box fusion-builder-row-1 nonhundred-percent-fullwidth non-hundred-percent-height-scrolling\" style=\"background-color: rgba(255,255,255,0);background-position: center center;background-repeat: no-repeat;padding-top:5px;padding-right:0px;padding-bottom:5px;padding-left:0px;margin-bottom: 0px;margin-top: 0px;border-width: 0px 0px 0px 0px;border-color:#eae9e9;border-style:solid;\" ><div class=\"fusion-builder-row fusion-row\"><div class=\"fusion-layout-column fusion_builder_column fusion-builder-column-0 fusion_builder_column_1_3 1_3 fusion-one-third fusion-column-first\" style=\"width:30.6666%; margin-right: 4%;margin-top:0px;margin-bottom:0px;\"><div class=\"fusion-column-wrapper fusion-flex-column-wrapper-legacy\" style=\"background-position:left top;background-repeat:no-repeat;-webkit-background-size:cover;-moz-background-size:cover;-o-background-size:cover;background-size:cover;padding: 0px 0px 0px 0px;\"><span class=\" fusion-imageframe imageframe-none imageframe-1 hover-type-zoomin\"><img decoding=\"async\" width=\"800\" height=\"800\" alt=\"Josipa Todori\u0107, univ.mag.med.dent., spec. parodontologije\" title=\"Josipa Todori\u0107, univ.mag.med.dent., spec. parodontologije\" src=\"http:\/\/www.premiumdent.hr\/wp-content\/uploads\/2018\/03\/03-clan-tima-800x800.jpg\" class=\"img-responsive wp-image-1050\" srcset=\"https:\/\/www.premiumdent.hr\/wp-content\/uploads\/2018\/03\/03-clan-tima-200x200.jpg 200w, https:\/\/www.premiumdent.hr\/wp-content\/uploads\/2018\/03\/03-clan-tima-400x400.jpg 400w, https:\/\/www.premiumdent.hr\/wp-content\/uploads\/2018\/03\/03-clan-tima-600x600.jpg 600w, https:\/\/www.premiumdent.hr\/wp-content\/uploads\/2018\/03\/03-clan-tima-800x800.jpg 800w, https:\/\/www.premiumdent.hr\/wp-content\/uploads\/2018\/03\/03-clan-tima.jpg 1080w\" sizes=\"(max-width: 800px) 100vw, 400px\" \/><\/span><div class=\"fusion-clearfix\"><\/div><\/div><\/div><div class=\"fusion-layout-column fusion_builder_column fusion-builder-column-1 fusion_builder_column_2_3 2_3 fusion-two-third fusion-column-last\" style=\"width:65.3333%;margin-top:0px;margin-bottom:0px;\"><div class=\"fusion-column-wrapper fusion-flex-column-wrapper-legacy\" style=\"background-position:left top;background-repeat:no-repeat;-webkit-background-size:cover;-moz-background-size:cover;-o-background-size:cover;background-size:cover;padding: 0px 0px 0px 0px;\"><div class=\"fusion-text fusion-text-1\"><p>Dr. Josipa Todori\u0107 wurde 1980 in Split geboren. Er beendete die Grund- und Sekundarschule in Imotski und schrieb sich 2006 an der Fakult\u00e4t f\u00fcr Zahnmedizin in Zagreb ein, an der er 2006 abschloss. Nachdem sie das Praktikum im Gesundheitszentrum Zagreb Ost absolviert hatte und ihre professionelle Pr\u00fcfung ablegte, stellte sie sich selbst ein und sammelte Erfahrungen in renommierten Privatkliniken in Zagreb. Seit Januar 2014 ist er Mitglied des Premium Dent Team.<\/p>\n<p>Durch mehr als 10 Jahre Berufserfahrung trifft und begegnet er erfolgreich verschiedenen Problemen und Situationen in der Zahnheilkunde und konzentriert sein Wissen auf den Bereich der Parodontologie mit Implantologie und Prothetik. Mit besonderem Interesse am Einsatz von Lasern in der Zahnheilkunde, Vorimplantation und pr\u00e4ventiven und \u00e4sthetischen Zahnheilkunde.<\/p>\n<p>Die Weiterbildung wird fortgesetzt, indem ein Postgraduate Specialist Studies eingeschrieben wird, das 2013 endet, indem die postgraduale Facharbeit unter dem Titel &#8222;Noninvasive Therapy of Hard Tooth Tissues&#8220; verteidigt wird. Danach absolvierte er eine Spezialisierung der Parodontologie an der zahnmedizinischen Fakult\u00e4t. Im Januar 2018 legte er erfolgreich eine Fachpr\u00fcfung ab und erwarb den Titel eines Spezialisten f\u00fcr Parodontologie.<\/p>\n<p>Weiterbildung mit regelm\u00e4\u00dfiger Teilnahme an Kursen und Kongressen im In- und Ausland: Kroatische Parodontalt\u00e4nze (Zagreb 2015 \u0160ibenik 2017.); Perio Master Clinic (Malta 2017); Europerio-Konferenz der Europ\u00e4ischen F\u00f6deration f\u00fcr Parodontologie (London 2015. Amsterdam 2018); Kompetenz in \u00c4sthetik (Belgrad 2014\/2018.); Kompetenz in Implantat\u00e4sthetik (Zagreb, 2012); Tag der restorativen Zahnmedizin und Endodontie (Zagreb 2009\/2011\/2014); Perioimplantat (Opatija 2015\/2016\/2018); Medica Aesthetica (Belgrad 2017\/2018, Zagreb 2019) und viele andere.<\/p>\n<p>Mitglied der kroatischen Zahnkammern; Kroatische Parodontal-Gesellschaft; Kroatische \u00c4rztekammer; Kroatische Gesellschaft f\u00fcr Gesichts\u00e4sthetik; Europ\u00e4ische F\u00f6deration f\u00fcr Parodontologie.<\/p>\n<\/div><div class=\"fusion-modal modal fade modal-1 kontakt_modal\" tabindex=\"-1\" role=\"dialog\" aria-labelledby=\"modal-heading-1\" aria-hidden=\"true\"><style type=\"text\/css\">.modal-1 .modal-header, .modal-1 .modal-footer{border-color:rgba(235,235,235,0.78);}<\/style><div class=\"modal-dialog modal-lg\" role=\"document\"><div class=\"modal-content fusion-modal-content\" style=\"background-color:rgba(246,246,246,0.69)\"><div class=\"modal-header\"><button class=\"close\" type=\"button\" data-dismiss=\"modal\" aria-hidden=\"true\" aria-label=\"Close\">&times;<\/button><h3 class=\"modal-title\" id=\"modal-heading-1\" data-dismiss=\"modal\" aria-hidden=\"true\">Sende SIe eine nachricht an Dr. Todori\u0107<\/h3><\/div><div class=\"modal-body fusion-clearfix\">\n<div class=\"frm_forms  with_frm_style frm_style_formidable-style\" id=\"frm_form_27_container\" >\n<form enctype=\"multipart\/form-data\" method=\"post\" class=\"frm-show-form kontakt_modal frm_js_validate  frm_ajax_submit  frm_pro_form \" id=\"form_contact-form4322\"  >\n<div class=\"frm_form_fields \">\n<fieldset>\n<legend class=\"frm_hidden\">Kontakt Todoric njem<\/legend>\r\n\r\n<div class=\"frm_fields_container\">\n<input type=\"hidden\" name=\"frm_action\" value=\"create\" \/>\n<input type=\"hidden\" name=\"form_id\" value=\"27\" \/>\n<input type=\"hidden\" name=\"frm_hide_fields_27\" id=\"frm_hide_fields_27\" value=\"\" \/>\n<input type=\"hidden\" name=\"form_key\" value=\"contact-form4322\" \/>\n<input type=\"hidden\" name=\"item_meta[0]\" value=\"\" \/>\n<input type=\"hidden\" id=\"frm_submit_entry_27\" name=\"frm_submit_entry_27\" value=\"d121c6eb8e\" \/><input type=\"hidden\" name=\"_wp_http_referer\" value=\"\/de\/wp-json\/wp\/v2\/pages\/842\/\" \/><div id=\"frm_field_151_container\" class=\"frm_form_field form-field  frm_required_field frm_top_container frm_first frm_half\">\r\n    <label for=\"field_qh4icy553\" class=\"frm_primary_label\">Vorname\r\n        <span class=\"frm_required\">*<\/span>\r\n    <\/label>\r\n    <input type=\"text\" id=\"field_qh4icy553\" name=\"item_meta[151]\" value=\"\"  data-reqmsg=\"This field cannot be blank.\" aria-required=\"true\" data-invmsg=\"Ime is invalid\" aria-invalid=\"false\"  \/>\r\n    \r\n    \r\n<\/div>\n<div id=\"frm_field_152_container\" class=\"frm_form_field form-field  frm_required_field frm_top_container frm_half\">\r\n    <label for=\"field_ocfup1553\" class=\"frm_primary_label\">Nachname\r\n        <span class=\"frm_required\">*<\/span>\r\n    <\/label>\r\n    <input type=\"text\" id=\"field_ocfup1553\" name=\"item_meta[152]\" value=\"\"  data-reqmsg=\"This field cannot be blank.\" aria-required=\"true\" data-invmsg=\"Prezime is invalid\" aria-invalid=\"false\"  \/>\r\n    \r\n    \r\n<\/div>\n<div id=\"frm_field_153_container\" class=\"frm_form_field form-field  frm_required_field frm_top_container frm_full\">\r\n    <label for=\"field_29yf4d553\" class=\"frm_primary_label\">E-mail\r\n        <span class=\"frm_required\">*<\/span>\r\n    <\/label>\r\n    <input type=\"email\" id=\"field_29yf4d553\" name=\"item_meta[153]\" value=\"\"  data-reqmsg=\"This field cannot be blank.\" aria-required=\"true\" data-invmsg=\"Please enter a valid email address\" aria-invalid=\"false\"  \/>\r\n    \r\n    \r\n<\/div>\n<div id=\"frm_field_192_container\" class=\"frm_form_field form-field  frm_required_field frm_top_container\">\r\n    <label for=\"field_8h97k\" class=\"frm_primary_label\">Telefonnummer\r\n        <span class=\"frm_required\">*<\/span>\r\n    <\/label>\r\n    <input type=\"text\" id=\"field_8h97k\" name=\"item_meta[192]\" value=\"\"  data-reqmsg=\"This field cannot be blank.\" aria-required=\"true\" data-invmsg=\"Text is invalid\" aria-invalid=\"false\"  \/>\r\n    \r\n    \r\n<\/div>\n<div id=\"frm_field_154_container\" class=\"frm_form_field form-field  frm_required_field frm_top_container frm_full\">\r\n    <label for=\"field_9jv0r1553\" class=\"frm_primary_label\">Anfrage\r\n        <span class=\"frm_required\">*<\/span>\r\n    <\/label>\r\n    <textarea name=\"item_meta[154]\" id=\"field_9jv0r1553\" rows=\"5\"  data-reqmsg=\"This field cannot be blank.\" aria-required=\"true\" data-invmsg=\"Anfrage ist ung\u00fcltig\" aria-invalid=\"false\"  ><\/textarea>\r\n    \r\n    \r\n<\/div>\n<div id=\"frm_field_155_container\" class=\"frm_form_field form-field  frm_top_container vertical_radio\">\r\n    <label for=\"field_gx7sb3\" class=\"frm_primary_label\">Datenschutzrichtlinie (<a href=\"polica-privatnosti\" target=\"_blank\">Nutzungsbedingungen und Datenschutzrichtlinie<\/a>)\r\n        <span class=\"frm_required\"><\/span>\r\n    <\/label>\r\n    <div class=\"frm_opt_container\">\t\t<div class=\"frm_checkbox\" id=\"frm_checkbox_155-0\"><label for=\"field_gx7sb3-0\"><input type=\"checkbox\" name=\"item_meta[155][]\" id=\"field_gx7sb3-0\" value=\"Ich stimme der Verwendung meiner pers\u00f6nlichen Daten f\u00fcr die in dieser Datenschutzrichtlinie genannten Zwecke zu\"  data-invmsg=\"Datenschutzrichtlinie (&lt;a href=&quot;polica-privatnosti&quot; target=&quot;_blank&quot;&gt;Nutzungsbedingungen und Datenschutzrichtlinie&lt;\/a&gt;) ist ung\u00fcltig\" aria-invalid=\"false\"   \/> Ich stimme der Verwendung meiner pers\u00f6nlichen Daten f\u00fcr die in dieser Datenschutzrichtlinie genannten Zwecke zu<\/label><\/div>\n<\/div>\r\n    \r\n    \r\n<\/div>\n<div id=\"frm_field_156_container\" class=\"frm_form_field form-field  frm_none_container\">\r\n    <label  class=\"frm_primary_label\">reCAPTCHA\r\n        <span class=\"frm_required\"><\/span>\r\n    <\/label>\r\n    <div id=\"field_9jlv3\" class=\"frm-g-recaptcha\" data-sitekey=\"6LfBa4YUAAAAAOEsbJ964DdEbGFVObncCgbuUZlX\" data-size=\"normal\" data-theme=\"light\"><\/div>\r\n    \r\n    \r\n<\/div>\n\t<input type=\"hidden\" name=\"item_key\" value=\"\" \/>\n\t<input name=\"frm_state\" type=\"hidden\" value=\"XjzrrOsA1W1HfnBrY0WgImsJ51imWLmNyVqqcuUWmAM=\" \/><div class=\"frm_submit\">\r\n\r\n<button class=\"frm_button_submit frm_final_submit\" type=\"submit\"   formnovalidate=\"formnovalidate\">Senden<\/button>\r\n\r\n<\/div><\/div>\n<\/fieldset>\n<\/div>\n<p style=\"display: none !important;\"><label>&#916;<textarea name=\"ak_hp_textarea\" cols=\"45\" rows=\"8\" maxlength=\"100\"><\/textarea><\/label><input type=\"hidden\" id=\"ak_js_1\" name=\"ak_js\" value=\"220\"\/><script>document.getElementById( \"ak_js_1\" ).setAttribute( \"value\", ( new Date() ).getTime() );<\/script><\/p><\/form>\n<\/div>\n\n<\/div><div class=\"modal-footer\"><button class=\"fusion-button button-default button-medium button default medium\" type=\"button\" data-dismiss=\"modal\">Close<\/button><\/div><\/div><\/div><\/div><div class=\"fusion-button-wrapper\"><style type=\"text\/css\">.fusion-button.button-1 {border-radius:2px;}<\/style><a class=\"fusion-button button-flat fusion-button-default-size button-default button-1 fusion-button-default-span fusion-button-default-type\" target=\"_self\" href=\"#\" data-toggle=\"modal\" data-target=\".fusion-modal.kontakt_modal\"><span class=\"fusion-button-text\">SENDE SIE EINE NACHRICHT AN DR. TODORI\u0106<\/span><\/a><\/div><div class=\"fusion-clearfix\"><\/div><\/div><\/div><\/div><\/div><div class=\"fusion-fullwidth fullwidth-box fusion-builder-row-2 nonhundred-percent-fullwidth non-hundred-percent-height-scrolling\" style=\"background-color: rgba(255,255,255,0);background-position: center center;background-repeat: no-repeat;padding-top:5px;padding-right:0px;padding-bottom:5px;padding-left:0px;margin-bottom: 0px;margin-top: 0px;border-width: 0px 0px 0px 0px;border-color:#eae9e9;border-style:solid;\" ><div class=\"fusion-builder-row fusion-row\"><div class=\"fusion-layout-column fusion_builder_column fusion-builder-column-2 fusion_builder_column_1_1 1_1 fusion-one-full fusion-column-first fusion-column-last\" style=\"margin-top:20px;margin-bottom:20px;\"><div class=\"fusion-column-wrapper fusion-flex-column-wrapper-legacy\" style=\"background-position:left top;background-repeat:no-repeat;-webkit-background-size:cover;-moz-background-size:cover;-o-background-size:cover;background-size:cover;padding: 0px 0px 0px 0px;\"><div class=\"fusion-image-carousel fusion-image-carousel-auto fusion-carousel-border\"><div class=\"fusion-carousel\" data-autoplay=\"no\" data-columns=\"3\" data-itemmargin=\"5\" data-itemwidth=\"180\" data-touchscroll=\"no\" data-imagesize=\"auto\"><div class=\"fusion-carousel-positioner\"><ul class=\"fusion-carousel-holder\"><li class=\"fusion-carousel-item\"><div class=\"fusion-carousel-item-wrapper\"><div class=\"fusion-image-wrapper hover-type-zoomin\"><img src=\"http:\/\/www.premiumdent.hr\/wp-content\/uploads\/2018\/01\/IMG_4320.jpg\" alt=\"\"\/><\/div><\/div><\/li><li class=\"fusion-carousel-item\"><div class=\"fusion-carousel-item-wrapper\"><div class=\"fusion-image-wrapper hover-type-zoomin\"><img src=\"http:\/\/www.premiumdent.hr\/wp-content\/uploads\/2018\/01\/IMG_4251.jpg\" alt=\"\"\/><\/div><\/div><\/li><li class=\"fusion-carousel-item\"><div class=\"fusion-carousel-item-wrapper\"><div class=\"fusion-image-wrapper hover-type-zoomin\"><img src=\"http:\/\/www.premiumdent.hr\/wp-content\/uploads\/2018\/01\/IMG_4356.jpg\" alt=\"\"\/><\/div><\/div><\/li><li class=\"fusion-carousel-item\"><div class=\"fusion-carousel-item-wrapper\"><div class=\"fusion-image-wrapper hover-type-zoomin\"><img src=\"http:\/\/www.premiumdent.hr\/wp-content\/uploads\/2018\/01\/IMG_4392.jpg\" alt=\"\"\/><\/div><\/div><\/li><\/ul><div class=\"fusion-carousel-nav\"><span class=\"fusion-nav-prev\"><\/span><span class=\"fusion-nav-next\"><\/span><\/div><\/div><\/div><\/div><div class=\"fusion-clearfix\"><\/div><\/div><\/div><\/div><\/div><\/p>\n","protected":false},"excerpt":{"rendered":"","protected":false},"author":1,"featured_media":0,"parent":773,"menu_order":0,"comment_status":"closed","ping_status":"closed","template":"","meta":[],"aioseo_notices":[],"_links":{"self":[{"href":"https:\/\/www.premiumdent.hr\/de\/wp-json\/wp\/v2\/pages\/842\/"}],"collection":[{"href":"https:\/\/www.premiumdent.hr\/de\/wp-json\/wp\/v2\/pages\/"}],"about":[{"href":"https:\/\/www.premiumdent.hr\/de\/wp-json\/wp\/v2\/types\/page\/"}],"author":[{"embeddable":true,"href":"https:\/\/www.premiumdent.hr\/de\/wp-json\/wp\/v2\/users\/1\/"}],"replies":[{"embeddable":true,"href":"https:\/\/www.premiumdent.hr\/de\/wp-json\/wp\/v2\/comments\/?post=842"}],"version-history":[{"count":5,"href":"https:\/\/www.premiumdent.hr\/de\/wp-json\/wp\/v2\/pages\/842\/revisions\/"}],"predecessor-version":[{"id":1668,"href":"https:\/\/www.premiumdent.hr\/de\/wp-json\/wp\/v2\/pages\/842\/revisions\/1668\/"}],"up":[{"embeddable":true,"href":"https:\/\/www.premiumdent.hr\/de\/wp-json\/wp\/v2\/pages\/773\/"}],"wp:attachment":[{"href":"https:\/\/www.premiumdent.hr\/de\/wp-json\/wp\/v2\/media\/?parent=842"}],"curies":[{"name":"wp","href":"https:\/\/api.w.org\/{rel}","templated":true}]}}