{"id":751,"date":"2018-02-25T20:22:38","date_gmt":"2018-02-25T19:22:38","guid":{"rendered":"http:\/\/www.premiumdent.hr\/?page_id=751"},"modified":"2018-07-03T05:44:09","modified_gmt":"2018-07-03T04:44:09","slug":"redesign-umgestaltung-des-laechelns","status":"publish","type":"page","link":"https:\/\/www.premiumdent.hr\/de\/stomatologie\/redesign-umgestaltung-des-laechelns\/","title":{"rendered":"Redesign (Umgestaltung) des L\u00e4chelns"},"content":{"rendered":"<div class=\"fusion-fullwidth fullwidth-box fusion-builder-row-1 nonhundred-percent-fullwidth non-hundred-percent-height-scrolling\" style=\"background-color: rgba(255,255,255,0);background-position: center center;background-repeat: no-repeat;padding-top:5px;padding-right:0px;padding-bottom:5px;padding-left:0px;margin-bottom: 0px;margin-top: 0px;border-width: 0px 0px 0px 0px;border-color:#eae9e9;border-style:solid;\" ><div class=\"fusion-builder-row fusion-row\"><div class=\"fusion-layout-column fusion_builder_column fusion-builder-column-0 fusion_builder_column_1_1 1_1 fusion-one-full fusion-column-first fusion-column-last\" style=\"margin-top:0px;margin-bottom:0px;\"><div class=\"fusion-column-wrapper fusion-flex-column-wrapper-legacy\" style=\"background-position:left top;background-repeat:no-repeat;-webkit-background-size:cover;-moz-background-size:cover;-o-background-size:cover;background-size:cover;padding: 0px 0px 0px 0px;\"><div class=\"fusion-text fusion-text-1\"><p>In manchen F\u00e4llen der stomatologischen Praxis ist es unm\u00f6glich, ein maximal \u00e4sthetisches Aussehen der Z\u00e4hne, gute Funktion und ein nat\u00fcrlich sch\u00f6nes L\u00e4cheln ohne komplette Mundh\u00f6hlenrekonstruktion zu erzielen, an welcher sich dann das ganze Team unserer Spezialisten der dentalen Medizin beteiligt: Spezialist der Kieferorthop\u00e4die, Spezialist der Parodontologie, Spezialist der Mundh\u00f6hlenchirurgie (Implantologe), Spezialist f\u00fcr Prothetik, nicht selten auch der Spezialist der \u00e4sthetischen Chirurgie.<\/p>\n<p>Nach der detaillierten Untersuchung, Analyse der Fotos, RTG-Aufnahmen und Studienmodelle stellt das Team der Spezialisten Diagnose und legt den Plan der Behandlung fest.<\/p>\n<p><strong>Ziele und Aufgaben der einzelnen Spezialisten:\u00a0<\/strong><\/p>\n<p>&#8211;\u00a0<strong>Spezialist Kieferorthop\u00e4de richtet<\/strong> (mit fester orthodontischer Therapie)<\/p>\n<ul>\n<li>die Z\u00e4hne gerade und gibt ihnen die entsprechende Neigung<\/li>\n<li>schafft ein harmonisches Verh\u00e4ltnis zwischen den Kieferknochen und den Z\u00e4hnen der oberen und der unteren Zahnreihe<\/li>\n<li>schlie\u00dft Abst\u00e4nde (Diastemata) zwischen den Z\u00e4hnen oder erweitert sie und macht Platz f\u00fcr den Einbau von Implantaten<\/li>\n<\/ul>\n<p>&#8211;\u00a0<strong>Spezialist Parodontologe<\/strong> korrigiert das Verh\u00e4ltnis Gingiva \u2013 Z\u00e4hne, bzw. verbessert die sogenannte rot-wei\u00dfe \u00c4sthetik (es ist wichtig, dass beim L\u00e4cheln m\u00f6glichst wenig das Rote, hei\u00dft das Zahnfleisch, zu sehen ist und dass dieses Verh\u00e4ltnis symmetrisch bleibt). Dafur macht der Parodontologe <strong>die Gingivektomie und Gingivoplastik<\/strong> (schneidet das Zahnfleisch) entweder mit Laser, Elektrokauter oder greift klassisch chirurgisch ein.<\/p>\n<p>&#8211; <strong>der Mundh\u00f6hlenchirurg (Implantologe)<\/strong> \u2013 baut Implantate ein und f\u00fcgt nach Bedarf auf den Stellen grosserer Knochendefekte Kunstknochen zu<\/p>\n<p>&#8211; <strong>Spezialist f\u00fcr Prothetik<\/strong> \u2013 beendet die Behandlung endg\u00fcltig, indem er die Veneers oder Kronen f\u00fcr Z\u00e4hne und Implantate aus der sch\u00f6nsten metalllosen Keramik (E-max, Zirkon) ausfertigt<\/p>\n<p>&#8211;<strong> Spezialist der \u00e4sthetischen Chirurgie<\/strong> (Sch\u00f6nheitschirurg) gibt dem L\u00e4cheln und dem Gesicht das endg\u00fcltige \u00e4sthetische und nat\u00fcrliche Aussehen mit dem Applizieren der F\u00fcller (Hyalurons\u00e4ure, Botox oder k\u00f6rpereigenen Fettzellen) im Bereich der Lippen, um die Lippen herum und im Bereich der nasolabialen Falte.<\/p>\n<p>Bei der \u00e4u\u00dferst kurzen oberen Lippe &#8222;zieht&#8220; er sie herunter und vermindert so beim L\u00e4cheln die Sichtbarkeit der Gingiva, was f\u00fcr die \u00c4sthetik und f\u00fcr die Nat\u00fcrlichkeit des L\u00e4chelns sehr wichtig ist.<\/p>\n<\/div><div class=\"fusion-clearfix\"><\/div><\/div><\/div><\/div><\/div>\n","protected":false},"excerpt":{"rendered":"","protected":false},"author":1,"featured_media":0,"parent":530,"menu_order":0,"comment_status":"closed","ping_status":"closed","template":"","meta":[],"aioseo_notices":[],"_links":{"self":[{"href":"https:\/\/www.premiumdent.hr\/de\/wp-json\/wp\/v2\/pages\/751\/"}],"collection":[{"href":"https:\/\/www.premiumdent.hr\/de\/wp-json\/wp\/v2\/pages\/"}],"about":[{"href":"https:\/\/www.premiumdent.hr\/de\/wp-json\/wp\/v2\/types\/page\/"}],"author":[{"embeddable":true,"href":"https:\/\/www.premiumdent.hr\/de\/wp-json\/wp\/v2\/users\/1\/"}],"replies":[{"embeddable":true,"href":"https:\/\/www.premiumdent.hr\/de\/wp-json\/wp\/v2\/comments\/?post=751"}],"version-history":[{"count":4,"href":"https:\/\/www.premiumdent.hr\/de\/wp-json\/wp\/v2\/pages\/751\/revisions\/"}],"predecessor-version":[{"id":1412,"href":"https:\/\/www.premiumdent.hr\/de\/wp-json\/wp\/v2\/pages\/751\/revisions\/1412\/"}],"up":[{"embeddable":true,"href":"https:\/\/www.premiumdent.hr\/de\/wp-json\/wp\/v2\/pages\/530\/"}],"wp:attachment":[{"href":"https:\/\/www.premiumdent.hr\/de\/wp-json\/wp\/v2\/media\/?parent=751"}],"curies":[{"name":"wp","href":"https:\/\/api.w.org\/{rel}","templated":true}]}}