{"id":750,"date":"2018-02-25T20:21:38","date_gmt":"2018-02-25T19:21:38","guid":{"rendered":"http:\/\/www.premiumdent.hr\/?page_id=750"},"modified":"2018-07-03T05:58:46","modified_gmt":"2018-07-03T04:58:46","slug":"behandlung-mit-dem-festen-orthodontischen-geraet","status":"publish","type":"page","link":"https:\/\/www.premiumdent.hr\/de\/stomatologie\/orthodontie-kieferorthopaedie\/behandlung-mit-dem-festen-orthodontischen-geraet\/","title":{"rendered":"Behandlung mit dem festen orthodontischen Ger\u00e4t"},"content":{"rendered":"<div class=\"fusion-fullwidth fullwidth-box fusion-builder-row-1 nonhundred-percent-fullwidth non-hundred-percent-height-scrolling\" style=\"background-color: rgba(255,255,255,0);background-position: center center;background-repeat: no-repeat;padding-top:5px;padding-right:0px;padding-bottom:5px;padding-left:0px;margin-bottom: 0px;margin-top: 0px;border-width: 0px 0px 0px 0px;border-color:#eae9e9;border-style:solid;\" ><div class=\"fusion-builder-row fusion-row\"><div class=\"fusion-layout-column fusion_builder_column fusion-builder-column-0 fusion_builder_column_1_1 1_1 fusion-one-full fusion-column-first fusion-column-last\" style=\"margin-top:0px;margin-bottom:0px;\"><div class=\"fusion-column-wrapper fusion-flex-column-wrapper-legacy\" style=\"background-position:left top;background-repeat:no-repeat;-webkit-background-size:cover;-moz-background-size:cover;-o-background-size:cover;background-size:cover;padding: 0px 0px 0px 0px;\"><div class=\"fusion-text fusion-text-1\"><p>In der modernen Kieferorthop\u00e4die unternimmt man die Behandlung der gest\u00f6rten Z\u00e4hne- und Kieferlagen nach dem Auswachsen von bleibenden Z\u00e4hnen (zwischen dem zehnten und dreizehnten Lebensjahr) mit festen orthodontischen Ger\u00e4ten. Das sind orthodontische Vorrichtungen, die der Kieferorthop\u00e4de mittels adh\u00e4siver Technik auf die Z\u00e4hne bringt. Sie besteht aus Brackets (Klammern) und Dr\u00e4hten, die alle Z\u00e4hne verbinden.<\/p>\n<p>Die festen orthodontischen Ger\u00e4te k\u00f6nnen im Bezug auf das verwendete Material wie folgt sein:<\/p>\n<p>&#8211; metallen,<br \/>\n&#8211; \u00e4sthetisch (kompositen, keramisch, saphiren).<\/p>\n<p>Im Bezug auf das funktionierende Mechanismus, d.h. wie der Draht in den Brackets verbunden ist, unterscheiden wir:<\/p>\n<p>&#8211; konventionelle (bindende; der Draht wird in den Brackets mit Draht oder mit Gummiring befestigt);<br \/>\n&#8211; selbstbindende &#8211; selbstligierende (die Brackets sind mit einem Selbstbefestigungsmechanismus versehen, der den Draht selbst festbindet).<\/p>\n<p><strong>Vorteile der selbstligierenden Brackets sind:\u00a0<\/strong><\/p>\n<table border=\"0\" cellspacing=\"0\" cellpadding=\"0\">\n<tbody>\n<tr>\n<td>\u2022<\/td>\n<td>die Behandlungszeit wird erheblich gek\u00fcrzt (verminderte Reibung zwischen Draht und Brackets und deutlich kleinere Spannkr\u00e4fte)<\/td>\n<\/tr>\n<tr>\n<td>\u2022<\/td>\n<td>angenehmere Behandlung \u2013 ohne Schmerzen (wegen verminderter Reibung und kleinerer Spannkr\u00e4fte)<\/td>\n<\/tr>\n<tr>\n<td>\u2022<\/td>\n<td>deutlich seltenere Kontrolltermine<\/td>\n<\/tr>\n<tr>\n<td>\u2022<\/td>\n<td>leichtere Mundhygiene<\/td>\n<\/tr>\n<tr>\n<td>\u2022<\/td>\n<td>deutlich weniger Bedarf an Entfernung bleibender Z\u00e4hne, sogar bei starken Kompressionen (stark zusammengepressten Z\u00e4hnen).<\/td>\n<\/tr>\n<\/tbody>\n<\/table>\n<p>In unserer Poliklinik bedienen wir uns neben der klassischen, festen orthodontischen Therapie (metallen und \u00e4sthetisch) auch der modernsten Systeme der selbstligierenden Brackets und der extrem elastischen thermoaktiven Dr\u00e4hte (IN-OVATION, DAMON clear, QUICK, T1). Damit erleichtern wir dem Patienten das Tragen des Ger\u00e4tes und k\u00fcrzen die Behandlungszeit um die H\u00e4lfte, im Vergleich zu der konventionellen Therapie.<\/p>\n<p><strong>Linguale Technik\u00a0<\/strong><\/p>\n<p><a href=\"http:\/\/www.premiumdent.hr\/wp-content\/uploads\/2018\/02\/aparatic.jpg\"><img decoding=\"async\" class=\"size-full wp-image-742 alignright\" src=\"http:\/\/www.premiumdent.hr\/wp-content\/uploads\/2018\/02\/aparatic.jpg\" alt=\"\" width=\"375\" height=\"333\" srcset=\"https:\/\/www.premiumdent.hr\/wp-content\/uploads\/2018\/02\/aparatic-200x178.jpg 200w, https:\/\/www.premiumdent.hr\/wp-content\/uploads\/2018\/02\/aparatic-300x266.jpg 300w, https:\/\/www.premiumdent.hr\/wp-content\/uploads\/2018\/02\/aparatic.jpg 375w\" sizes=\"(max-width: 375px) 100vw, 375px\" \/><\/a>Die fortschrittliche Technologie hat die Ausfertigung von kleinen, abgerundeten, selbstligierenden Brackets erm\u00f6glicht, die auf die Innenseite der Z\u00e4hne angebracht werden und \u00a0eine Revolution in der festen orthodontischen Behandlung darstellen.<\/p>\n<p><strong>Vorteile im Vergleich zu labialer Technik:<\/strong><\/p>\n<table border=\"0\" cellspacing=\"0\" cellpadding=\"0\">\n<tbody>\n<tr>\n<td>\u2022<\/td>\n<td>nicht sichtbar (weil an der Innenseite der Z\u00e4hne angebracht)<\/td>\n<\/tr>\n<tr>\n<td>\u2022<\/td>\n<td>deutlich wirksamer (die Brackets liegen dem Zentrum der Zahndrehung n\u00e4her) und damit die Behandlungszeit k\u00fcrzer (in 3 bis 6 Monaten)<\/td>\n<\/tr>\n<tr>\n<td>\u2022<\/td>\n<td>angenehmer f\u00fcr den Patienten (die abgerundeten, kleinen Brackets irritieren die Zunge nicht)<\/td>\n<\/tr>\n<tr>\n<td>\u2022<\/td>\n<td>leichte Reinigung (von Speicheldr\u00fcsen erreichbar)<\/td>\n<\/tr>\n<\/tbody>\n<\/table>\n<p>In unserer Poliklinik wenden wir die fortschrittlichsten In-Ovation L linguale Brackets an, die an alle Z\u00e4hne bogenweise oder nur an die ersten sechs Vorderz\u00e4hne angebracht werden.<\/p>\n<\/div><div class=\"fusion-clearfix\"><\/div><\/div><\/div><\/div><\/div>\n","protected":false},"excerpt":{"rendered":"","protected":false},"author":1,"featured_media":0,"parent":748,"menu_order":0,"comment_status":"closed","ping_status":"closed","template":"","meta":[],"aioseo_notices":[],"_links":{"self":[{"href":"https:\/\/www.premiumdent.hr\/de\/wp-json\/wp\/v2\/pages\/750\/"}],"collection":[{"href":"https:\/\/www.premiumdent.hr\/de\/wp-json\/wp\/v2\/pages\/"}],"about":[{"href":"https:\/\/www.premiumdent.hr\/de\/wp-json\/wp\/v2\/types\/page\/"}],"author":[{"embeddable":true,"href":"https:\/\/www.premiumdent.hr\/de\/wp-json\/wp\/v2\/users\/1\/"}],"replies":[{"embeddable":true,"href":"https:\/\/www.premiumdent.hr\/de\/wp-json\/wp\/v2\/comments\/?post=750"}],"version-history":[{"count":3,"href":"https:\/\/www.premiumdent.hr\/de\/wp-json\/wp\/v2\/pages\/750\/revisions\/"}],"predecessor-version":[{"id":1510,"href":"https:\/\/www.premiumdent.hr\/de\/wp-json\/wp\/v2\/pages\/750\/revisions\/1510\/"}],"up":[{"embeddable":true,"href":"https:\/\/www.premiumdent.hr\/de\/wp-json\/wp\/v2\/pages\/748\/"}],"wp:attachment":[{"href":"https:\/\/www.premiumdent.hr\/de\/wp-json\/wp\/v2\/media\/?parent=750"}],"curies":[{"name":"wp","href":"https:\/\/api.w.org\/{rel}","templated":true}]}}