{"id":749,"date":"2018-02-25T20:20:15","date_gmt":"2018-02-25T19:20:15","guid":{"rendered":"http:\/\/www.premiumdent.hr\/?page_id=749"},"modified":"2018-07-03T05:56:59","modified_gmt":"2018-07-03T04:56:59","slug":"fruehzeitige-orthodontische-therapie","status":"publish","type":"page","link":"https:\/\/www.premiumdent.hr\/de\/stomatologie\/orthodontie-kieferorthopaedie\/fruehzeitige-orthodontische-therapie\/","title":{"rendered":"Fr\u00fchzeitige orthodontische Therapie"},"content":{"rendered":"<div class=\"fusion-fullwidth fullwidth-box fusion-builder-row-1 nonhundred-percent-fullwidth non-hundred-percent-height-scrolling\" style=\"background-color: rgba(255,255,255,0);background-position: center center;background-repeat: no-repeat;padding-top:5px;padding-right:0px;padding-bottom:5px;padding-left:0px;margin-bottom: 0px;margin-top: 0px;border-width: 0px 0px 0px 0px;border-color:#eae9e9;border-style:solid;\" ><div class=\"fusion-builder-row fusion-row\"><div class=\"fusion-layout-column fusion_builder_column fusion-builder-column-0 fusion_builder_column_1_1 1_1 fusion-one-full fusion-column-first fusion-column-last\" style=\"margin-top:0px;margin-bottom:0px;\"><div class=\"fusion-column-wrapper fusion-flex-column-wrapper-legacy\" style=\"background-position:left top;background-repeat:no-repeat;-webkit-background-size:cover;-moz-background-size:cover;-o-background-size:cover;background-size:cover;padding: 0px 0px 0px 0px;\"><div class=\"fusion-text fusion-text-1\"><p><strong>Erste Untersuchung beim Kieferorthop\u00e4den\u00a0<\/strong><\/p>\n<p>Den Kieferorthop\u00e4den sollte man bereits im siebenten Lebensjahr aufsuchen. In diesem Alter ist es m\u00f6glich, einige kleinere Unregelm\u00e4\u00dfigkeiten zu berichtigen und eventuelle k\u00fcnftigen vorzuahnen.<\/p>\n<p>Das Ziel einer fr\u00fchzeitigen Behandlung ist es, die Entwicklung von Anomalien zu verhindern, die zu einem gr\u00f6\u00dferen Problem wachsen k\u00f6nnten, das man sp\u00e4ter nur schwer l\u00f6sen kann. Mit einem Eingriff im fr\u00fchen Lebensalter kann man das sp\u00e4tere Ausziehen der bleibenden Z\u00e4hne vorbeugen und die Unregelm\u00e4\u00dfigkeiten (verkehrter Biss oder Kreuzbiss) berichtigen, die ein normales Wachsen und eine normale Entwicklung der Kiefer verhindern k\u00f6nnten. In diesem Alter helfen wir au\u00dferdem dem Kind, die unangenehmen Gewohnheiten, wie Finger- und Lippenlutschen, Mundatmung, infantiles Schlucken wegzulassen. Die Behandlung erfolgt mittels verschiedener Ger\u00e4te, abh\u00e4ngig vom vorhandenen Problem.<\/p>\n<p><strong>Erwachsene Patienten\u00a0<\/strong><\/p>\n<p>In der modernen Kieferorthop\u00e4die gibt es keine Altersgrenze f\u00fcr die Behandlung. Es gibt praktisch keinen wesentlichen Unterschied beim Schieben der Z\u00e4hne zwischen den Erwachsenen und den Kindern. Bei Erwachsenen erfolgt die Behandlung ausschlie\u00dflich mit festen Ger\u00e4ten. Da man bei Erwachsenen kein orthop\u00e4disches Schieben der Kiefer machen kann, kommt uns, besonders in den schwierigen F\u00e4llen, die orthodontische Chirurgie zur Hilfe.<\/p>\n<p><strong>Die Behandlung der Erwachsenen k\u00f6nnen wir in folgende Phasen unterteilen:\u00a0<\/strong><\/p>\n<table border=\"0\" cellspacing=\"0\" cellpadding=\"0\">\n<tbody>\n<tr>\n<td valign=\"top\">\u2022<\/td>\n<td>vorprothetische Orthodontie \u2013 da bringen wir die Z\u00e4hne in die bestm\u00f6gliche Lage, um bei der prothetischen Arbeit Erfolg zu haben. Wir schaffen uns genug Raum f\u00fcr Implantate oder schlie\u00dfen die durch die fehlenden Z\u00e4hne entstandenen L\u00fccken zu;<\/td>\n<\/tr>\n<tr>\n<td valign=\"top\">\u2022<\/td>\n<td>orthodontisch-chirurgische Therapie \u2013 die Vorbereitung des Patienten f\u00fcr die orthodontische Chirurgie (bei Progenie, maxillaren Prognathie, &#8230;);<\/td>\n<\/tr>\n<tr>\n<td valign=\"top\">\u2022<\/td>\n<td>Behandlung f\u00fcr die Vorbeugung der Parodontose oder die Heilung der bereits vorhandenen Erkrankung &#8211; wir schlie\u00dfen die Zahnl\u00fccken zu, dr\u00fccken die hervorgetretenen \u2013 protrudierten Z\u00e4hne zur\u00fcck, ziehen die zur\u00fcckgetretenen \u2013 retrudierten nach vorne, machen orthodontisch gef\u00fchrte Knochenregenerierung (durch das Schieben der Z\u00e4hne regenerieren wir und schaffen einen neuen Knochen auf den defekten Stellen);<\/td>\n<\/tr>\n<tr>\n<td valign=\"top\">\u2022<\/td>\n<td>Behandlung bei einer traumatischen Okklusion und einem beschleunigten Abrieb der Z\u00e4hne;<\/td>\n<\/tr>\n<tr>\n<td valign=\"top\">\u2022<\/td>\n<td>\u00e4sthetische Behandlung (neben \u00c4sthetik erzielen wir auch bessere Funktionsverh\u00e4ltnisse).<\/td>\n<\/tr>\n<\/tbody>\n<\/table>\n<p><strong>Spezialistische Untersuchung und Diagnostik\u00a0<\/strong><\/p>\n<p>Bei der ersten Sitzung beim Kieferspezialisten wird eine detaillierte Untersuchung und Analyse durchgef\u00fchrt und ein Abdruck f\u00fcr Studienmodelle gemacht. Aufgrund der Modellanalyse, Orthopantomogramms und der Teler\u00f6ntgenanalyse kann der Kieferorthop\u00e4de die richtige Diagnose \u00a0stellen und den k\u00fcnftigen Behandlungsplan festlegen. Es werden intraorale und extraorale Fotos gemacht, um sp\u00e4ter das Verh\u00e4ltnis zwischen Z\u00e4hnen und Kieferknochen sowie das \u00e4u\u00dfere Aussehen vor und nach der Behandlung vergleichen zu k\u00f6nnen.<\/p>\n<p><a href=\"http:\/\/www.premiumdent.hr\/wp-content\/uploads\/2018\/02\/in-ovation-m.jpg\"><img decoding=\"async\" class=\"size-full wp-image-740 aligncenter\" src=\"http:\/\/www.premiumdent.hr\/wp-content\/uploads\/2018\/02\/in-ovation-m.jpg\" alt=\"\" width=\"610\" height=\"155\" srcset=\"https:\/\/www.premiumdent.hr\/wp-content\/uploads\/2018\/02\/in-ovation-m-200x51.jpg 200w, https:\/\/www.premiumdent.hr\/wp-content\/uploads\/2018\/02\/in-ovation-m-300x76.jpg 300w, https:\/\/www.premiumdent.hr\/wp-content\/uploads\/2018\/02\/in-ovation-m-400x102.jpg 400w, https:\/\/www.premiumdent.hr\/wp-content\/uploads\/2018\/02\/in-ovation-m-600x152.jpg 600w, https:\/\/www.premiumdent.hr\/wp-content\/uploads\/2018\/02\/in-ovation-m.jpg 610w\" sizes=\"(max-width: 610px) 100vw, 610px\" \/><\/a><\/p>\n<\/div><div class=\"fusion-clearfix\"><\/div><\/div><\/div><\/div><\/div>\n","protected":false},"excerpt":{"rendered":"","protected":false},"author":1,"featured_media":0,"parent":748,"menu_order":0,"comment_status":"closed","ping_status":"closed","template":"","meta":[],"aioseo_notices":[],"_links":{"self":[{"href":"https:\/\/www.premiumdent.hr\/de\/wp-json\/wp\/v2\/pages\/749\/"}],"collection":[{"href":"https:\/\/www.premiumdent.hr\/de\/wp-json\/wp\/v2\/pages\/"}],"about":[{"href":"https:\/\/www.premiumdent.hr\/de\/wp-json\/wp\/v2\/types\/page\/"}],"author":[{"embeddable":true,"href":"https:\/\/www.premiumdent.hr\/de\/wp-json\/wp\/v2\/users\/1\/"}],"replies":[{"embeddable":true,"href":"https:\/\/www.premiumdent.hr\/de\/wp-json\/wp\/v2\/comments\/?post=749"}],"version-history":[{"count":3,"href":"https:\/\/www.premiumdent.hr\/de\/wp-json\/wp\/v2\/pages\/749\/revisions\/"}],"predecessor-version":[{"id":1509,"href":"https:\/\/www.premiumdent.hr\/de\/wp-json\/wp\/v2\/pages\/749\/revisions\/1509\/"}],"up":[{"embeddable":true,"href":"https:\/\/www.premiumdent.hr\/de\/wp-json\/wp\/v2\/pages\/748\/"}],"wp:attachment":[{"href":"https:\/\/www.premiumdent.hr\/de\/wp-json\/wp\/v2\/media\/?parent=749"}],"curies":[{"name":"wp","href":"https:\/\/api.w.org\/{rel}","templated":true}]}}