{"id":748,"date":"2018-02-25T20:18:43","date_gmt":"2018-02-25T19:18:43","guid":{"rendered":"http:\/\/www.premiumdent.hr\/?page_id=748"},"modified":"2018-07-03T05:41:22","modified_gmt":"2018-07-03T04:41:22","slug":"orthodontie-kieferorthopaedie","status":"publish","type":"page","link":"https:\/\/www.premiumdent.hr\/de\/stomatologie\/orthodontie-kieferorthopaedie\/","title":{"rendered":"Orthodontie (Kieferorthop\u00e4die)"},"content":{"rendered":"<div class=\"fusion-fullwidth fullwidth-box fusion-builder-row-1 nonhundred-percent-fullwidth non-hundred-percent-height-scrolling\" style=\"background-color: rgba(255,255,255,0);background-position: center center;background-repeat: no-repeat;padding-top:5px;padding-right:0px;padding-bottom:5px;padding-left:0px;margin-bottom: 0px;margin-top: 0px;border-width: 0px 0px 0px 0px;border-color:#eae9e9;border-style:solid;\" ><div class=\"fusion-builder-row fusion-row\"><div class=\"fusion-layout-column fusion_builder_column fusion-builder-column-0 fusion_builder_column_1_1 1_1 fusion-one-full fusion-column-first fusion-column-last\" style=\"margin-top:0px;margin-bottom:0px;\"><div class=\"fusion-column-wrapper fusion-flex-column-wrapper-legacy\" style=\"background-position:left top;background-repeat:no-repeat;-webkit-background-size:cover;-moz-background-size:cover;-o-background-size:cover;background-size:cover;padding: 0px 0px 0px 0px;\"><div class=\"fusion-text fusion-text-1\"><p><strong>Was ist Orthodontie?\u00a0<\/strong><\/p>\n<p>Das Wort kommt vom Griechischen orthos=richtig, einwandfrei und odontos=Zahn. Die Orthodontie, zu deutsch Kieferorthop\u00e4die, ist ein spezialistischer Zweig der Zahnheilung, der sich mit der Forschung vom Wachsen und von der Entwicklung der Kiefer, der Z\u00e4hne und der orofazialen Region als Ganzes, sowie mit der Forschung der Entwicklungsst\u00f6rungen, m\u00f6glichen Ursachen und deren Heilung befasst.<\/p>\n<p>Die Orthodontie umfasst die Diagnostik, die Vorbeugung und die Heilung der Malokklusien (Unregelm\u00e4\u00dfigkeiten in der Lage und im Verh\u00e4ltnis der Z\u00e4hne). Die orthodontische Therapie ist wichtig, nicht nur wegen des sch\u00f6nen L\u00e4chelns, obwohl ein gesundes und sch\u00f6nes L\u00e4cheln f\u00fcr einen modernen Menschen ein Imperativ ist und seinem Selbstbewusstsein erheblich beisteuert, sondern auch wegen des ganzen dentalen Systems. Die unregelm\u00e4\u00dfige Lage der Z\u00e4hne oder ein ung\u00fcnstiges Verh\u00e4ltnis zwischen ihnen und den Kieferknochen kann zu Problemen mit den Kiefergelenken und Kaumuskeln f\u00fchren. Die ungleiche Verteilung der Kaukr\u00e4fte f\u00fchrt au\u00dferdem zum ungleichen Abrieb der Z\u00e4hne und damit zur Besch\u00e4digung des ganzen Zahngef\u00fcges (Knochen, Zahnfleisch Ligamente). Die zusammengepressten Z\u00e4hne erschweren die Reinigung und tragen wesentlich zum Entstehen von Karies und parodontischen Erkrankungen bei.<\/p>\n<\/div><div class=\"fusion-clearfix\"><\/div><\/div><\/div><\/div><\/div>\n","protected":false},"excerpt":{"rendered":"","protected":false},"author":1,"featured_media":0,"parent":530,"menu_order":0,"comment_status":"closed","ping_status":"closed","template":"","meta":[],"aioseo_notices":[],"_links":{"self":[{"href":"https:\/\/www.premiumdent.hr\/de\/wp-json\/wp\/v2\/pages\/748\/"}],"collection":[{"href":"https:\/\/www.premiumdent.hr\/de\/wp-json\/wp\/v2\/pages\/"}],"about":[{"href":"https:\/\/www.premiumdent.hr\/de\/wp-json\/wp\/v2\/types\/page\/"}],"author":[{"embeddable":true,"href":"https:\/\/www.premiumdent.hr\/de\/wp-json\/wp\/v2\/users\/1\/"}],"replies":[{"embeddable":true,"href":"https:\/\/www.premiumdent.hr\/de\/wp-json\/wp\/v2\/comments\/?post=748"}],"version-history":[{"count":4,"href":"https:\/\/www.premiumdent.hr\/de\/wp-json\/wp\/v2\/pages\/748\/revisions\/"}],"predecessor-version":[{"id":1508,"href":"https:\/\/www.premiumdent.hr\/de\/wp-json\/wp\/v2\/pages\/748\/revisions\/1508\/"}],"up":[{"embeddable":true,"href":"https:\/\/www.premiumdent.hr\/de\/wp-json\/wp\/v2\/pages\/530\/"}],"wp:attachment":[{"href":"https:\/\/www.premiumdent.hr\/de\/wp-json\/wp\/v2\/media\/?parent=748"}],"curies":[{"name":"wp","href":"https:\/\/api.w.org\/{rel}","templated":true}]}}