{"id":747,"date":"2018-02-25T20:17:01","date_gmt":"2018-02-25T19:17:01","guid":{"rendered":"http:\/\/www.premiumdent.hr\/?page_id=747"},"modified":"2018-07-03T05:28:55","modified_gmt":"2018-07-03T04:28:55","slug":"oralchirurgie-mundhoehlenchirurgie-mit-implantologie","status":"publish","type":"page","link":"https:\/\/www.premiumdent.hr\/de\/stomatologie\/oralchirurgie-mundhoehlenchirurgie-mit-implantologie\/","title":{"rendered":"Oralchirurgie (Mundh\u00f6hlenchirurgie) mit Implantologie"},"content":{"rendered":"<div class=\"fusion-fullwidth fullwidth-box fusion-builder-row-1 nonhundred-percent-fullwidth non-hundred-percent-height-scrolling\" style=\"background-color: rgba(255,255,255,0);background-position: center center;background-repeat: no-repeat;padding-top:5px;padding-right:0px;padding-bottom:5px;padding-left:0px;margin-bottom: 0px;margin-top: 0px;border-width: 0px 0px 0px 0px;border-color:#eae9e9;border-style:solid;\" ><div class=\"fusion-builder-row fusion-row\"><div class=\"fusion-layout-column fusion_builder_column fusion-builder-column-0 fusion_builder_column_1_1 1_1 fusion-one-full fusion-column-first fusion-column-last\" style=\"margin-top:0px;margin-bottom:0px;\"><div class=\"fusion-column-wrapper fusion-flex-column-wrapper-legacy\" style=\"background-position:left top;background-repeat:no-repeat;-webkit-background-size:cover;-moz-background-size:cover;-o-background-size:cover;background-size:cover;padding: 0px 0px 0px 0px;\"><div class=\"fusion-text fusion-text-1\"><p>1. Apikotomie<br \/>\n2. Alveotomie<br \/>\n3. Kortikotomie<br \/>\n4. Chirurgisch-orthodontisches Ausziehen des Zahns<br \/>\n5. Implantologie<\/p>\n<p>Implantate sind k\u00fcnstliche Ersatzteile, die in den Kieferknochen eingebaut werden, um die nat\u00fcrlichen Zahnwurzeln zu ersetzen und als Tr\u00e4ger von Kronen, Br\u00fccken oder Prothesen zu dienen.<\/p>\n<p>Sie werden aus Titan gefertigt. Titan ist wegen seiner biologischen Neutralit\u00e4t g\u00fcnstig, was sehr wichtig ist, um vom Knochengewebe als eingebauter Fremdk\u00f6rper angenommen zu werden.<\/p>\n<p>Bereits das Ausfallen eines einzigen Zahns gef\u00e4hrdet das Funktionieren des ganzen Kausystems, von m\u00f6glicher dramatischer Beeintr\u00e4chtigung der \u00c4sthetik gar nicht zu reden. Das Implantat l\u00f6st beide Probleme g\u00fcnstig. Die traditionellen Verfahren verlangen, dass man den verlorenen Zahn durch das Schleifen der benachbarten Z\u00e4hne, durch das Anbringen einer Br\u00fccke oder einer Teil- bzw. ganzer Prothese ersetzt.<\/p>\n<p>Die moderne Stomatologie bietet neue L\u00f6sungen mit dem Einbau von Implantaten.<\/p>\n<p>Implantate bringen eine Mehrzahl von Vorteilen:<\/p>\n<table border=\"0\" cellspacing=\"0\" cellpadding=\"0\">\n<tbody>\n<tr>\n<td>\u2022<\/td>\n<td>die Zahnimplantate sehen aus, funktionieren und f\u00fchlen sich an wir Ihre eigenen nat\u00fcrlichen Z\u00e4hne<\/td>\n<\/tr>\n<tr>\n<td>\u2022<\/td>\n<td>die h\u00f6chste \u00c4sthetik und Funktionsf\u00e4higkeit<\/td>\n<\/tr>\n<tr>\n<td>\u2022<\/td>\n<td>das Ersetzen des verlorenen Zahns ohne Schleifen von Nachbarz\u00e4hnen<\/td>\n<\/tr>\n<tr>\n<td valign=\"top\">\u2022<\/td>\n<td>die integrierten Implantate stoppen den Resorptionsprozess des Knochens und des dadurch verursachten Sichzur\u00fcckziehen des Zahnfleisches, was Br\u00fccken und Prothesen nicht schaffen<\/td>\n<\/tr>\n<\/tbody>\n<\/table>\n<p>Der Einbau der Implantate erfolgt unter lokaler An\u00e4sthesie. Das Verfahren ist v\u00f6llig schmerzlos. Der Zugang ist zum jeden Patienten individuell, die Behandlung h\u00e4ngt von der R\u00f6ntgenaufnahme und vom Erhaltungszustand der Kieferknochen ab. Der Einbau der dentalen Implantate hat zum Ziel, die m\u00f6glichst nahe Ber\u00fchrung zwischen der \u00e4u\u00dferen Schicht des Implantats und des umgebenden Knochengewebes zu erzielen, sodass sie zusammen verwachsen k\u00f6nnen und \u00a0eine stabile Unterlage f\u00fcr neue Z\u00e4hne m\u00f6glich machen. Die Verwachsenszeit des Implantats im unteren Kieferknochen betr\u00e4gt \u00a02 bis 3, im oberen Kieferknochen 4 bis 6 Monate.<\/p>\n<p>Nach dieser Zeit wird das Implantat ge\u00f6ffnet und das Zahnfleisch mit einem speziellen Instrument geformt, sodass man ein nat\u00fcrliches Aussehen erzielt, &#8222;als ob der Zahn aus dem Knochen gewachsen w\u00e4re&#8220;. Dieser Prozess dauert 2 bis 4 Wochen, wonach man zur dauernden Ausfertigung \u00fcbergeht, die der Anbringung von Kronen an die nat\u00fcrlichen Z\u00e4hne \u00e4hnlich ist.<\/p>\n<\/div><div class=\"fusion-clearfix\"><\/div><\/div><\/div><\/div><\/div>\n","protected":false},"excerpt":{"rendered":"","protected":false},"author":1,"featured_media":0,"parent":530,"menu_order":0,"comment_status":"closed","ping_status":"closed","template":"","meta":[],"aioseo_notices":[],"_links":{"self":[{"href":"https:\/\/www.premiumdent.hr\/de\/wp-json\/wp\/v2\/pages\/747\/"}],"collection":[{"href":"https:\/\/www.premiumdent.hr\/de\/wp-json\/wp\/v2\/pages\/"}],"about":[{"href":"https:\/\/www.premiumdent.hr\/de\/wp-json\/wp\/v2\/types\/page\/"}],"author":[{"embeddable":true,"href":"https:\/\/www.premiumdent.hr\/de\/wp-json\/wp\/v2\/users\/1\/"}],"replies":[{"embeddable":true,"href":"https:\/\/www.premiumdent.hr\/de\/wp-json\/wp\/v2\/comments\/?post=747"}],"version-history":[{"count":3,"href":"https:\/\/www.premiumdent.hr\/de\/wp-json\/wp\/v2\/pages\/747\/revisions\/"}],"predecessor-version":[{"id":1506,"href":"https:\/\/www.premiumdent.hr\/de\/wp-json\/wp\/v2\/pages\/747\/revisions\/1506\/"}],"up":[{"embeddable":true,"href":"https:\/\/www.premiumdent.hr\/de\/wp-json\/wp\/v2\/pages\/530\/"}],"wp:attachment":[{"href":"https:\/\/www.premiumdent.hr\/de\/wp-json\/wp\/v2\/media\/?parent=747"}],"curies":[{"name":"wp","href":"https:\/\/api.w.org\/{rel}","templated":true}]}}