{"id":719,"date":"2018-02-25T19:47:18","date_gmt":"2018-02-25T18:47:18","guid":{"rendered":"http:\/\/www.premiumdent.hr\/?page_id=719"},"modified":"2018-07-03T05:25:17","modified_gmt":"2018-07-03T04:25:17","slug":"endodontie-heilung-des-zahninneren","status":"publish","type":"page","link":"https:\/\/www.premiumdent.hr\/de\/stomatologie\/endodontie-heilung-des-zahninneren\/","title":{"rendered":"Endodontie (Heilung des Zahninneren)"},"content":{"rendered":"<div class=\"fusion-fullwidth fullwidth-box fusion-builder-row-1 nonhundred-percent-fullwidth non-hundred-percent-height-scrolling\" style=\"background-color: rgba(255,255,255,0);background-position: center center;background-repeat: no-repeat;padding-top:5px;padding-right:0px;padding-bottom:5px;padding-left:0px;margin-bottom: 0px;margin-top: 0px;border-width: 0px 0px 0px 0px;border-color:#eae9e9;border-style:solid;\" ><div class=\"fusion-builder-row fusion-row\"><div class=\"fusion-layout-column fusion_builder_column fusion-builder-column-0 fusion_builder_column_1_1 1_1 fusion-one-full fusion-column-first fusion-column-last\" style=\"margin-top:0px;margin-bottom:0px;\"><div class=\"fusion-column-wrapper fusion-flex-column-wrapper-legacy\" style=\"background-position:left top;background-repeat:no-repeat;-webkit-background-size:cover;-moz-background-size:cover;-o-background-size:cover;background-size:cover;padding: 0px 0px 0px 0px;\"><div class=\"fusion-text fusion-text-1\"><p>Wegen Karies, Zahntrauma, tiefer Ausf\u00fcllungen oder \u00e4hnlich kommt es zur Entz\u00fcndung der Zahnpulpa (des Nervs), was oft mit sehr starken Schmerzen verbunden ist. Es kommt aber auch vor, dass man wegen der nur langsam voranschreitenden Infektion noch lange keine Schmerzen sp\u00fcrt. Bakterien schleichen sich jedoch durch die Zahnwurzelkan\u00e4le zum Knochen durch und verursachen dort Entz\u00fcndung (Abszess oder Granulom).<\/p>\n<\/div><div class=\"fusion-clearfix\"><\/div><\/div><\/div><div class=\"fusion-layout-column fusion_builder_column fusion-builder-column-1 fusion_builder_column_1_1 1_1 fusion-one-full fusion-column-first fusion-column-last\" style=\"margin-top:0px;margin-bottom:0px;\"><div class=\"fusion-column-wrapper fusion-flex-column-wrapper-legacy\" style=\"background-position:left top;background-repeat:no-repeat;-webkit-background-size:cover;-moz-background-size:cover;-o-background-size:cover;background-size:cover;padding: 0px 0px 0px 0px;\"><div class=\"fusion-slider-sc fusion-flexslider-loading flexslider flexslider-hover-type-zoomout\" data-slideshow_autoplay=\"1\" data-slideshow_smooth_height=\"1\" data-slideshow_speed=\"7000\" style=\"max-width:100%;height:100%;\"><ul class=\"slides\"><li class=\"image\"><span class=\"fusion-image-hover-element hover-type-zoomout\"><img decoding=\"async\" src=\"http:\/\/www.premiumdent.hr\/wp-content\/uploads\/2017\/12\/endondoncija2.jpg\" \/><\/span><\/li><li class=\"image\"><span class=\"fusion-image-hover-element hover-type-zoomout\"><img decoding=\"async\" src=\"http:\/\/www.premiumdent.hr\/wp-content\/uploads\/2017\/12\/endondoncija1.jpg\" \/><\/span><\/li><\/ul><\/div><div class=\"fusion-clearfix\"><\/div><\/div><\/div><div class=\"fusion-layout-column fusion_builder_column fusion-builder-column-2 fusion_builder_column_1_1 1_1 fusion-one-full fusion-column-first fusion-column-last\" style=\"margin-top:20px;margin-bottom:20px;\"><div class=\"fusion-column-wrapper fusion-flex-column-wrapper-legacy\" style=\"background-position:left top;background-repeat:no-repeat;-webkit-background-size:cover;-moz-background-size:cover;-o-background-size:cover;background-size:cover;padding: 0px 0px 0px 0px;\"><div class=\"fusion-text fusion-text-2\"><p>Wenn wir solche Situation betrachten, machen wir als erstes R\u00f6ntgenaufnahme. In solchen F\u00e4llen ist die endodontische Behandlung angesagt, die die weitere Ausbreitung der Infektion verhindern soll. Jeder weitere Schritt (Ausf\u00fcllung, Krone) ist dem Scheitern verurteilt, wenn die Heilung des Wurzelkanals nicht fachgem\u00e4\u00df durchgef\u00fchrt worden ist. Aus diesem Grunde \u00fcberpr\u00fcfen wir jede endodontische Behandlung mit RVG-Aufnahme.<\/p>\n<p>Der Eingriff verlangt ein v\u00f6llig steriles Umfeld. Das entz\u00fcndete Gewebe wird mit manuellen oder maschinellen Instrumenten entfernt. Die \u00a0 infizierten Kan\u00e4le sp\u00fclen wir mit daf\u00fcr vorgesehenem Desinfektionsmittel aus, trocknen die Eingriffstelle ab und f\u00fcllen sie mit dem bioinnerten Material aus.<\/p>\n<\/div><div class=\"fusion-clearfix\"><\/div><\/div><\/div><\/div><\/div>\n","protected":false},"excerpt":{"rendered":"","protected":false},"author":1,"featured_media":691,"parent":530,"menu_order":0,"comment_status":"closed","ping_status":"closed","template":"","meta":[],"aioseo_notices":[],"_links":{"self":[{"href":"https:\/\/www.premiumdent.hr\/de\/wp-json\/wp\/v2\/pages\/719\/"}],"collection":[{"href":"https:\/\/www.premiumdent.hr\/de\/wp-json\/wp\/v2\/pages\/"}],"about":[{"href":"https:\/\/www.premiumdent.hr\/de\/wp-json\/wp\/v2\/types\/page\/"}],"author":[{"embeddable":true,"href":"https:\/\/www.premiumdent.hr\/de\/wp-json\/wp\/v2\/users\/1\/"}],"replies":[{"embeddable":true,"href":"https:\/\/www.premiumdent.hr\/de\/wp-json\/wp\/v2\/comments\/?post=719"}],"version-history":[{"count":2,"href":"https:\/\/www.premiumdent.hr\/de\/wp-json\/wp\/v2\/pages\/719\/revisions\/"}],"predecessor-version":[{"id":723,"href":"https:\/\/www.premiumdent.hr\/de\/wp-json\/wp\/v2\/pages\/719\/revisions\/723\/"}],"up":[{"embeddable":true,"href":"https:\/\/www.premiumdent.hr\/de\/wp-json\/wp\/v2\/pages\/530\/"}],"wp:featuredmedia":[{"embeddable":true,"href":"https:\/\/www.premiumdent.hr\/de\/wp-json\/wp\/v2\/media\/691\/"}],"wp:attachment":[{"href":"https:\/\/www.premiumdent.hr\/de\/wp-json\/wp\/v2\/media\/?parent=719"}],"curies":[{"name":"wp","href":"https:\/\/api.w.org\/{rel}","templated":true}]}}