{"id":717,"date":"2018-02-25T19:51:47","date_gmt":"2018-02-25T18:51:47","guid":{"rendered":"http:\/\/www.premiumdent.hr\/?page_id=717"},"modified":"2018-07-03T05:38:14","modified_gmt":"2018-07-03T04:38:14","slug":"cad-cam-technologie","status":"publish","type":"page","link":"https:\/\/www.premiumdent.hr\/de\/stomatologie\/cad-cam-technologie\/","title":{"rendered":"CAD\/CAM Technologie"},"content":{"rendered":"<div class=\"fusion-fullwidth fullwidth-box fusion-builder-row-1 nonhundred-percent-fullwidth non-hundred-percent-height-scrolling\" style=\"background-color: rgba(255,255,255,0);background-position: center center;background-repeat: no-repeat;padding-top:5px;padding-right:0px;padding-bottom:5px;padding-left:0px;margin-bottom: 0px;margin-top: 0px;border-width: 0px 0px 0px 0px;border-color:#eae9e9;border-style:solid;\" ><div class=\"fusion-builder-row fusion-row\"><div class=\"fusion-layout-column fusion_builder_column fusion-builder-column-0 fusion_builder_column_1_1 1_1 fusion-one-full fusion-column-first fusion-column-last\" style=\"margin-top:0px;margin-bottom:0px;\"><div class=\"fusion-column-wrapper fusion-flex-column-wrapper-legacy\" style=\"background-position:left top;background-repeat:no-repeat;-webkit-background-size:cover;-moz-background-size:cover;-o-background-size:cover;background-size:cover;padding: 0px 0px 0px 0px;\"><div class=\"fusion-text fusion-text-1\"><p>CAD\/CAM Technologie stellt eins der besten Beispiele f\u00fcr die Entwicklung der modernen Technologien in der Stomatologie dar. Diese Spitzentechnologie mit dem vollen Namen Computer-Aided-Design\/Computer-Aided-Manufacture ist eine Computersimulation, die das Design und die Ausfertigung von prothetischen Ersatzteilen (in lays, onlays, Kronen, Br\u00fccken) m\u00f6glich macht.<\/p>\n<\/div><div class=\"fusion-text fusion-text-2\"><p>Mit Hilfe der CAD\/CAM Technologie kann der Zahnarzt Ihren Zahn mit biokompatiblem Material hervorragender Eigenschaften erneuern, das alle bisher bekannten Materiale \u00fcberragt und zwar innerhalb nur einer Sitzung. Die Ausfertigung des Ersatzteils selbst verl\u00e4uft schnell und einfach: mit der speziellen Kamera macht man einen DIGITALEN ABDRUCK DES ZAHNS. Die Daten werden danach rechnerisch bearbeitet und zum 3D Model des Ersatzteils f\u00fcr den abgelichteten Zahn umgesetzt. In der Endphase erfolgt die Ausfertigung des keramischen Ersatzteils in der Fr\u00e4smaschine, aus den \u00a0vorbereiteten keramischen Bl\u00f6cken, die in der Farbe und Nuance perfekt den \u00fcbrigen Z\u00e4hnen gleichen.<\/p>\n<\/div><style type=\"text\/css\"><\/style><div class=\"fusion-title title fusion-title-1 fusion-sep-none fusion-title-text fusion-title-size-three\" style=\"margin-top:10px;margin-right:0px;margin-bottom:21px;margin-left:0px;\"><h3 class=\"title-heading-left\" style=\"margin:0;\">VORTEILE:<\/h3><\/div><ul class=\"fusion-checklist fusion-checklist-1\" style=\"font-size:13px;line-height:22.1px;\"><li class=\"fusion-li-item\"><span style=\"background-color:#f5f5f5;font-size:11.44px;height:22.1px;width:22.1px;margin-right:9.1px;\" class=\"icon-wrapper circle-yes\"><i class=\"fusion-li-icon fa fa-check\" style=\"color:#7f006a;\" aria-hidden=\"true\"><\/i><\/span><div class=\"fusion-li-item-content\" style=\"margin-left:31.2px;\">\n<p>einfach (ohne Abdruckentnahme)<\/p>\n<\/div><\/li><li class=\"fusion-li-item\"><span style=\"background-color:#f5f5f5;font-size:11.44px;height:22.1px;width:22.1px;margin-right:9.1px;\" class=\"icon-wrapper circle-yes\"><i class=\"fusion-li-icon fa fa-check\" style=\"color:#7f006a;\" aria-hidden=\"true\"><\/i><\/span><div class=\"fusion-li-item-content\" style=\"margin-left:31.2px;\">\n<p>schnell (der Ersatzteil ist in 1-2 Stunden fertig)<\/p>\n<\/div><\/li><li class=\"fusion-li-item\"><span style=\"background-color:#f5f5f5;font-size:11.44px;height:22.1px;width:22.1px;margin-right:9.1px;\" class=\"icon-wrapper circle-yes\"><i class=\"fusion-li-icon fa fa-check\" style=\"color:#7f006a;\" aria-hidden=\"true\"><\/i><\/span><div class=\"fusion-li-item-content\" style=\"margin-left:31.2px;\">\n<p>hochwertig und pr\u00e4zise<\/p>\n<\/div><\/li><li class=\"fusion-li-item\"><span style=\"background-color:#f5f5f5;font-size:11.44px;height:22.1px;width:22.1px;margin-right:9.1px;\" class=\"icon-wrapper circle-yes\"><i class=\"fusion-li-icon fa fa-check\" style=\"color:#7f006a;\" aria-hidden=\"true\"><\/i><\/span><div class=\"fusion-li-item-content\" style=\"margin-left:31.2px;\">\n<p>keine Ausfertigung von provisorischen Kronen<\/p>\n<\/div><\/li><\/ul><div class=\"fusion-video fusion-youtube fusion-aligncenter\" style=\"max-width:600px;max-height:360px; width:100%\"><div class=\"video-shortcode\"><iframe title=\"YouTube video player 1\" src=\"https:\/\/www.youtube.com\/embed\/7qx92aIn9Y0?wmode=transparent&autoplay=0\" width=\"600\" height=\"360\" allowfullscreen allow=\"autoplay; fullscreen\"><\/iframe><\/div><\/div><div class=\"fusion-sep-clear\"><\/div><div class=\"fusion-separator fusion-full-width-sep\" style=\"margin-left: auto;margin-right: auto;margin-top:10px;width:100%;\"><div class=\"fusion-separator-border sep-shadow\" style=\"background:radial-gradient(ellipse at 50% -50% , #431f32 0px, rgba(255, 255, 255, 0) 80%) repeat scroll 0 0 rgba(0, 0, 0, 0);background:-webkit-radial-gradient(ellipse at 50% -50% , #431f32 0px, rgba(255, 255, 255, 0) 80%) repeat scroll 0 0 rgba(0, 0, 0, 0);background:-moz-radial-gradient(ellipse at 50% -50% , #431f32 0px, rgba(255, 255, 255, 0) 80%) repeat scroll 0 0 rgba(0, 0, 0, 0);background:-o-radial-gradient(ellipse at 50% -50% , #431f32 0px, rgba(255, 255, 255, 0) 80%) repeat scroll 0 0 rgba(0, 0, 0, 0);\"><\/div><\/div><div class=\"fusion-sep-clear\"><\/div><div class=\"fusion-clearfix\"><\/div><\/div><\/div><\/div><\/div>\n","protected":false},"excerpt":{"rendered":"","protected":false},"author":1,"featured_media":1034,"parent":530,"menu_order":0,"comment_status":"closed","ping_status":"closed","template":"","meta":[],"aioseo_notices":[],"_links":{"self":[{"href":"https:\/\/www.premiumdent.hr\/de\/wp-json\/wp\/v2\/pages\/717\/"}],"collection":[{"href":"https:\/\/www.premiumdent.hr\/de\/wp-json\/wp\/v2\/pages\/"}],"about":[{"href":"https:\/\/www.premiumdent.hr\/de\/wp-json\/wp\/v2\/types\/page\/"}],"author":[{"embeddable":true,"href":"https:\/\/www.premiumdent.hr\/de\/wp-json\/wp\/v2\/users\/1\/"}],"replies":[{"embeddable":true,"href":"https:\/\/www.premiumdent.hr\/de\/wp-json\/wp\/v2\/comments\/?post=717"}],"version-history":[{"count":2,"href":"https:\/\/www.premiumdent.hr\/de\/wp-json\/wp\/v2\/pages\/717\/revisions\/"}],"predecessor-version":[{"id":725,"href":"https:\/\/www.premiumdent.hr\/de\/wp-json\/wp\/v2\/pages\/717\/revisions\/725\/"}],"up":[{"embeddable":true,"href":"https:\/\/www.premiumdent.hr\/de\/wp-json\/wp\/v2\/pages\/530\/"}],"wp:featuredmedia":[{"embeddable":true,"href":"https:\/\/www.premiumdent.hr\/de\/wp-json\/wp\/v2\/media\/1034\/"}],"wp:attachment":[{"href":"https:\/\/www.premiumdent.hr\/de\/wp-json\/wp\/v2\/media\/?parent=717"}],"curies":[{"name":"wp","href":"https:\/\/api.w.org\/{rel}","templated":true}]}}