{"id":700,"date":"2018-02-25T19:28:42","date_gmt":"2018-02-25T18:28:42","guid":{"rendered":"http:\/\/www.premiumdent.hr\/?page_id=700"},"modified":"2018-07-03T05:52:04","modified_gmt":"2018-07-03T04:52:04","slug":"korrektive-eingriffe-an-der-gingiva","status":"publish","type":"page","link":"https:\/\/www.premiumdent.hr\/de\/stomatologie\/aesthetische-stomatologie\/korrektive-eingriffe-an-der-gingiva\/","title":{"rendered":"Korrektive Eingriffe an der Gingiva"},"content":{"rendered":"<div class=\"fusion-fullwidth fullwidth-box fusion-builder-row-1 nonhundred-percent-fullwidth non-hundred-percent-height-scrolling\" style=\"background-color: rgba(255,255,255,0);background-position: center center;background-repeat: no-repeat;padding-top:5px;padding-right:0px;padding-bottom:5px;padding-left:0px;margin-bottom: 0px;margin-top: 0px;border-width: 0px 0px 0px 0px;border-color:#eae9e9;border-style:solid;\" ><div class=\"fusion-builder-row fusion-row\"><div class=\"fusion-layout-column fusion_builder_column fusion-builder-column-0 fusion_builder_column_1_1 1_1 fusion-one-full fusion-column-first fusion-column-last\" style=\"margin-top:0px;margin-bottom:0px;\"><div class=\"fusion-column-wrapper fusion-flex-column-wrapper-legacy\" style=\"background-position:left top;background-repeat:no-repeat;-webkit-background-size:cover;-moz-background-size:cover;-o-background-size:cover;background-size:cover;padding: 0px 0px 0px 0px;\"><div class=\"fusion-text fusion-text-1\"><h2>(Gingivoplastik, Gingivektomie) \u2013 Schneiden von Zahnfleisch<\/h2>\n<h4>Was ist das?<\/h4>\n<p>Die Gingivektomie ist die chirurgische Entfernung von Zahnfleisch (Gingiva). Die Gingivoplastik schlie\u00dft die chirurgische Formgebung des gesunden, den Zahn umgebenden Zahnfleisches ein. Keines der beiden Verfahren sieht die Entfernung des Knochens vor.<\/p>\n<h4>Anwendung<\/h4>\n<p>Die Gingivektomie hatte man urspr\u00fcnglich bei der Behandlung der Parodontosekrankheiten angewandt. Heute dient sie auch als kosmetisch-chirurgische Technik. Das Zahnfleischgewebe entfernt man aus zwei Gr\u00fcnden:<\/p>\n<p>&#8211; in den Zahnzwischenr\u00e4umen bilden sich Taschen, wo sich Essensreste und Bakterien ansammeln und so erheblich die Mundh\u00f6hlenhygiene erschweren;<\/p>\n<p>&#8211; um den Zahn herum gibt es zu viel Zahnfleisch, die Zahnhygiene ist erschwert. In den schlimmsten F\u00e4llen macht es sogar Probleme beim Sprechen und beim Kauen.<\/p>\n<p>Durch Gingivoplastik gibt man dem Zahnfleisch seine nat\u00fcrliche Form. Mit diesem chirurgischen Eingriff korrigiert man die durch den genetischen Faktor verursachten Verformungen und Asymmetrie, er kann aber auch rein kosmetischen Zwecken dienen. Die Gingivoplastik macht man in meisten F\u00e4llen unabh\u00e4ngig von der Gingivektomie, sie kann aber auch vor oder nach der Gingivektomie angewendet werden.<\/p>\n<h4><em>Vorbereitung<\/em><\/h4>\n<p>Unmittelbar vor jedem der genannten Eingriffe belehrt der Zahnarzt den Patienten \u00fcber die Mundh\u00f6hlenhygiene nach der Operation. Vor dem Eingriff werden die Z\u00e4hne vom sich in den vorhandenen Taschen anhaftenden Zahnstein befreit.<\/p>\n<h4>Verfahren<\/h4>\n<p>Die Gingivektomie und die Gingivoplastik unternimmt man meistens mittels Skalpell, f\u00fcr beide k\u00f6nnen aber auch elektrochirurgische Instrumente wie Laser und\/oder Diamantbohrer verwendet werden. Der Zahnarzt kann auch andere, extra f\u00fcr die genannten chirurgischen Eingriffe gefertigten Instrumente verwenden.<\/p>\n<p>Vor der Operation gibt man dem Patienten lokale An\u00e4sthesie. Die Gingivektomie dauert normalerweise einige Minuten, abh\u00e4ngig davon, wie viel Zahnfleischgewebe man entfernen muss.<\/p>\n<h4><em>Nach der Operation<\/em><\/h4>\n<p>Nach der Gingivektomie und der Gingivoplastik werden dem Patienten auf das Zahnfleisch periodontale H\u00fcllen angebracht, die er sieben bis zehn Tage tragen soll. In dieser Zeit soll er gew\u00fcrzte und knusprige Nahrung meiden.<br \/>\nDer Zahnarzt kann auch, wenn n\u00f6tig, Medikamente f\u00fcr die Linderung der Schmerzen und f\u00fcr die Mundaussp\u00fclung sowie gelartige Pr\u00e4parate der Hyalurons\u00e4ure vorschreiben, die die Verheilung des Gewebes anregen werden.<\/p>\n<p>Es ist sehr wichtig, die Mundh\u00f6hle nach der Operation sauber zu halten, in den ersten Tagen nach dem Eingriff sollte man jedoch keine Zahnb\u00fcrste verwenden.<\/p>\n<\/div><div class=\"fusion-clearfix\"><\/div><\/div><\/div><\/div><\/div>\n","protected":false},"excerpt":{"rendered":"","protected":false},"author":1,"featured_media":0,"parent":696,"menu_order":0,"comment_status":"closed","ping_status":"closed","template":"","meta":[],"aioseo_notices":[],"_links":{"self":[{"href":"https:\/\/www.premiumdent.hr\/de\/wp-json\/wp\/v2\/pages\/700\/"}],"collection":[{"href":"https:\/\/www.premiumdent.hr\/de\/wp-json\/wp\/v2\/pages\/"}],"about":[{"href":"https:\/\/www.premiumdent.hr\/de\/wp-json\/wp\/v2\/types\/page\/"}],"author":[{"embeddable":true,"href":"https:\/\/www.premiumdent.hr\/de\/wp-json\/wp\/v2\/users\/1\/"}],"replies":[{"embeddable":true,"href":"https:\/\/www.premiumdent.hr\/de\/wp-json\/wp\/v2\/comments\/?post=700"}],"version-history":[{"count":2,"href":"https:\/\/www.premiumdent.hr\/de\/wp-json\/wp\/v2\/pages\/700\/revisions\/"}],"predecessor-version":[{"id":707,"href":"https:\/\/www.premiumdent.hr\/de\/wp-json\/wp\/v2\/pages\/700\/revisions\/707\/"}],"up":[{"embeddable":true,"href":"https:\/\/www.premiumdent.hr\/de\/wp-json\/wp\/v2\/pages\/696\/"}],"wp:attachment":[{"href":"https:\/\/www.premiumdent.hr\/de\/wp-json\/wp\/v2\/media\/?parent=700"}],"curies":[{"name":"wp","href":"https:\/\/api.w.org\/{rel}","templated":true}]}}