{"id":629,"date":"2018-02-25T18:50:25","date_gmt":"2018-02-25T17:50:25","guid":{"rendered":"http:\/\/www.premiumdent.hr\/?page_id=629"},"modified":"2018-07-02T21:39:56","modified_gmt":"2018-07-02T20:39:56","slug":"straffung-der-haut","status":"publish","type":"page","link":"https:\/\/www.premiumdent.hr\/de\/aesthetische-chirurgie-schoenheitschirurgie\/aesthetische-chirurgie-fuer-den-koerper\/straffung-der-haut\/","title":{"rendered":"Straffung der Haut"},"content":{"rendered":"<div class=\"fusion-fullwidth fullwidth-box fusion-builder-row-1 nonhundred-percent-fullwidth non-hundred-percent-height-scrolling\" style=\"background-color: rgba(255,255,255,0);background-position: center center;background-repeat: no-repeat;padding-top:5px;padding-right:0px;padding-bottom:5px;padding-left:0px;margin-bottom: 0px;margin-top: 0px;border-width: 0px 0px 0px 0px;border-color:#eae9e9;border-style:solid;\" ><div class=\"fusion-builder-row fusion-row\"><div class=\"fusion-layout-column fusion_builder_column fusion-builder-column-0 fusion_builder_column_1_1 1_1 fusion-one-full fusion-column-first fusion-column-last\" style=\"margin-top:0px;margin-bottom:0px;\"><div class=\"fusion-column-wrapper fusion-flex-column-wrapper-legacy\" style=\"background-position:left top;background-repeat:no-repeat;-webkit-background-size:cover;-moz-background-size:cover;-o-background-size:cover;background-size:cover;padding: 0px 0px 0px 0px;\"><div class=\"fusion-text fusion-text-1\"><p>Die Straffung der Haut ist ein operativer Eingriff, bei welchem die \u00fcbersch\u00fcssige Haut und das darunter liegende Fettgewebe entfernt werden. Beim extremen Haut\u00fcberschuss ist eine Operation leider unvermeidbar. Sie kann auch mit anderen Behandlungen kombiniert werden, um die bestm\u00f6glichen Resultate zu erzielen. Das Ziel ist es, die \u00fcbersch\u00fcssige Haut zu minimieren, die Haut, und damit auch den K\u00f6rper, umzuformen sowie das Aussehen und die Qualit\u00e4t der Haut zu verbessern. Die Straffung der Haut wird in folgenden Situationen vorgenommen:<\/p>\n<p>&#8211; nach der Schwangerschaft<br \/>\n&#8211; nach dem bedeutenden Verlust an K\u00f6rpergewicht, sowohl bei weiblichen als auch bei m\u00e4nnlichen Personen j\u00fcngeren und mittleren Alters<br \/>\n&#8211; bei \u00fcbersch\u00fcssiger Haut an den Oberarmen<br \/>\n&#8211; beim Altwerden<br \/>\n&#8211; beim Doppelkinn<br \/>\n&#8211; nach der Liposuktion<br \/>\n&#8211; bei Magerkeit<\/p>\n<p>Die Verheilungszeit dauert, abh\u00e4ngig von der Methode und von dem Eingriff, zwischen 3 und 10 Monate. Resultate sieht man nicht sofort nach der Behandlung, weil der Organismus eine Weile braucht, die entstandenen Besch\u00e4digungen zu heilen und das neue Gewebe zu schaffen. Mit dem Verlauf der Zeit werden die Resultate sichtbarer und vom Tag zu Tag besser.<\/p>\n<\/div><div class=\"fusion-clearfix\"><\/div><\/div><\/div><\/div><\/div>\n","protected":false},"excerpt":{"rendered":"","protected":false},"author":1,"featured_media":0,"parent":624,"menu_order":0,"comment_status":"closed","ping_status":"closed","template":"","meta":[],"aioseo_notices":[],"_links":{"self":[{"href":"https:\/\/www.premiumdent.hr\/de\/wp-json\/wp\/v2\/pages\/629\/"}],"collection":[{"href":"https:\/\/www.premiumdent.hr\/de\/wp-json\/wp\/v2\/pages\/"}],"about":[{"href":"https:\/\/www.premiumdent.hr\/de\/wp-json\/wp\/v2\/types\/page\/"}],"author":[{"embeddable":true,"href":"https:\/\/www.premiumdent.hr\/de\/wp-json\/wp\/v2\/users\/1\/"}],"replies":[{"embeddable":true,"href":"https:\/\/www.premiumdent.hr\/de\/wp-json\/wp\/v2\/comments\/?post=629"}],"version-history":[{"count":5,"href":"https:\/\/www.premiumdent.hr\/de\/wp-json\/wp\/v2\/pages\/629\/revisions\/"}],"predecessor-version":[{"id":1499,"href":"https:\/\/www.premiumdent.hr\/de\/wp-json\/wp\/v2\/pages\/629\/revisions\/1499\/"}],"up":[{"embeddable":true,"href":"https:\/\/www.premiumdent.hr\/de\/wp-json\/wp\/v2\/pages\/624\/"}],"wp:attachment":[{"href":"https:\/\/www.premiumdent.hr\/de\/wp-json\/wp\/v2\/media\/?parent=629"}],"curies":[{"name":"wp","href":"https:\/\/api.w.org\/{rel}","templated":true}]}}