{"id":625,"date":"2018-02-25T18:47:40","date_gmt":"2018-02-25T17:47:40","guid":{"rendered":"http:\/\/www.premiumdent.hr\/?page_id=625"},"modified":"2018-07-02T21:37:15","modified_gmt":"2018-07-02T20:37:15","slug":"abdominoplastik","status":"publish","type":"page","link":"https:\/\/www.premiumdent.hr\/de\/aesthetische-chirurgie-schoenheitschirurgie\/aesthetische-chirurgie-fuer-den-koerper\/abdominoplastik\/","title":{"rendered":"Abdominoplastik"},"content":{"rendered":"<div class=\"fusion-fullwidth fullwidth-box fusion-builder-row-1 nonhundred-percent-fullwidth non-hundred-percent-height-scrolling\" style=\"background-color: rgba(255,255,255,0);background-position: center center;background-repeat: no-repeat;padding-top:5px;padding-right:0px;padding-bottom:5px;padding-left:0px;margin-bottom: 0px;margin-top: 0px;border-width: 0px 0px 0px 0px;border-color:#eae9e9;border-style:solid;\" ><div class=\"fusion-builder-row fusion-row\"><div class=\"fusion-layout-column fusion_builder_column fusion-builder-column-0 fusion_builder_column_1_1 1_1 fusion-one-full fusion-column-first fusion-column-last\" style=\"margin-top:0px;margin-bottom:0px;\"><div class=\"fusion-column-wrapper fusion-flex-column-wrapper-legacy\" style=\"background-position:left top;background-repeat:no-repeat;-webkit-background-size:cover;-moz-background-size:cover;-o-background-size:cover;background-size:cover;padding: 0px 0px 0px 0px;\"><div class=\"fusion-text fusion-text-1\"><p>Der Eingriff, bei welchem man den \u00dcberschuss an Haut und Fettgewebe im Bauchbereich wirksam entfernt, nennt man Abdominoplastik oder Lipektomie, in englischer Version auch &#8222;tummy tuck&#8220;.<\/p>\n<p>Das Problem taucht meistens nach der Schwangerschaft und Entbindung bei Frauen auf oder nach einer starken Gewichtsabnahme bei beiden Geschlechtern j\u00fcngeren oder mittleren Lebensalters. Die \u00fcbersch\u00fcssige Haut im Bauchbereich kann man weder mit Gymnastik noch mit kosmetischen Behandlungen wegschaffen, in meisten F\u00e4llen auch mit der Liposuktion nicht, weil man da nur das Fettgewebe entfernt. Die Abdominoplastik wird auch an anderen K\u00f6rperteilen angewandt, wie z. B. im Gesicht und Doppelkinn bis hin zu den Oberschenkeln und Oberarmen. Auch bei Personen mit normalem K\u00f6rpergewicht, bei welchen mit den Jahren zum konstitutionell (genetisch) bedingten Haut\u00fcberschuss im Bauchbereich kommt, der wohl mengenm\u00e4\u00dfig nicht bedeutend, trotzdem aber figurst\u00f6rend ist, greift man zur Abdominoplastik zu.<\/p>\n<p>Die postoperative Verheilungszeit ist individuell, dauert aber in meisten F\u00e4llen zwei Wochen lang, wonach der Patient imstande ist, seinen privaten und professionellen Aktivit\u00e4ten zur\u00fcckzukehren. Die Resultate der Abdominoplastik sind verschieden und h\u00e4ngen von der Menge des entfernten Fettgewebes und von der Elastizit\u00e4t der Haut ab. Den endg\u00fcltigen Erfolg der Behandlung kann man erst nach der Abnahme des Korsetts bewerten.<\/p>\n<\/div><div class=\"fusion-clearfix\"><\/div><\/div><\/div><\/div><\/div>\n","protected":false},"excerpt":{"rendered":"","protected":false},"author":1,"featured_media":0,"parent":624,"menu_order":0,"comment_status":"closed","ping_status":"closed","template":"","meta":[],"aioseo_notices":[],"_links":{"self":[{"href":"https:\/\/www.premiumdent.hr\/de\/wp-json\/wp\/v2\/pages\/625\/"}],"collection":[{"href":"https:\/\/www.premiumdent.hr\/de\/wp-json\/wp\/v2\/pages\/"}],"about":[{"href":"https:\/\/www.premiumdent.hr\/de\/wp-json\/wp\/v2\/types\/page\/"}],"author":[{"embeddable":true,"href":"https:\/\/www.premiumdent.hr\/de\/wp-json\/wp\/v2\/users\/1\/"}],"replies":[{"embeddable":true,"href":"https:\/\/www.premiumdent.hr\/de\/wp-json\/wp\/v2\/comments\/?post=625"}],"version-history":[{"count":3,"href":"https:\/\/www.premiumdent.hr\/de\/wp-json\/wp\/v2\/pages\/625\/revisions\/"}],"predecessor-version":[{"id":1498,"href":"https:\/\/www.premiumdent.hr\/de\/wp-json\/wp\/v2\/pages\/625\/revisions\/1498\/"}],"up":[{"embeddable":true,"href":"https:\/\/www.premiumdent.hr\/de\/wp-json\/wp\/v2\/pages\/624\/"}],"wp:attachment":[{"href":"https:\/\/www.premiumdent.hr\/de\/wp-json\/wp\/v2\/media\/?parent=625"}],"curies":[{"name":"wp","href":"https:\/\/api.w.org\/{rel}","templated":true}]}}