{"id":586,"date":"2018-02-25T18:37:42","date_gmt":"2018-02-25T17:37:42","guid":{"rendered":"http:\/\/www.premiumdent.hr\/?page_id=586"},"modified":"2018-07-02T20:33:07","modified_gmt":"2018-07-02T19:33:07","slug":"korrektion-des-kinns","status":"publish","type":"page","link":"https:\/\/www.premiumdent.hr\/de\/aesthetische-chirurgie-schoenheitschirurgie\/aesthetische-gesichtschirurgie\/korrektion-des-kinns\/","title":{"rendered":"Korrektion des Kinns"},"content":{"rendered":"<div class=\"fusion-fullwidth fullwidth-box fusion-builder-row-1 nonhundred-percent-fullwidth non-hundred-percent-height-scrolling\" style=\"background-color: rgba(255,255,255,0);background-position: center center;background-repeat: no-repeat;padding-top:5px;padding-right:0px;padding-bottom:5px;padding-left:0px;margin-bottom: 0px;margin-top: 0px;border-width: 0px 0px 0px 0px;border-color:#eae9e9;border-style:solid;\" ><div class=\"fusion-builder-row fusion-row\"><div class=\"fusion-layout-column fusion_builder_column fusion-builder-column-0 fusion_builder_column_1_1 1_1 fusion-one-full fusion-column-first fusion-column-last\" style=\"margin-top:0px;margin-bottom:0px;\"><div class=\"fusion-column-wrapper fusion-flex-column-wrapper-legacy\" style=\"background-position:left top;background-repeat:no-repeat;-webkit-background-size:cover;-moz-background-size:cover;-o-background-size:cover;background-size:cover;padding: 0px 0px 0px 0px;\"><div class=\"fusion-text fusion-text-1\"><p>Mentoplastik stellt einen relativ einfachen \u00e4sthetischen, chirurgischen Eingriff dar, mit welchem man die Projektion im Bezug auf die Knochenl\u00e4nge \u00e4ndert. Das Kinn wird gek\u00fcrzt oder verl\u00e4ngert. Wenn n\u00f6tig, kommen Implantate zum Einsatz.<\/p>\n<p>Durch die \u00c4nderung der L\u00e4nge und der Form des Kinns erzielt man ein verbessertes Profil, eine bessere Harmonie des Gesichts und damit ein gest\u00e4rktes Selbstbewusstsein des Patienten.<\/p>\n<p>Die endg\u00fcltige Verheilung erwartet man nach einem Monat.<\/p>\n<\/div><div class=\"fusion-clearfix\"><\/div><\/div><\/div><\/div><\/div>\n","protected":false},"excerpt":{"rendered":"","protected":false},"author":1,"featured_media":0,"parent":581,"menu_order":0,"comment_status":"closed","ping_status":"closed","template":"","meta":[],"aioseo_notices":[],"_links":{"self":[{"href":"https:\/\/www.premiumdent.hr\/de\/wp-json\/wp\/v2\/pages\/586\/"}],"collection":[{"href":"https:\/\/www.premiumdent.hr\/de\/wp-json\/wp\/v2\/pages\/"}],"about":[{"href":"https:\/\/www.premiumdent.hr\/de\/wp-json\/wp\/v2\/types\/page\/"}],"author":[{"embeddable":true,"href":"https:\/\/www.premiumdent.hr\/de\/wp-json\/wp\/v2\/users\/1\/"}],"replies":[{"embeddable":true,"href":"https:\/\/www.premiumdent.hr\/de\/wp-json\/wp\/v2\/comments\/?post=586"}],"version-history":[{"count":3,"href":"https:\/\/www.premiumdent.hr\/de\/wp-json\/wp\/v2\/pages\/586\/revisions\/"}],"predecessor-version":[{"id":1477,"href":"https:\/\/www.premiumdent.hr\/de\/wp-json\/wp\/v2\/pages\/586\/revisions\/1477\/"}],"up":[{"embeddable":true,"href":"https:\/\/www.premiumdent.hr\/de\/wp-json\/wp\/v2\/pages\/581\/"}],"wp:attachment":[{"href":"https:\/\/www.premiumdent.hr\/de\/wp-json\/wp\/v2\/media\/?parent=586"}],"curies":[{"name":"wp","href":"https:\/\/api.w.org\/{rel}","templated":true}]}}