{"id":565,"date":"2018-02-25T18:31:33","date_gmt":"2018-02-25T17:31:33","guid":{"rendered":"http:\/\/www.premiumdent.hr\/?page_id=565"},"modified":"2018-07-02T20:53:20","modified_gmt":"2018-07-02T19:53:20","slug":"verkleinerung-der-brueste","status":"publish","type":"page","link":"https:\/\/www.premiumdent.hr\/de\/aesthetische-chirurgie-schoenheitschirurgie\/aesthetische-chirurgie-fuer-brueste\/verkleinerung-der-brueste\/","title":{"rendered":"Verkleinerung der Br\u00fcste"},"content":{"rendered":"<div class=\"fusion-fullwidth fullwidth-box fusion-builder-row-1 nonhundred-percent-fullwidth non-hundred-percent-height-scrolling\" style=\"background-color: rgba(255,255,255,0);background-position: center center;background-repeat: no-repeat;padding-top:5px;padding-right:0px;padding-bottom:5px;padding-left:0px;margin-bottom: 0px;margin-top: 0px;border-width: 0px 0px 0px 0px;border-color:#eae9e9;border-style:solid;\" ><div class=\"fusion-builder-row fusion-row\"><div class=\"fusion-layout-column fusion_builder_column fusion-builder-column-0 fusion_builder_column_1_1 1_1 fusion-one-full fusion-column-first fusion-column-last\" style=\"margin-top:0px;margin-bottom:0px;\"><div class=\"fusion-column-wrapper fusion-flex-column-wrapper-legacy\" style=\"background-position:left top;background-repeat:no-repeat;-webkit-background-size:cover;-moz-background-size:cover;-o-background-size:cover;background-size:cover;padding: 0px 0px 0px 0px;\"><div class=\"fusion-text fusion-text-1\"><p>Die reduktive Mastoplastik ist eine chirurgische Methode f\u00fcr die Verkleinerung der Br\u00fcste, die die Entfernung vom Fettgewebe, Dr\u00fcsengewebe und der Haut von der gro\u00dfen Brust vorsieht, um sie kleiner und fester zu machen. Gleichzeitig werden die Br\u00fcste gehoben.<\/p>\n<p>Die Brustverkleinerung unternimmt man bei Patientinnen, die wegen des zu gro\u00dfen Umfangs und des zu gro\u00dfen Gewichts der Br\u00fcste oder wegen ihrer Form leiden. Der wichtigste Anlass f\u00fcr so einen Eingriff liegt vor allem im medizinischen Grund, und das ist, die dauernde Invalidit\u00e4t wegen der gest\u00f6rten Statik der Wirbels\u00e4ule vorzubeugen. Die Patientinnen klagen in solchen F\u00e4llen \u00fcber R\u00fcckenschmerzen, Halsschmerzen, Kopfschmerzen oder das Schwitzen unter den Br\u00fcsten, was auf jeden Fall auf eine Notwendigkeit der entsprechenden Operation hindeutet.<\/p>\n<p>Wenn man die Anweisungen des Arztes bez\u00fcglich postoperativer Pflege befolgt hat, sollten alle Symptome oder Beschwerden nach etwa 6 Monaten verschwinden und das Endergebnis des Eingriffs deutlich sichtbar werden. Man erreicht auch wesentliche Verbesserung der Symptome, an welchen die Patientin wegen der zu gro\u00dfen Br\u00fcste fr\u00fcher gelitten hat.<\/p>\n<\/div><div class=\"fusion-clearfix\"><\/div><\/div><\/div><\/div><\/div>\n","protected":false},"excerpt":{"rendered":"","protected":false},"author":1,"featured_media":0,"parent":559,"menu_order":0,"comment_status":"closed","ping_status":"closed","template":"","meta":[],"aioseo_notices":[],"_links":{"self":[{"href":"https:\/\/www.premiumdent.hr\/de\/wp-json\/wp\/v2\/pages\/565\/"}],"collection":[{"href":"https:\/\/www.premiumdent.hr\/de\/wp-json\/wp\/v2\/pages\/"}],"about":[{"href":"https:\/\/www.premiumdent.hr\/de\/wp-json\/wp\/v2\/types\/page\/"}],"author":[{"embeddable":true,"href":"https:\/\/www.premiumdent.hr\/de\/wp-json\/wp\/v2\/users\/1\/"}],"replies":[{"embeddable":true,"href":"https:\/\/www.premiumdent.hr\/de\/wp-json\/wp\/v2\/comments\/?post=565"}],"version-history":[{"count":4,"href":"https:\/\/www.premiumdent.hr\/de\/wp-json\/wp\/v2\/pages\/565\/revisions\/"}],"predecessor-version":[{"id":1484,"href":"https:\/\/www.premiumdent.hr\/de\/wp-json\/wp\/v2\/pages\/565\/revisions\/1484\/"}],"up":[{"embeddable":true,"href":"https:\/\/www.premiumdent.hr\/de\/wp-json\/wp\/v2\/pages\/559\/"}],"wp:attachment":[{"href":"https:\/\/www.premiumdent.hr\/de\/wp-json\/wp\/v2\/media\/?parent=565"}],"curies":[{"name":"wp","href":"https:\/\/api.w.org\/{rel}","templated":true}]}}