{"id":562,"date":"2018-02-25T18:29:31","date_gmt":"2018-02-25T17:29:31","guid":{"rendered":"http:\/\/www.premiumdent.hr\/?page_id=562"},"modified":"2018-07-02T20:56:01","modified_gmt":"2018-07-02T19:56:01","slug":"heben-der-brueste","status":"publish","type":"page","link":"https:\/\/www.premiumdent.hr\/de\/aesthetische-chirurgie-schoenheitschirurgie\/aesthetische-chirurgie-fuer-brueste\/heben-der-brueste\/","title":{"rendered":"Heben der Br\u00fcste"},"content":{"rendered":"<div class=\"fusion-fullwidth fullwidth-box fusion-builder-row-1 nonhundred-percent-fullwidth non-hundred-percent-height-scrolling\" style=\"background-color: rgba(255,255,255,0);background-position: center center;background-repeat: no-repeat;padding-top:5px;padding-right:0px;padding-bottom:5px;padding-left:0px;margin-bottom: 0px;margin-top: 0px;border-width: 0px 0px 0px 0px;border-color:#eae9e9;border-style:solid;\" ><div class=\"fusion-builder-row fusion-row\"><div class=\"fusion-layout-column fusion_builder_column fusion-builder-column-0 fusion_builder_column_1_1 1_1 fusion-one-full fusion-column-first fusion-column-last\" style=\"margin-top:0px;margin-bottom:0px;\"><div class=\"fusion-column-wrapper fusion-flex-column-wrapper-legacy\" style=\"background-position:left top;background-repeat:no-repeat;-webkit-background-size:cover;-moz-background-size:cover;-o-background-size:cover;background-size:cover;padding: 0px 0px 0px 0px;\"><div class=\"fusion-text fusion-text-1\"><p>Die Mastopexie oder der Eingriff zum Heben der Br\u00fcste h\u00e4ngt vom H\u00e4ngegrad der Br\u00fcste ab, den der Sch\u00f6nheitschirurg auf Grund Sch\u00e4tzung der Situation beurteilt. W\u00e4hrend der Konsultationen wird jede Patientin sorgf\u00e4ltig untersucht und auf Grund klinischer Messungen \u00fcber die Vorschl\u00e4ge entsprechender L\u00f6sungen f\u00fcr ihr Problem detailliert informiert und beraten.<\/p>\n<p>Wenn nat\u00fcrliche Gegebenheiten wie Schwangerschaft, Stillen oder der normale Alterungsprozess die Festigkeit und die Elastizit\u00e4t der Br\u00fcste beeintr\u00e4chtigt haben, bietet die kosmetische Chirurgie das Heben der Br\u00fcste als M\u00f6glichkeit zur Festigung des Brustgewebes.<\/p>\n<p>Das Zur\u00fcckkehren zu den gesellschaftlichen Aktivit\u00e4ten ist zwei Wochen nach dem Eingriff m\u00f6glich, den physischen Anstrengungen sollte sich die Patientin am Anfang nur begrenzt aussetzen.<\/p>\n<\/div><div class=\"fusion-clearfix\"><\/div><\/div><\/div><\/div><\/div>\n","protected":false},"excerpt":{"rendered":"","protected":false},"author":1,"featured_media":0,"parent":559,"menu_order":0,"comment_status":"closed","ping_status":"closed","template":"","meta":[],"aioseo_notices":[],"_links":{"self":[{"href":"https:\/\/www.premiumdent.hr\/de\/wp-json\/wp\/v2\/pages\/562\/"}],"collection":[{"href":"https:\/\/www.premiumdent.hr\/de\/wp-json\/wp\/v2\/pages\/"}],"about":[{"href":"https:\/\/www.premiumdent.hr\/de\/wp-json\/wp\/v2\/types\/page\/"}],"author":[{"embeddable":true,"href":"https:\/\/www.premiumdent.hr\/de\/wp-json\/wp\/v2\/users\/1\/"}],"replies":[{"embeddable":true,"href":"https:\/\/www.premiumdent.hr\/de\/wp-json\/wp\/v2\/comments\/?post=562"}],"version-history":[{"count":3,"href":"https:\/\/www.premiumdent.hr\/de\/wp-json\/wp\/v2\/pages\/562\/revisions\/"}],"predecessor-version":[{"id":1485,"href":"https:\/\/www.premiumdent.hr\/de\/wp-json\/wp\/v2\/pages\/562\/revisions\/1485\/"}],"up":[{"embeddable":true,"href":"https:\/\/www.premiumdent.hr\/de\/wp-json\/wp\/v2\/pages\/559\/"}],"wp:attachment":[{"href":"https:\/\/www.premiumdent.hr\/de\/wp-json\/wp\/v2\/media\/?parent=562"}],"curies":[{"name":"wp","href":"https:\/\/api.w.org\/{rel}","templated":true}]}}