{"id":523,"date":"2018-02-13T11:10:09","date_gmt":"2018-02-13T10:10:09","guid":{"rendered":"http:\/\/www.premiumdent.hr\/?page_id=523"},"modified":"2018-02-13T11:10:09","modified_gmt":"2018-02-13T10:10:09","slug":"ueber-uns","status":"publish","type":"page","link":"https:\/\/www.premiumdent.hr\/de\/ueber-uns\/","title":{"rendered":"\u00dcber uns"},"content":{"rendered":"<div class=\"fusion-fullwidth fullwidth-box fusion-builder-row-1 nonhundred-percent-fullwidth non-hundred-percent-height-scrolling\" style=\"background-color: rgba(255,255,255,0);background-position: center center;background-repeat: no-repeat;padding-top:5px;padding-right:0px;padding-bottom:5px;padding-left:0px;margin-bottom: 0px;margin-top: 0px;border-width: 0px 0px 0px 0px;border-color:#eae9e9;border-style:solid;\" ><div class=\"fusion-builder-row fusion-row\"><div class=\"fusion-layout-column fusion_builder_column fusion-builder-column-0 fusion_builder_column_1_2 1_2 fusion-one-half fusion-column-first\" style=\"width:48%; margin-right: 4%;margin-top:0px;margin-bottom:0px;\"><div class=\"fusion-column-wrapper fusion-flex-column-wrapper-legacy\" style=\"background-position:left top;background-repeat:no-repeat;-webkit-background-size:cover;-moz-background-size:cover;-o-background-size:cover;background-size:cover;padding: 0px 0px 0px 0px;\"><div class=\"imageframe-align-center\"><span class=\" fusion-imageframe imageframe-none imageframe-1 hover-type-zoomin\"><a href=\"http:\/\/www.premiumdent.hr\/wp-content\/uploads\/2017\/12\/premium-dent-tim-1200x800.jpg\" class=\"fusion-lightbox\" data-rel=\"iLightbox[7c61086bc8acb07ca78]\" data-title=\"premium-dent-tim\" title=\"premium-dent-tim\"><img decoding=\"async\" width=\"1200\" height=\"800\" alt=\"Tim poliklinike Premium Dent\" src=\"http:\/\/www.premiumdent.hr\/wp-content\/uploads\/2017\/12\/premium-dent-tim-1200x800.jpg\" class=\"img-responsive wp-image-902\" srcset=\"https:\/\/www.premiumdent.hr\/wp-content\/uploads\/2017\/12\/premium-dent-tim-200x133.jpg 200w, https:\/\/www.premiumdent.hr\/wp-content\/uploads\/2017\/12\/premium-dent-tim-400x267.jpg 400w, https:\/\/www.premiumdent.hr\/wp-content\/uploads\/2017\/12\/premium-dent-tim-600x400.jpg 600w, https:\/\/www.premiumdent.hr\/wp-content\/uploads\/2017\/12\/premium-dent-tim-800x533.jpg 800w, https:\/\/www.premiumdent.hr\/wp-content\/uploads\/2017\/12\/premium-dent-tim.jpg 1200w\" sizes=\"(max-width: 800px) 100vw, 600px\" \/><\/a><\/span><\/div><div class=\"fusion-clearfix\"><\/div><\/div><\/div><div class=\"fusion-layout-column fusion_builder_column fusion-builder-column-1 fusion_builder_column_1_2 1_2 fusion-one-half fusion-column-last\" style=\"width:48%;margin-top:20px;margin-bottom:20px;\"><div class=\"fusion-column-wrapper fusion-flex-column-wrapper-legacy\" style=\"background-position:left top;background-repeat:no-repeat;-webkit-background-size:cover;-moz-background-size:cover;-o-background-size:cover;background-size:cover;padding: 0px 0px 0px 0px;\"><style type=\"text\/css\"><\/style><div class=\"fusion-title title fusion-title-1 fusion-sep-none fusion-title-text fusion-title-size-two\" style=\"margin-top:10px;margin-right:0px;margin-bottom:21px;margin-left:0px;\"><h2 class=\"title-heading-left\" style=\"margin:0;\"><strong>PRE<\/strong><strong>MIUM DENT<\/strong><\/h2><\/div><div class=\"fusion-text fusion-text-1\"><p><strong>PREMIUM DENT<\/strong>\u00a0ist eine Poliklinik f\u00fcr die \u00e4sthetische Stomatologie, f\u00fcr die \u00e4sthetische Chirurgie und f\u00fcr die Behandlung von Blutgef\u00e4\u00dfen. Sie befindet sich in Zagreb, dem Hotel &#8222;Westin&#8220; gegen\u00fcber, mitten im Zentrum der Stadt. Die Poliklinik ist nach den modernen Standarden des Designs gestaltet und technologisch mit neuester und modernster Ausr\u00fcstung ausgestattet.<\/p>\n<p><strong>Im Fokus unserer T\u00e4tigkeiten stehen Fachkompetenz, Qualit\u00e4t und Sch\u00f6nheit.<\/strong><\/p>\n<\/div><div class=\"fusion-clearfix\"><\/div><\/div><\/div><div class=\"fusion-layout-column fusion_builder_column fusion-builder-column-2 fusion_builder_column_1_2 1_2 fusion-one-half fusion-column-first\" style=\"width:50%;width:calc(50% - ( ( 4% ) * 0.5 ) );margin-right: 4%;margin-top:20px;margin-bottom:20px;\"><div class=\"fusion-column-wrapper fusion-flex-column-wrapper-legacy\" style=\"background-position:left top;background-repeat:no-repeat;-webkit-background-size:cover;-moz-background-size:cover;-o-background-size:cover;background-size:cover;padding: 0px 0px 0px 0px;\"><style type=\"text\/css\"><\/style><div class=\"fusion-title title fusion-title-2 fusion-sep-none fusion-title-text fusion-title-size-three\" style=\"margin-top:10px;margin-right:0px;margin-bottom:21px;margin-left:0px;\"><h3 class=\"title-heading-left\" style=\"margin:0;\">Der dentalen Medizin und der medizinischen Chirurgie<\/h3><\/div><div class=\"fusion-text fusion-text-2\"><p>In der Poliklinik sind mehrere Spitzenspezialisten aus allen Zweigen:<\/p>\n<\/div><div class=\"fusion-builder-row fusion-builder-row-inner fusion-row\"><div class=\"fusion-layout-column fusion_builder_column_inner fusion-builder-nested-column-0 fusion_builder_column_inner_1_2 1_2 fusion-one-half fusion-column-first\" style=\"width:50%;width:calc(50% - ( ( 4% ) * 0.5 ) );margin-right: 4%;margin-top:20px;margin-bottom:20px;\"><div class=\"fusion-column-wrapper fusion-flex-column-wrapper-legacy\" style=\"background-position:left top;background-repeat:no-repeat;-webkit-background-size:cover;-moz-background-size:cover;-o-background-size:cover;background-size:cover;padding: 0px 0px 0px 0px;\"><div class=\"fusion-text fusion-text-3\"><h3>der dentalen Medizin<\/h3>\n<ul>\n<li>Prothetiker<\/li>\n<li>Kieferorthop\u00e4de<\/li>\n<li>Oralchirurg-Implantologe<\/li>\n<li>Parodontologe<\/li>\n<\/ul>\n<\/div><div class=\"fusion-clearfix\"><\/div><\/div><\/div><div class=\"fusion-layout-column fusion_builder_column_inner fusion-builder-nested-column-1 fusion_builder_column_inner_1_2 1_2 fusion-one-half fusion-column-last\" style=\"width:50%;width:calc(50% - ( ( 4% ) * 0.5 ) );margin-top:20px;margin-bottom:20px;\"><div class=\"fusion-column-wrapper fusion-flex-column-wrapper-legacy\" style=\"background-position:left top;background-repeat:no-repeat;-webkit-background-size:cover;-moz-background-size:cover;-o-background-size:cover;background-size:cover;padding: 0px 0px 0px 0px;\"><div class=\"fusion-text fusion-text-4\"><h3>der medizinischen Chirurgie<\/h3>\n<ul>\n<li>Sch\u00f6nheitschirurgie<\/li>\n<li>Vaskularchirurgie<\/li>\n<\/ul>\n<\/div><div class=\"fusion-clearfix\"><\/div><\/div><\/div><\/div><div class=\"fusion-clearfix\"><\/div><\/div><\/div><div class=\"fusion-layout-column fusion_builder_column fusion-builder-column-3 fusion_builder_column_1_2 1_2 fusion-one-half fusion-column-last\" style=\"width:50%;width:calc(50% - ( ( 4% ) * 0.5 ) );margin-top:20px;margin-bottom:20px;\"><div class=\"fusion-column-wrapper fusion-flex-column-wrapper-legacy\" style=\"background-position:left top;background-repeat:no-repeat;-webkit-background-size:cover;-moz-background-size:cover;-o-background-size:cover;background-size:cover;padding: 0px 0px 0px 0px;\"><div class=\"fusion-text fusion-text-5\"><p>Im angenehmen Ambiente der Poliklinik steht Ihnen das Team erstklassiger Fachspezialisten und das professionell eduzierte Personal zur Verf\u00fcgung, alle dem Patienten gewidmet.<\/p>\n<p>Die N\u00e4he des Hotels &#8222;Westin&#8220; macht unser Angebot von Dienstleistungen auch an Patienten aus anderen europ\u00e4ischen L\u00e4ndern m\u00f6glich, vor allem an Touristen und Hotelg\u00e4ste.<\/p>\n<\/div><div class=\"fusion-clearfix\"><\/div><\/div><\/div><div class=\"fusion-layout-column fusion_builder_column fusion-builder-column-4 fusion_builder_column_1_1 1_1 fusion-one-full fusion-column-first fusion-column-last\" style=\"margin-top:20px;margin-bottom:20px;\"><div class=\"fusion-column-wrapper fusion-flex-column-wrapper-legacy\" style=\"background-position:left top;background-repeat:no-repeat;-webkit-background-size:cover;-moz-background-size:cover;-o-background-size:cover;background-size:cover;padding: 0px 0px 0px 0px;\"><div class=\"fusion-image-carousel fusion-image-carousel-auto lightbox-enabled fusion-carousel-border\"><div class=\"fusion-carousel\" data-autoplay=\"no\" data-columns=\"3\" data-itemmargin=\"10\" data-itemwidth=\"180\" data-touchscroll=\"no\" data-imagesize=\"auto\"><div class=\"fusion-carousel-positioner\"><ul class=\"fusion-carousel-holder\"><li class=\"fusion-carousel-item\"><div class=\"fusion-carousel-item-wrapper\"><div class=\"fusion-image-wrapper hover-type-none\"><a data-rel=\"iLightbox[image_carousel_1]\" href=\"http:\/\/www.premiumdent.hr\/wp-content\/uploads\/2018\/01\/Poliklinika-Premium-Dent-Zagreb-1.jpg\" target=\"_self\"><img src=\"http:\/\/www.premiumdent.hr\/wp-content\/uploads\/2018\/01\/Poliklinika-Premium-Dent-Zagreb-1.jpg\" alt=\"\"\/><\/a><\/div><\/div><\/li><li class=\"fusion-carousel-item\"><div class=\"fusion-carousel-item-wrapper\"><div class=\"fusion-image-wrapper hover-type-none\"><a data-rel=\"iLightbox[image_carousel_1]\" href=\"http:\/\/www.premiumdent.hr\/wp-content\/uploads\/2018\/01\/Poliklinika-Premium-Dent-Zagreb-2.jpg\" target=\"_self\"><img src=\"http:\/\/www.premiumdent.hr\/wp-content\/uploads\/2018\/01\/Poliklinika-Premium-Dent-Zagreb-2.jpg\" alt=\"\"\/><\/a><\/div><\/div><\/li><li class=\"fusion-carousel-item\"><div class=\"fusion-carousel-item-wrapper\"><div class=\"fusion-image-wrapper hover-type-none\"><a data-rel=\"iLightbox[image_carousel_1]\" href=\"http:\/\/www.premiumdent.hr\/wp-content\/uploads\/2018\/01\/Poliklinika-Premium-Dent-Zagreb-3.jpg\" target=\"_self\"><img src=\"http:\/\/www.premiumdent.hr\/wp-content\/uploads\/2018\/01\/Poliklinika-Premium-Dent-Zagreb-3.jpg\" alt=\"\"\/><\/a><\/div><\/div><\/li><li class=\"fusion-carousel-item\"><div class=\"fusion-carousel-item-wrapper\"><div class=\"fusion-image-wrapper hover-type-none\"><a data-rel=\"iLightbox[image_carousel_1]\" href=\"http:\/\/www.premiumdent.hr\/wp-content\/uploads\/2018\/01\/Poliklinika-Premium-Dent-Zagreb-4.jpg\" target=\"_self\"><img src=\"http:\/\/www.premiumdent.hr\/wp-content\/uploads\/2018\/01\/Poliklinika-Premium-Dent-Zagreb-4.jpg\" alt=\"\"\/><\/a><\/div><\/div><\/li><li class=\"fusion-carousel-item\"><div class=\"fusion-carousel-item-wrapper\"><div class=\"fusion-image-wrapper hover-type-none\"><a data-rel=\"iLightbox[image_carousel_1]\" href=\"http:\/\/www.premiumdent.hr\/wp-content\/uploads\/2018\/01\/Poliklinika-Premium-Dent-Zagreb-5.jpg\" target=\"_self\"><img src=\"http:\/\/www.premiumdent.hr\/wp-content\/uploads\/2018\/01\/Poliklinika-Premium-Dent-Zagreb-5.jpg\" alt=\"\"\/><\/a><\/div><\/div><\/li><li class=\"fusion-carousel-item\"><div class=\"fusion-carousel-item-wrapper\"><div class=\"fusion-image-wrapper hover-type-none\"><a data-rel=\"iLightbox[image_carousel_1]\" href=\"http:\/\/www.premiumdent.hr\/wp-content\/uploads\/2018\/01\/Poliklinika-Premium-Dent-Zagreb-6.jpg\" target=\"_self\"><img src=\"http:\/\/www.premiumdent.hr\/wp-content\/uploads\/2018\/01\/Poliklinika-Premium-Dent-Zagreb-6.jpg\" alt=\"\"\/><\/a><\/div><\/div><\/li><li class=\"fusion-carousel-item\"><div class=\"fusion-carousel-item-wrapper\"><div class=\"fusion-image-wrapper hover-type-none\"><a data-rel=\"iLightbox[image_carousel_1]\" href=\"http:\/\/www.premiumdent.hr\/wp-content\/uploads\/2018\/01\/Poliklinika-Premium-Dent-Zagreb-7.jpg\" target=\"_self\"><img src=\"http:\/\/www.premiumdent.hr\/wp-content\/uploads\/2018\/01\/Poliklinika-Premium-Dent-Zagreb-7.jpg\" alt=\"\"\/><\/a><\/div><\/div><\/li><\/ul><div class=\"fusion-carousel-nav\"><span class=\"fusion-nav-prev\"><\/span><span class=\"fusion-nav-next\"><\/span><\/div><\/div><\/div><\/div><div class=\"fusion-clearfix\"><\/div><\/div><\/div><\/div><\/div>\n","protected":false},"excerpt":{"rendered":"","protected":false},"author":1,"featured_media":0,"parent":0,"menu_order":0,"comment_status":"closed","ping_status":"closed","template":"","meta":[],"aioseo_notices":[],"_links":{"self":[{"href":"https:\/\/www.premiumdent.hr\/de\/wp-json\/wp\/v2\/pages\/523\/"}],"collection":[{"href":"https:\/\/www.premiumdent.hr\/de\/wp-json\/wp\/v2\/pages\/"}],"about":[{"href":"https:\/\/www.premiumdent.hr\/de\/wp-json\/wp\/v2\/types\/page\/"}],"author":[{"embeddable":true,"href":"https:\/\/www.premiumdent.hr\/de\/wp-json\/wp\/v2\/users\/1\/"}],"replies":[{"embeddable":true,"href":"https:\/\/www.premiumdent.hr\/de\/wp-json\/wp\/v2\/comments\/?post=523"}],"version-history":[{"count":3,"href":"https:\/\/www.premiumdent.hr\/de\/wp-json\/wp\/v2\/pages\/523\/revisions\/"}],"predecessor-version":[{"id":526,"href":"https:\/\/www.premiumdent.hr\/de\/wp-json\/wp\/v2\/pages\/523\/revisions\/526\/"}],"wp:attachment":[{"href":"https:\/\/www.premiumdent.hr\/de\/wp-json\/wp\/v2\/media\/?parent=523"}],"curies":[{"name":"wp","href":"https:\/\/api.w.org\/{rel}","templated":true}]}}